{"id":1315593,"date":"2026-04-09T03:38:59","date_gmt":"2026-04-09T02:38:59","guid":{"rendered":"https:\/\/hoogeveenplants.nl\/p\/carex-brunnea-variegata\/"},"modified":"2026-04-09T03:50:36","modified_gmt":"2026-04-09T02:50:36","slug":"carex-brunnea-variegata","status":"publish","type":"product","link":"https:\/\/hoogeveenplants.nl\/de\/p\/carex-brunnea-variegata\/","title":{"rendered":"Carex brunnea &#8218;Variegata&#8216;"},"content":{"rendered":"<p>Carex morrowii &#8218;Variegata&#8216;, auch als Seegras bekannt, ist ein kr\u00e4ftiges und immergr\u00fcnes Ziergras, das sich hervorragend als Bodendecker oder in einem Pflanzgef\u00e4\u00df eignet. Die schr\u00e4gen Bl\u00e4tter sind in der Mitte gr\u00fcn und an den R\u00e4ndern cremewei\u00df. Diese Gartenpflanze f\u00fchlt sich sowohl in der Sonne als auch im Schatten sehr wohl. Die Verwendungsm\u00f6glichkeiten f\u00fcr dieses Ziergras sind endlos. Sie bringt Farbe ins Beet, wenn sie in kleinen Gruppen gepflanzt wird, und sieht am besten mit mehreren Pflanzen aus. Im Winter bleiben die Bl\u00e4tter gr\u00fcn. Im Fr\u00fchjahr bildet die Pflanze blassgelbe St\u00e4ngel mit braunen Bl\u00fcten\u00e4hren. Carex morrowii &#8218;Variegata&#8216; ist sehr pflegeleicht. Ein R\u00fcckschnitt ist nur notwendig, wenn die Pflanze verwelkte Bl\u00e4tter hat, und erfolgt am besten im zeitigen Fr\u00fchjahr, damit sie wieder frisch aussieht.<\/p>\n","protected":false},"excerpt":{"rendered":"<p>Carex morrowii &#8218;Variegata&#8216;, auch als Seegras bekannt, ist ein kr\u00e4ftiges und immergr\u00fcnes Ziergras, das sich hervorragend als Bodendecker oder in einem Pflanzgef\u00e4\u00df eignet. Die schr\u00e4gen Bl\u00e4tter sind in der Mitte gr\u00fcn und an den R\u00e4ndern cremewei\u00df. Diese Gartenpflanze f\u00fchlt sich sowohl in der Sonne als auch im Schatten sehr wohl. Die Verwendungsm\u00f6glichkeiten f\u00fcr dieses Ziergras [&hellip;]<\/p>\n","protected":false},"featured_media":0,"template":"","meta":{"_acf_changed":false},"product_brand":[],"product_cat":[22,288],"product_tag":[],"class_list":{"0":"post-1315593","1":"product","2":"type-product","3":"status-publish","5":"product_cat-elegrass","6":"product_cat-hardy-and-evergreen","7":"pa_bloemvruchtkleur-gelb-gruen","8":"pa_location-halbschattig","9":"pa_location-sonnig","10":"pa_max-height-86","12":"first","13":"instock","14":"product-type-simple"},"acf":[],"_links":{"self":[{"href":"https:\/\/hoogeveenplants.nl\/de\/wp-json\/wp\/v2\/product\/1315593","targetHints":{"allow":["GET"]}}],"collection":[{"href":"https:\/\/hoogeveenplants.nl\/de\/wp-json\/wp\/v2\/product"}],"about":[{"href":"https:\/\/hoogeveenplants.nl\/de\/wp-json\/wp\/v2\/types\/product"}],"wp:attachment":[{"href":"https:\/\/hoogeveenplants.nl\/de\/wp-json\/wp\/v2\/media?parent=1315593"}],"wp:term":[{"taxonomy":"product_brand","embeddable":true,"href":"https:\/\/hoogeveenplants.nl\/de\/wp-json\/wp\/v2\/product_brand?post=1315593"},{"taxonomy":"product_cat","embeddable":true,"href":"https:\/\/hoogeveenplants.nl\/de\/wp-json\/wp\/v2\/product_cat?post=1315593"},{"taxonomy":"product_tag","embeddable":true,"href":"https:\/\/hoogeveenplants.nl\/de\/wp-json\/wp\/v2\/product_tag?post=1315593"}],"curies":[{"name":"wp","href":"https:\/\/api.w.org\/{rel}","templated":true}]}}