{"id":1315578,"date":"2026-04-09T03:38:47","date_gmt":"2026-04-09T02:38:47","guid":{"rendered":"https:\/\/hoogeveenplants.nl\/p\/astelia-x-nervosa-silver-shadow\/"},"modified":"2026-04-09T03:50:32","modified_gmt":"2026-04-09T02:50:32","slug":"astelia-x-nervosa-silver-shadow","status":"publish","type":"product","link":"https:\/\/hoogeveenplants.nl\/de\/p\/astelia-x-nervosa-silver-shadow\/","title":{"rendered":"Astelia x nervosa &#8218;Silver Shadow&#8216;"},"content":{"rendered":"<p>Astelia Silver Shadow&#8216; ist eine kompakte, aufrecht wachsende Pflanze, die ca. 80 cm hoch und breit ist und lange, auffallend silbergr\u00fcne Bl\u00e4tter hat. Es sieht so aus, als ob die Bl\u00e4tter einen metallischen Schimmer h\u00e4tten. Sie ist eine sch\u00f6ne Erg\u00e4nzung f\u00fcr das Staudenbeet, aber auch im Topf auf dem Balkon oder der Terrasse sehr gut geeignet. Sie ist eine echte Terrassenpflanze f\u00fcr den Sommer, braucht wenig Wasser und kann die Sonne gut vertragen. Silver Shadow&#8216; kann sowohl in der vollen Sonne als auch im Halbschatten stehen, bevorzugt aber einen sonnigen Standort. Winterhart bis -5 \u00baC, aber es wird empfohlen, die Pflanze bei k\u00e4lteren Temperaturen zu sch\u00fctzen.<\/p>\n","protected":false},"excerpt":{"rendered":"<p>Astelia Silver Shadow&#8216; ist eine kompakte, aufrecht wachsende Pflanze, die ca. 80 cm hoch und breit ist und lange, auffallend silbergr\u00fcne Bl\u00e4tter hat. Es sieht so aus, als ob die Bl\u00e4tter einen metallischen Schimmer h\u00e4tten. Sie ist eine sch\u00f6ne Erg\u00e4nzung f\u00fcr das Staudenbeet, aber auch im Topf auf dem Balkon oder der Terrasse sehr gut [&hellip;]<\/p>\n","protected":false},"featured_media":0,"template":"","meta":{"_acf_changed":false},"product_brand":[],"product_cat":[22,247],"product_tag":[],"class_list":{"0":"post-1315578","1":"product","2":"type-product","3":"status-publish","5":"product_cat-elegrass","6":"product_cat-super-easy-care","7":"pa_bloemvruchtkleur-gruen","8":"pa_location-halbschattig","9":"pa_location-sonnig","10":"pa_max-height-41","12":"first","13":"instock","14":"product-type-simple"},"acf":[],"_links":{"self":[{"href":"https:\/\/hoogeveenplants.nl\/de\/wp-json\/wp\/v2\/product\/1315578","targetHints":{"allow":["GET"]}}],"collection":[{"href":"https:\/\/hoogeveenplants.nl\/de\/wp-json\/wp\/v2\/product"}],"about":[{"href":"https:\/\/hoogeveenplants.nl\/de\/wp-json\/wp\/v2\/types\/product"}],"wp:attachment":[{"href":"https:\/\/hoogeveenplants.nl\/de\/wp-json\/wp\/v2\/media?parent=1315578"}],"wp:term":[{"taxonomy":"product_brand","embeddable":true,"href":"https:\/\/hoogeveenplants.nl\/de\/wp-json\/wp\/v2\/product_brand?post=1315578"},{"taxonomy":"product_cat","embeddable":true,"href":"https:\/\/hoogeveenplants.nl\/de\/wp-json\/wp\/v2\/product_cat?post=1315578"},{"taxonomy":"product_tag","embeddable":true,"href":"https:\/\/hoogeveenplants.nl\/de\/wp-json\/wp\/v2\/product_tag?post=1315578"}],"curies":[{"name":"wp","href":"https:\/\/api.w.org\/{rel}","templated":true}]}}