{"id":1315577,"date":"2026-04-09T03:38:46","date_gmt":"2026-04-09T02:38:46","guid":{"rendered":"https:\/\/hoogeveenplants.nl\/p\/astelia-x-nervosa-red-shadow-2\/"},"modified":"2026-04-09T03:50:32","modified_gmt":"2026-04-09T02:50:32","slug":"astelia-x-nervosa-red-shadow-2","status":"publish","type":"product","link":"https:\/\/hoogeveenplants.nl\/de\/p\/astelia-x-nervosa-red-shadow-2\/","title":{"rendered":"Astelia x nervosa &#8218;Red Shadow&#8216;"},"content":{"rendered":"<p>Astelia Red Shadow&#8216; hat sch\u00f6ne, kupferrot gef\u00e4rbte Bl\u00e4tter. Es ist eine kompakte Pflanze, die aufrecht w\u00e4chst und etwa 80 cm hoch und breit wird. Sie ist eine sch\u00f6ne Erg\u00e4nzung f\u00fcr das Staudenbeet, eignet sich aber auch sehr gut im Topf auf dem Balkon oder der Terrasse. Sie ist eine echte Terrassenpflanze f\u00fcr den Sommer, braucht wenig Wasser und vertr\u00e4gt die Sonne gut. Red Shadow&#8216; kann sowohl in der vollen Sonne als auch im Halbschatten stehen, bevorzugt aber einen sonnigen Platz. Winterhart bis -5 \u00baC, aber es wird empfohlen, die Pflanze bei k\u00e4lteren Temperaturen zu sch\u00fctzen.<\/p>\n","protected":false},"excerpt":{"rendered":"<p>Astelia Red Shadow&#8216; hat sch\u00f6ne, kupferrot gef\u00e4rbte Bl\u00e4tter. Es ist eine kompakte Pflanze, die aufrecht w\u00e4chst und etwa 80 cm hoch und breit wird. Sie ist eine sch\u00f6ne Erg\u00e4nzung f\u00fcr das Staudenbeet, eignet sich aber auch sehr gut im Topf auf dem Balkon oder der Terrasse. Sie ist eine echte Terrassenpflanze f\u00fcr den Sommer, braucht [&hellip;]<\/p>\n","protected":false},"featured_media":0,"template":"","meta":{"_acf_changed":false},"product_brand":[],"product_cat":[22,247],"product_tag":[],"class_list":{"0":"post-1315577","1":"product","2":"type-product","3":"status-publish","5":"product_cat-elegrass","6":"product_cat-super-easy-care","7":"pa_bloemvruchtkleur-rot","8":"pa_location-halbschattig","9":"pa_location-sonnig","10":"pa_max-height-41","12":"first","13":"instock","14":"product-type-simple"},"acf":[],"_links":{"self":[{"href":"https:\/\/hoogeveenplants.nl\/de\/wp-json\/wp\/v2\/product\/1315577","targetHints":{"allow":["GET"]}}],"collection":[{"href":"https:\/\/hoogeveenplants.nl\/de\/wp-json\/wp\/v2\/product"}],"about":[{"href":"https:\/\/hoogeveenplants.nl\/de\/wp-json\/wp\/v2\/types\/product"}],"wp:attachment":[{"href":"https:\/\/hoogeveenplants.nl\/de\/wp-json\/wp\/v2\/media?parent=1315577"}],"wp:term":[{"taxonomy":"product_brand","embeddable":true,"href":"https:\/\/hoogeveenplants.nl\/de\/wp-json\/wp\/v2\/product_brand?post=1315577"},{"taxonomy":"product_cat","embeddable":true,"href":"https:\/\/hoogeveenplants.nl\/de\/wp-json\/wp\/v2\/product_cat?post=1315577"},{"taxonomy":"product_tag","embeddable":true,"href":"https:\/\/hoogeveenplants.nl\/de\/wp-json\/wp\/v2\/product_tag?post=1315577"}],"curies":[{"name":"wp","href":"https:\/\/api.w.org\/{rel}","templated":true}]}}