{"id":1315573,"date":"2026-04-09T03:38:44","date_gmt":"2026-04-09T02:38:44","guid":{"rendered":"https:\/\/hoogeveenplants.nl\/p\/calamagrostis-x-acutiflora-karl-foester\/"},"modified":"2026-04-09T03:50:31","modified_gmt":"2026-04-09T02:50:31","slug":"calamagrostis-x-acutiflora-karl-foester","status":"publish","type":"product","link":"https:\/\/hoogeveenplants.nl\/de\/p\/calamagrostis-x-acutiflora-karl-foester\/","title":{"rendered":"Calamagrostis x acutiflora &#8218;Karl Foester&#8216;"},"content":{"rendered":"<p>Calamagrostis acutiflora &#8218;Karl Foerster&#8220; ist ein beliebtes aufrechtes Ziergras mit schmalen gr\u00fcnen Bl\u00e4ttern, die leicht herabh\u00e4ngen. Die dekorativen Rispen erscheinen zwischen Juni und August und f\u00e4rben sich im Laufe der Saison von wei\u00df zu goldgelb. Das Ziergras mag einen Platz in der vollen Sonne, und der Boden kann nicht feucht genug f\u00fcr es sein. Regelm\u00e4\u00dfiges Gie\u00dfen in einem trockenen Sommer wird sich also lohnen. Die Pflanze ist recht widerstandsf\u00e4hig. Struisriet ist pflegeleicht und l\u00e4sst sich mit vielen verschiedenen Ziergr\u00e4sern im Garten kombinieren. Die Federn setzen einen verspielten und anmutigen Akzent in Ihrem Garten.<\/p>\n","protected":false},"excerpt":{"rendered":"<p>Calamagrostis acutiflora &#8218;Karl Foerster&#8220; ist ein beliebtes aufrechtes Ziergras mit schmalen gr\u00fcnen Bl\u00e4ttern, die leicht herabh\u00e4ngen. Die dekorativen Rispen erscheinen zwischen Juni und August und f\u00e4rben sich im Laufe der Saison von wei\u00df zu goldgelb. Das Ziergras mag einen Platz in der vollen Sonne, und der Boden kann nicht feucht genug f\u00fcr es sein. Regelm\u00e4\u00dfiges [&hellip;]<\/p>\n","protected":false},"featured_media":0,"template":"","meta":{"_acf_changed":false},"product_brand":[],"product_cat":[22,289],"product_tag":[],"class_list":{"0":"post-1315573","1":"product","2":"type-product","3":"status-publish","5":"product_cat-elegrass","6":"product_cat-hardy-ornamentals","7":"pa_bloemvruchtkleur-gruen","8":"pa_location-halbschattig","9":"pa_location-sonnig","10":"pa_max-height-17","12":"first","13":"instock","14":"product-type-simple"},"acf":[],"_links":{"self":[{"href":"https:\/\/hoogeveenplants.nl\/de\/wp-json\/wp\/v2\/product\/1315573","targetHints":{"allow":["GET"]}}],"collection":[{"href":"https:\/\/hoogeveenplants.nl\/de\/wp-json\/wp\/v2\/product"}],"about":[{"href":"https:\/\/hoogeveenplants.nl\/de\/wp-json\/wp\/v2\/types\/product"}],"wp:attachment":[{"href":"https:\/\/hoogeveenplants.nl\/de\/wp-json\/wp\/v2\/media?parent=1315573"}],"wp:term":[{"taxonomy":"product_brand","embeddable":true,"href":"https:\/\/hoogeveenplants.nl\/de\/wp-json\/wp\/v2\/product_brand?post=1315573"},{"taxonomy":"product_cat","embeddable":true,"href":"https:\/\/hoogeveenplants.nl\/de\/wp-json\/wp\/v2\/product_cat?post=1315573"},{"taxonomy":"product_tag","embeddable":true,"href":"https:\/\/hoogeveenplants.nl\/de\/wp-json\/wp\/v2\/product_tag?post=1315573"}],"curies":[{"name":"wp","href":"https:\/\/api.w.org\/{rel}","templated":true}]}}