{"id":1315570,"date":"2026-04-09T03:38:41","date_gmt":"2026-04-09T02:38:41","guid":{"rendered":"https:\/\/hoogeveenplants.nl\/p\/cordyline-australis-little-red-star\/"},"modified":"2026-04-09T03:50:30","modified_gmt":"2026-04-09T02:50:30","slug":"cordyline-australis-little-red-star","status":"publish","type":"product","link":"https:\/\/hoogeveenplants.nl\/de\/p\/cordyline-australis-little-red-star\/","title":{"rendered":"Cordyline australis &#8218;Little Red Star&#8216;"},"content":{"rendered":"<p>Cordyline Little Red Star hat dunklere Bl\u00e4tter als Red Star und ist mit einer H\u00f6he von ca. 60 cm und einer Breite von 50 cm auch kompakter. Little Red Star ist eine stabile Pflanze mit guter Topfleistung. Sie ist trockenheits- und hitzeresistent und es wurden bisher keine Krankheiten beobachtet. Sie ist eine perfekte Pflanze f\u00fcr gemischte Gef\u00e4\u00dfe oder als Solit\u00e4r auf dem Balkon oder der Terrasse. Sie kann auch als Akzentpflanze oder im Beet verwendet werden. Pflanzen Sie Little Red Star in voller Sonne oder im Halbschatten in einen fruchtbaren, gut durchl\u00e4ssigen Boden. Widerstandsf\u00e4hig bis 5 \u00baC.<\/p>\n","protected":false},"excerpt":{"rendered":"<p>Cordyline Little Red Star hat dunklere Bl\u00e4tter als Red Star und ist mit einer H\u00f6he von ca. 60 cm und einer Breite von 50 cm auch kompakter. Little Red Star ist eine stabile Pflanze mit guter Topfleistung. Sie ist trockenheits- und hitzeresistent und es wurden bisher keine Krankheiten beobachtet. Sie ist eine perfekte Pflanze f\u00fcr [&hellip;]<\/p>\n","protected":false},"featured_media":0,"template":"","meta":{"_acf_changed":false},"product_brand":[],"product_cat":[22,247],"product_tag":[],"class_list":{"0":"post-1315570","1":"product","2":"type-product","3":"status-publish","5":"product_cat-elegrass","6":"product_cat-super-easy-care","7":"pa_bloemvruchtkleur-rot","8":"pa_location-halbschattig","9":"pa_location-sonnig","10":"pa_max-height-33","12":"first","13":"instock","14":"product-type-simple"},"acf":[],"_links":{"self":[{"href":"https:\/\/hoogeveenplants.nl\/de\/wp-json\/wp\/v2\/product\/1315570","targetHints":{"allow":["GET"]}}],"collection":[{"href":"https:\/\/hoogeveenplants.nl\/de\/wp-json\/wp\/v2\/product"}],"about":[{"href":"https:\/\/hoogeveenplants.nl\/de\/wp-json\/wp\/v2\/types\/product"}],"wp:attachment":[{"href":"https:\/\/hoogeveenplants.nl\/de\/wp-json\/wp\/v2\/media?parent=1315570"}],"wp:term":[{"taxonomy":"product_brand","embeddable":true,"href":"https:\/\/hoogeveenplants.nl\/de\/wp-json\/wp\/v2\/product_brand?post=1315570"},{"taxonomy":"product_cat","embeddable":true,"href":"https:\/\/hoogeveenplants.nl\/de\/wp-json\/wp\/v2\/product_cat?post=1315570"},{"taxonomy":"product_tag","embeddable":true,"href":"https:\/\/hoogeveenplants.nl\/de\/wp-json\/wp\/v2\/product_tag?post=1315570"}],"curies":[{"name":"wp","href":"https:\/\/api.w.org\/{rel}","templated":true}]}}