{"id":1315569,"date":"2026-04-09T03:38:41","date_gmt":"2026-04-09T02:38:41","guid":{"rendered":"https:\/\/hoogeveenplants.nl\/p\/carex-oshimensis-ribbon-falls\/"},"modified":"2026-04-09T03:50:30","modified_gmt":"2026-04-09T02:50:30","slug":"carex-oshimensis-ribbon-falls","status":"publish","type":"product","link":"https:\/\/hoogeveenplants.nl\/de\/p\/carex-oshimensis-ribbon-falls\/","title":{"rendered":"Carex oshimensis &#8218;Ribbon Falls&#8216;"},"content":{"rendered":"<p>Carex Ribbon Falls&#8216; ist eine echte Terrassenpflanze f\u00fcr den Sommer! Die einzige Carex, die sowohl winterhart als auch sonnen- und hitzevertr\u00e4glich ist. Diese kr\u00e4ftige Pflanze kann sogar mit wenig Wasser auskommen. Die Pflanze hat \u00fcppige dunkelgr\u00fcne Bl\u00e4tter, die an einen Wasserfall erinnern. Er eignet sich f\u00fcr den Garten, aber auch f\u00fcr den Balkon oder die Terrasse. Mit ihren langen Bl\u00e4ttern kann sie auch in einen H\u00e4ngetopf gestellt werden. Die Pflanze ist immergr\u00fcn und ein R\u00fcckschnitt ist nicht notwendig, aber ratsam. Im zeitigen Fr\u00fchjahr sollten die gebr\u00e4unten Knospen bis auf 10 cm \u00fcber dem Boden zur\u00fcckgeschnitten werden. Das ist nicht notwendig, aber Sie verhindern, dass \u00e4ltere Bl\u00e4tter braune Flecken bekommen. Nach dem R\u00fcckschnitt treibt diese Art wieder aus und Ihre Carex wird sch\u00f6ner als je zuvor sein!<\/p>\n","protected":false},"excerpt":{"rendered":"<p>Carex Ribbon Falls&#8216; ist eine echte Terrassenpflanze f\u00fcr den Sommer! Die einzige Carex, die sowohl winterhart als auch sonnen- und hitzevertr\u00e4glich ist. Diese kr\u00e4ftige Pflanze kann sogar mit wenig Wasser auskommen. Die Pflanze hat \u00fcppige dunkelgr\u00fcne Bl\u00e4tter, die an einen Wasserfall erinnern. Er eignet sich f\u00fcr den Garten, aber auch f\u00fcr den Balkon oder die [&hellip;]<\/p>\n","protected":false},"featured_media":0,"template":"","meta":{"_acf_changed":false},"product_brand":[],"product_cat":[22,288],"product_tag":[],"class_list":{"0":"post-1315569","1":"product","2":"type-product","3":"status-publish","5":"product_cat-elegrass","6":"product_cat-hardy-and-evergreen","7":"pa_bloemvruchtkleur-gelb-gruen","8":"pa_location-halbschattig","9":"pa_location-sonnig","10":"pa_max-height-86","12":"first","13":"instock","14":"product-type-simple"},"acf":[],"_links":{"self":[{"href":"https:\/\/hoogeveenplants.nl\/de\/wp-json\/wp\/v2\/product\/1315569","targetHints":{"allow":["GET"]}}],"collection":[{"href":"https:\/\/hoogeveenplants.nl\/de\/wp-json\/wp\/v2\/product"}],"about":[{"href":"https:\/\/hoogeveenplants.nl\/de\/wp-json\/wp\/v2\/types\/product"}],"wp:attachment":[{"href":"https:\/\/hoogeveenplants.nl\/de\/wp-json\/wp\/v2\/media?parent=1315569"}],"wp:term":[{"taxonomy":"product_brand","embeddable":true,"href":"https:\/\/hoogeveenplants.nl\/de\/wp-json\/wp\/v2\/product_brand?post=1315569"},{"taxonomy":"product_cat","embeddable":true,"href":"https:\/\/hoogeveenplants.nl\/de\/wp-json\/wp\/v2\/product_cat?post=1315569"},{"taxonomy":"product_tag","embeddable":true,"href":"https:\/\/hoogeveenplants.nl\/de\/wp-json\/wp\/v2\/product_tag?post=1315569"}],"curies":[{"name":"wp","href":"https:\/\/api.w.org\/{rel}","templated":true}]}}