{"id":1315568,"date":"2026-04-09T03:38:40","date_gmt":"2026-04-09T02:38:40","guid":{"rendered":"https:\/\/hoogeveenplants.nl\/p\/carex-oshimensis-feather-falls\/"},"modified":"2026-04-09T03:50:30","modified_gmt":"2026-04-09T02:50:30","slug":"carex-oshimensis-feather-falls","status":"publish","type":"product","link":"https:\/\/hoogeveenplants.nl\/de\/p\/carex-oshimensis-feather-falls\/","title":{"rendered":"Carex oshimensis &#8218;Feather Falls&#8216;"},"content":{"rendered":"<p>Carex Feather Falls&#8216; ist eine echte Terrassenpflanze f\u00fcr den Sommer! Die einzige Carex, die sowohl winterhart als auch sonnen- und hitzevertr\u00e4glich ist. Diese kr\u00e4ftige Pflanze kann sogar mit wenig Wasser auskommen. Die Pflanze hat \u00fcppige gr\u00fcn-wei\u00dfe Bl\u00e4tter, die an einen Wasserfall erinnern. Er eignet sich f\u00fcr den Garten, aber auch f\u00fcr den Balkon oder die Terrasse. Mit ihren langen Bl\u00e4ttern kann sie auch in einen H\u00e4ngetopf gestellt werden. Die Pflanze ist immergr\u00fcn und muss nicht beschnitten werden. Schneiden Sie nur ab und zu die alten, h\u00e4sslichen Bl\u00e4tter ab.<\/p>\n","protected":false},"excerpt":{"rendered":"<p>Carex Feather Falls&#8216; ist eine echte Terrassenpflanze f\u00fcr den Sommer! Die einzige Carex, die sowohl winterhart als auch sonnen- und hitzevertr\u00e4glich ist. Diese kr\u00e4ftige Pflanze kann sogar mit wenig Wasser auskommen. Die Pflanze hat \u00fcppige gr\u00fcn-wei\u00dfe Bl\u00e4tter, die an einen Wasserfall erinnern. Er eignet sich f\u00fcr den Garten, aber auch f\u00fcr den Balkon oder die [&hellip;]<\/p>\n","protected":false},"featured_media":0,"template":"","meta":{"_acf_changed":false},"product_brand":[],"product_cat":[22,288],"product_tag":[],"class_list":{"0":"post-1315568","1":"product","2":"type-product","3":"status-publish","5":"product_cat-elegrass","6":"product_cat-hardy-and-evergreen","7":"pa_bloemvruchtkleur-gruen","8":"pa_location-halbschattig","9":"pa_location-sonnig","10":"pa_max-height-25","12":"first","13":"instock","14":"product-type-simple"},"acf":[],"_links":{"self":[{"href":"https:\/\/hoogeveenplants.nl\/de\/wp-json\/wp\/v2\/product\/1315568","targetHints":{"allow":["GET"]}}],"collection":[{"href":"https:\/\/hoogeveenplants.nl\/de\/wp-json\/wp\/v2\/product"}],"about":[{"href":"https:\/\/hoogeveenplants.nl\/de\/wp-json\/wp\/v2\/types\/product"}],"wp:attachment":[{"href":"https:\/\/hoogeveenplants.nl\/de\/wp-json\/wp\/v2\/media?parent=1315568"}],"wp:term":[{"taxonomy":"product_brand","embeddable":true,"href":"https:\/\/hoogeveenplants.nl\/de\/wp-json\/wp\/v2\/product_brand?post=1315568"},{"taxonomy":"product_cat","embeddable":true,"href":"https:\/\/hoogeveenplants.nl\/de\/wp-json\/wp\/v2\/product_cat?post=1315568"},{"taxonomy":"product_tag","embeddable":true,"href":"https:\/\/hoogeveenplants.nl\/de\/wp-json\/wp\/v2\/product_tag?post=1315568"}],"curies":[{"name":"wp","href":"https:\/\/api.w.org\/{rel}","templated":true}]}}