{"id":1315563,"date":"2026-04-09T03:38:37","date_gmt":"2026-04-09T02:38:37","guid":{"rendered":"https:\/\/hoogeveenplants.nl\/p\/acorus-gramineus-ogon\/"},"modified":"2026-04-09T03:50:28","modified_gmt":"2026-04-09T02:50:28","slug":"acorus-gramineus-ogon","status":"publish","type":"product","link":"https:\/\/hoogeveenplants.nl\/de\/p\/acorus-gramineus-ogon\/","title":{"rendered":"Acorus gramineus &#8218;Ogon&#8216;"},"content":{"rendered":"<p>Acorus gramineus &#8218;ogon&#8220;, auch bekannt als &#8218;panaschierter Zwergkalmus&#8216;, ist eine Pflanze aus Asien. Sie ist eine kr\u00e4ftige Uferpflanze mit sch\u00f6nen schmalen, linienf\u00f6rmigen Bl\u00e4ttern und einer gelbgr\u00fcnen Farbe. Die Pflanze kann von Juni bis August mit unscheinbaren kleinen gr\u00fcnen Bl\u00fcten bl\u00fchen, aber das geschieht nicht jedes Jahr. Acorus&#8216; bevorzugt einen Platz in voller Sonne oder im Halbschatten und einen feuchten bis nassen Boden. Er kann am Ufer oder einfach im Wasser platziert werden. Die Pflanze ist einigerma\u00dfen winterhart. Ein besonderes Merkmal der Pflanze ist ihr aromatischer Duft, der Schmetterlinge und Bienen anlockt. Wussten Sie das? In der Vergangenheit wurde die Wurzel dieser Pflanze von Menschen mit Magenproblemen gekaut.<\/p>\n","protected":false},"excerpt":{"rendered":"<p>Acorus gramineus &#8218;ogon&#8220;, auch bekannt als &#8218;panaschierter Zwergkalmus&#8216;, ist eine Pflanze aus Asien. Sie ist eine kr\u00e4ftige Uferpflanze mit sch\u00f6nen schmalen, linienf\u00f6rmigen Bl\u00e4ttern und einer gelbgr\u00fcnen Farbe. Die Pflanze kann von Juni bis August mit unscheinbaren kleinen gr\u00fcnen Bl\u00fcten bl\u00fchen, aber das geschieht nicht jedes Jahr. Acorus&#8216; bevorzugt einen Platz in voller Sonne oder im [&hellip;]<\/p>\n","protected":false},"featured_media":0,"template":"","meta":{"_acf_changed":false},"product_brand":[],"product_cat":[22,288],"product_tag":[],"class_list":{"0":"post-1315563","1":"product","2":"type-product","3":"status-publish","5":"product_cat-elegrass","6":"product_cat-hardy-and-evergreen","7":"pa_bloemvruchtkleur-gelb-gruen","8":"pa_location-halbschattig","9":"pa_location-sonnig","10":"pa_max-height-86","12":"first","13":"instock","14":"product-type-simple"},"acf":[],"_links":{"self":[{"href":"https:\/\/hoogeveenplants.nl\/de\/wp-json\/wp\/v2\/product\/1315563","targetHints":{"allow":["GET"]}}],"collection":[{"href":"https:\/\/hoogeveenplants.nl\/de\/wp-json\/wp\/v2\/product"}],"about":[{"href":"https:\/\/hoogeveenplants.nl\/de\/wp-json\/wp\/v2\/types\/product"}],"wp:attachment":[{"href":"https:\/\/hoogeveenplants.nl\/de\/wp-json\/wp\/v2\/media?parent=1315563"}],"wp:term":[{"taxonomy":"product_brand","embeddable":true,"href":"https:\/\/hoogeveenplants.nl\/de\/wp-json\/wp\/v2\/product_brand?post=1315563"},{"taxonomy":"product_cat","embeddable":true,"href":"https:\/\/hoogeveenplants.nl\/de\/wp-json\/wp\/v2\/product_cat?post=1315563"},{"taxonomy":"product_tag","embeddable":true,"href":"https:\/\/hoogeveenplants.nl\/de\/wp-json\/wp\/v2\/product_tag?post=1315563"}],"curies":[{"name":"wp","href":"https:\/\/api.w.org\/{rel}","templated":true}]}}