{"id":1315560,"date":"2026-04-09T03:38:35","date_gmt":"2026-04-09T02:38:35","guid":{"rendered":"https:\/\/hoogeveenplants.nl\/p\/schizachyrium-scoparium-chameleon\/"},"modified":"2026-04-09T03:50:28","modified_gmt":"2026-04-09T02:50:28","slug":"schizachyrium-scoparium-chameleon","status":"publish","type":"product","link":"https:\/\/hoogeveenplants.nl\/de\/p\/schizachyrium-scoparium-chameleon\/","title":{"rendered":"Schizachyrium scoparium &#8218;Chameleon&#8216;"},"content":{"rendered":"<p>Schizachyrium scoparium `Chameleon&#8220; hat sch\u00f6ne gr\u00fcn-wei\u00df gestreifte Bl\u00e4tter, die in lila-gr\u00fcn gestreifte Bl\u00e4tter \u00fcbergehen. Diese Blattf\u00e4rbung tritt im Laufe der Saison auf, was dieses kleine Pr\u00e4riegras so besonders macht. Diesem Umstand verdankt dieses Gras auch seinen Namen. Die Bl\u00fctezeit ist von September bis November. Schizachyrium ist ein kr\u00e4ftiges Gras, das wenig Anspr\u00fcche stellt, Trockenheit vertr\u00e4gt und einen Platz in der vollen Sonne bevorzugt. Das Gras eignet sich gut f\u00fcr den Einsatz im Beet, macht sich aber auch immer gut in einem dekorativen Topf.<\/p>\n","protected":false},"excerpt":{"rendered":"<p>Schizachyrium scoparium `Chameleon&#8220; hat sch\u00f6ne gr\u00fcn-wei\u00df gestreifte Bl\u00e4tter, die in lila-gr\u00fcn gestreifte Bl\u00e4tter \u00fcbergehen. Diese Blattf\u00e4rbung tritt im Laufe der Saison auf, was dieses kleine Pr\u00e4riegras so besonders macht. Diesem Umstand verdankt dieses Gras auch seinen Namen.<\/p>\n","protected":false},"featured_media":0,"template":"","meta":{"_acf_changed":false},"product_brand":[],"product_cat":[22,289],"product_tag":[],"class_list":{"0":"post-1315560","1":"product","2":"type-product","3":"status-publish","5":"product_cat-elegrass","6":"product_cat-hardy-ornamentals","7":"pa_bloemvruchtkleur-rot","8":"pa_location-halbschattig","9":"pa_location-sonnig","10":"pa_max-height-17","12":"first","13":"instock","14":"product-type-simple"},"acf":[],"_links":{"self":[{"href":"https:\/\/hoogeveenplants.nl\/de\/wp-json\/wp\/v2\/product\/1315560","targetHints":{"allow":["GET"]}}],"collection":[{"href":"https:\/\/hoogeveenplants.nl\/de\/wp-json\/wp\/v2\/product"}],"about":[{"href":"https:\/\/hoogeveenplants.nl\/de\/wp-json\/wp\/v2\/types\/product"}],"wp:attachment":[{"href":"https:\/\/hoogeveenplants.nl\/de\/wp-json\/wp\/v2\/media?parent=1315560"}],"wp:term":[{"taxonomy":"product_brand","embeddable":true,"href":"https:\/\/hoogeveenplants.nl\/de\/wp-json\/wp\/v2\/product_brand?post=1315560"},{"taxonomy":"product_cat","embeddable":true,"href":"https:\/\/hoogeveenplants.nl\/de\/wp-json\/wp\/v2\/product_cat?post=1315560"},{"taxonomy":"product_tag","embeddable":true,"href":"https:\/\/hoogeveenplants.nl\/de\/wp-json\/wp\/v2\/product_tag?post=1315560"}],"curies":[{"name":"wp","href":"https:\/\/api.w.org\/{rel}","templated":true}]}}