{"id":1315548,"date":"2026-04-09T03:38:28","date_gmt":"2026-04-09T02:38:28","guid":{"rendered":"https:\/\/hoogeveenplants.nl\/p\/uncinia-rubra\/"},"modified":"2026-04-09T03:50:25","modified_gmt":"2026-04-09T02:50:25","slug":"uncinia-rubra","status":"publish","type":"product","link":"https:\/\/hoogeveenplants.nl\/de\/p\/uncinia-rubra\/","title":{"rendered":"Uncinia Rubra"},"content":{"rendered":"<p>Uncinia rubra&#8216;, auch Rotsegge genannt, ist ein auff\u00e4lliges Gras mit zierlichen roten, d\u00fcnnen Bl\u00e4ttern. In den Sommermonaten bl\u00fcht die Pflanze mit rotbraunen Rispen und wird bis zu 40 cm hoch. Diese rote &#8218;Uncinia&#8216; ist eine pr\u00e4chtige Pflanze, die sich gut in einem Topf auf dem Balkon oder der Terrasse macht. Sie ist eine kr\u00e4ftige Pflanze, die Sonne vertr\u00e4gt, aber Vorsicht vor strengem Nachtfrost. Die &#8218;Unicina&#8216; stammt aus Neuseeland und muss daher im Winter abgedeckt werden, um zu \u00fcberleben.<\/p>\n","protected":false},"excerpt":{"rendered":"<p>Uncinia rubra&#8216;, auch Rotsegge genannt, ist ein auff\u00e4lliges Gras mit zierlichen roten, d\u00fcnnen Bl\u00e4ttern. In den Sommermonaten bl\u00fcht die Pflanze mit rotbraunen Rispen und wird bis zu 40 cm hoch. Diese rote &#8218;Uncinia&#8216; ist eine pr\u00e4chtige Pflanze, die sich gut in einem Topf auf dem Balkon oder der Terrasse macht. Sie ist eine kr\u00e4ftige Pflanze, [&hellip;]<\/p>\n","protected":false},"featured_media":0,"template":"","meta":{"_acf_changed":false},"product_brand":[],"product_cat":[22,288],"product_tag":[],"class_list":{"0":"post-1315548","1":"product","2":"type-product","3":"status-publish","5":"product_cat-elegrass","6":"product_cat-hardy-and-evergreen","7":"pa_bloemvruchtkleur-braun","8":"pa_location-halbschattig","9":"pa_location-sonnig","10":"pa_max-height-86","12":"first","13":"instock","14":"product-type-simple"},"acf":[],"_links":{"self":[{"href":"https:\/\/hoogeveenplants.nl\/de\/wp-json\/wp\/v2\/product\/1315548","targetHints":{"allow":["GET"]}}],"collection":[{"href":"https:\/\/hoogeveenplants.nl\/de\/wp-json\/wp\/v2\/product"}],"about":[{"href":"https:\/\/hoogeveenplants.nl\/de\/wp-json\/wp\/v2\/types\/product"}],"wp:attachment":[{"href":"https:\/\/hoogeveenplants.nl\/de\/wp-json\/wp\/v2\/media?parent=1315548"}],"wp:term":[{"taxonomy":"product_brand","embeddable":true,"href":"https:\/\/hoogeveenplants.nl\/de\/wp-json\/wp\/v2\/product_brand?post=1315548"},{"taxonomy":"product_cat","embeddable":true,"href":"https:\/\/hoogeveenplants.nl\/de\/wp-json\/wp\/v2\/product_cat?post=1315548"},{"taxonomy":"product_tag","embeddable":true,"href":"https:\/\/hoogeveenplants.nl\/de\/wp-json\/wp\/v2\/product_tag?post=1315548"}],"curies":[{"name":"wp","href":"https:\/\/api.w.org\/{rel}","templated":true}]}}