{"id":1315546,"date":"2026-04-09T03:38:26","date_gmt":"2026-04-09T02:38:26","guid":{"rendered":"https:\/\/hoogeveenplants.nl\/p\/festuca-glauca-azura-blue-2\/"},"modified":"2026-04-09T03:50:24","modified_gmt":"2026-04-09T02:50:24","slug":"festuca-glauca-azura-blue-2","status":"publish","type":"product","link":"https:\/\/hoogeveenplants.nl\/de\/p\/festuca-glauca-azura-blue-2\/","title":{"rendered":"Festuca glauca &#8218;Azura Blue&#8217;\u00ae"},"content":{"rendered":"<p>Das &#8218;Festuca Glauca Azura Blue&#8216;, auch blaues Schafsgras genannt, ist eine auff\u00e4llige Erscheinung. Dieses leuchtend silber-blau gef\u00e4rbte Gras setzt einen besonderen Farbakzent in Ihrem Garten! Das Schafsgras ist winterhart und immergr\u00fcn und bietet daher das ganze Jahr \u00fcber einen sch\u00f6nen Anblick. Ihr Zierwert macht sie f\u00fcr jeden Garten geeignet, vom Steingarten bis zum modernen Garten. In den Monaten Juni und Juli erscheinen wundersch\u00f6ne cremefarbene Federn im Schafsgras. Diese bl\u00fchen noch bis weit in den Winter hinein. Es ist besser, die &#8218;Festuca&#8216; nicht zu schneiden, sondern zu k\u00e4mmen. Auf diese Weise entfernen Sie die h\u00e4sslichen, braunen und losen Bl\u00e4tter mit der Hand von der Pflanze. Es ist ratsam, im zeitigen Fr\u00fchjahr die alten Bl\u00fcten von der Pflanze abzuschneiden, um Platz f\u00fcr neue Bl\u00fcten zu schaffen. Die &#8218;Festuca&#8216; erreicht eine maximale H\u00f6he von 50 cm und ist damit ein kompakter Wuchs.<\/p>\n","protected":false},"excerpt":{"rendered":"<p>Das &#8218;Festuca Glauca Azura Blue&#8216;, auch blaues Schafsgras genannt, ist eine auff\u00e4llige Erscheinung. Dieses leuchtend silber-blau gef\u00e4rbte Gras setzt einen besonderen Farbakzent in Ihrem Garten! Das Schafsgras ist winterhart und immergr\u00fcn und bietet daher das ganze Jahr \u00fcber einen sch\u00f6nen Anblick. Ihr Zierwert macht sie f\u00fcr jeden Garten geeignet, vom Steingarten bis zum modernen Garten. [&hellip;]<\/p>\n","protected":false},"featured_media":0,"template":"","meta":{"_acf_changed":false},"product_brand":[],"product_cat":[22,288],"product_tag":[],"class_list":{"0":"post-1315546","1":"product","2":"type-product","3":"status-publish","5":"product_cat-elegrass","6":"product_cat-hardy-and-evergreen","7":"pa_bloemvruchtkleur-blau","8":"pa_location-halbschattig","9":"pa_location-sonnig","10":"pa_max-height-49","12":"first","13":"instock","14":"product-type-simple"},"acf":[],"_links":{"self":[{"href":"https:\/\/hoogeveenplants.nl\/de\/wp-json\/wp\/v2\/product\/1315546","targetHints":{"allow":["GET"]}}],"collection":[{"href":"https:\/\/hoogeveenplants.nl\/de\/wp-json\/wp\/v2\/product"}],"about":[{"href":"https:\/\/hoogeveenplants.nl\/de\/wp-json\/wp\/v2\/types\/product"}],"wp:attachment":[{"href":"https:\/\/hoogeveenplants.nl\/de\/wp-json\/wp\/v2\/media?parent=1315546"}],"wp:term":[{"taxonomy":"product_brand","embeddable":true,"href":"https:\/\/hoogeveenplants.nl\/de\/wp-json\/wp\/v2\/product_brand?post=1315546"},{"taxonomy":"product_cat","embeddable":true,"href":"https:\/\/hoogeveenplants.nl\/de\/wp-json\/wp\/v2\/product_cat?post=1315546"},{"taxonomy":"product_tag","embeddable":true,"href":"https:\/\/hoogeveenplants.nl\/de\/wp-json\/wp\/v2\/product_tag?post=1315546"}],"curies":[{"name":"wp","href":"https:\/\/api.w.org\/{rel}","templated":true}]}}