{"id":1315542,"date":"2026-04-09T03:38:24","date_gmt":"2026-04-09T02:38:24","guid":{"rendered":"https:\/\/hoogeveenplants.nl\/p\/carex-morrowii-vanilla-ice-cream\/"},"modified":"2026-04-09T03:50:23","modified_gmt":"2026-04-09T02:50:23","slug":"carex-morrowii-vanilla-ice-cream","status":"publish","type":"product","link":"https:\/\/hoogeveenplants.nl\/de\/p\/carex-morrowii-vanilla-ice-cream\/","title":{"rendered":"Carex morrowii &#8218;Vanilla Ice Cream&#8216;"},"content":{"rendered":"<p>Das Carex Vanilleeis, auch bekannt als Gemeines Schilf, ist ein immergr\u00fcnes Ziergras. Das bedeutet, dass die Pflanze auch im Winter ihre Bl\u00e4tter beh\u00e4lt. Aus diesem Grund ist Carex seit Jahren eines der beliebtesten Ziergr\u00e4ser. Die Segge hat gr\u00fcne Bl\u00e4tter mit einem gelben Rand. Die Pflanze erreicht eine maximale H\u00f6he von 35 cm und breitet sich nicht aus. Im Mai und Juni bl\u00fcht Ihr Liguster mit hellbraunen \u00c4hren, die dreieckige Stiele bilden. Die St\u00e4ngel ragen \u00fcber die Bl\u00e4tter hinaus. Um Ihrem Ziergras einen guten Start zu erm\u00f6glichen, k\u00f6nnen Sie es mit Pflanzerde pflanzen.<\/p>\n","protected":false},"excerpt":{"rendered":"<p>Das Carex Vanilleeis, auch bekannt als Gemeines Schilf, ist ein immergr\u00fcnes Ziergras. Das bedeutet, dass die Pflanze auch im Winter ihre Bl\u00e4tter beh\u00e4lt. Aus diesem Grund ist Carex seit Jahren eines der beliebtesten Ziergr\u00e4ser. Die Segge hat gr\u00fcne Bl\u00e4tter mit einem gelben Rand. Die Pflanze erreicht eine maximale H\u00f6he von 35 cm und breitet sich [&hellip;]<\/p>\n","protected":false},"featured_media":0,"template":"","meta":{"_acf_changed":false},"product_brand":[],"product_cat":[22,288],"product_tag":[],"class_list":{"0":"post-1315542","1":"product","2":"type-product","3":"status-publish","5":"product_cat-elegrass","6":"product_cat-hardy-and-evergreen","7":"pa_bloemvruchtkleur-gelb-gruen","8":"pa_location-halbschattig","9":"pa_location-sonnig","10":"pa_max-height-25","12":"first","13":"instock","14":"product-type-simple"},"acf":[],"_links":{"self":[{"href":"https:\/\/hoogeveenplants.nl\/de\/wp-json\/wp\/v2\/product\/1315542","targetHints":{"allow":["GET"]}}],"collection":[{"href":"https:\/\/hoogeveenplants.nl\/de\/wp-json\/wp\/v2\/product"}],"about":[{"href":"https:\/\/hoogeveenplants.nl\/de\/wp-json\/wp\/v2\/types\/product"}],"wp:attachment":[{"href":"https:\/\/hoogeveenplants.nl\/de\/wp-json\/wp\/v2\/media?parent=1315542"}],"wp:term":[{"taxonomy":"product_brand","embeddable":true,"href":"https:\/\/hoogeveenplants.nl\/de\/wp-json\/wp\/v2\/product_brand?post=1315542"},{"taxonomy":"product_cat","embeddable":true,"href":"https:\/\/hoogeveenplants.nl\/de\/wp-json\/wp\/v2\/product_cat?post=1315542"},{"taxonomy":"product_tag","embeddable":true,"href":"https:\/\/hoogeveenplants.nl\/de\/wp-json\/wp\/v2\/product_tag?post=1315542"}],"curies":[{"name":"wp","href":"https:\/\/api.w.org\/{rel}","templated":true}]}}