{"id":1315539,"date":"2026-04-09T03:38:22","date_gmt":"2026-04-09T02:38:22","guid":{"rendered":"https:\/\/hoogeveenplants.nl\/p\/pyrus-communis-doyenne-du-comice\/"},"modified":"2026-04-09T03:50:22","modified_gmt":"2026-04-09T02:50:22","slug":"pyrus-communis-doyenne-du-comice","status":"publish","type":"product","link":"https:\/\/hoogeveenplants.nl\/de\/p\/pyrus-communis-doyenne-du-comice\/","title":{"rendered":"Pyrus communis &#8218;Doyenne du Comice&#8216;"},"content":{"rendered":"<p>Leckeres gr\u00fcnes Obst aus 100% biologischem Anbau. Das bedeutet, dass beim Anbau nur pflanzliche und tierische Materialien verwendet wurden. Der Topf und das Etikett bestehen aus recyceltem Kunststoff und sind somit eine saubere L\u00f6sung f\u00fcr die Umwelt.<br \/>\nPyrus Communis Doyenne du Comice&#8216; ist ein selbstbest\u00e4ubender Birnbaum. Sie ist eine saftige Naschbirne mit einem k\u00f6stlich s\u00fc\u00dfen Duft und Geschmack. Die Frucht ist gro\u00df, breit, unregelm\u00e4\u00dfig geformt und von gelb-brauner Farbe.  Sie k\u00f6nnen die Birnen in der zweiten Septemberh\u00e4lfte pfl\u00fccken. Der Birnbaum ist robust, fast unempfindlich gegen Krankheiten und relativ pflegeleicht. Neben den Fr\u00fcchten hat der Birnbaum auch andere Zierwerte. Der Baum bl\u00fcht im Fr\u00fchjahr, die Bl\u00e4tter sind frischgr\u00fcn und f\u00e4rben sich im Herbst gelb bis orange-rot. Insekten und Schmetterlinge lieben die Bl\u00fcten und Birnen. Das hat den Vorteil, dass Wespen auch in der N\u00e4he dieses Baumes f\u00fcndig werden und daher weniger wahrscheinlich auf Ihre Terrasse kommen. Der Birnbaum gedeiht am besten an einem sonnigen Platz im Garten. Das Beschneiden des Birnbaums erfolgt am besten im Winter. Achten Sie darauf, dass der Baum offen ist und eine Reihe von Haupt\u00e4sten hat, aus denen die Seiten\u00e4ste hervorgehen.<\/p>\n","protected":false},"excerpt":{"rendered":"<p>Leckeres gr\u00fcnes Obst aus 100% biologischem Anbau. Das bedeutet, dass beim Anbau nur pflanzliche und tierische Materialien verwendet wurden. Der Topf und das Etikett bestehen aus recyceltem Kunststoff und sind somit eine saubere L\u00f6sung f\u00fcr die Umwelt.<br \/>\nPyrus Communis Doyenne du Comice&#8216; ist ein selbstbest\u00e4ubender Birnbaum. Sie ist eine saftige Naschbirne mit einem k\u00f6stlich s\u00fc\u00dfen Duft und Geschmack. Die Frucht ist gro\u00df, breit, unregelm\u00e4\u00dfig geformt und von gelb-brauner Farbe.  Sie k\u00f6nnen die Birnen in der zweiten Septemberh\u00e4lfte pfl\u00fccken. Der Birnbaum ist robust, fast unempfindlich gegen Krankheiten und relativ pflegeleicht. Neben den Fr\u00fcchten hat der Birnbaum auch andere Zierwerte. Der Baum bl\u00fcht im Fr\u00fchjahr, die Bl\u00e4tter sind frischgr\u00fcn und f\u00e4rben sich im Herbst gelb bis orange-rot.<\/p>\n","protected":false},"featured_media":0,"template":"","meta":{"_acf_changed":false},"product_brand":[],"product_cat":[213],"product_tag":[],"class_list":{"0":"post-1315539","1":"product","2":"type-product","3":"status-publish","5":"product_cat-tasty-green","6":"pa_bloemvruchtkleur-weiss","7":"pa_location-halbschattig","8":"pa_location-sonnig","9":"pa_max-height-56","11":"first","12":"instock","13":"product-type-simple"},"acf":[],"_links":{"self":[{"href":"https:\/\/hoogeveenplants.nl\/de\/wp-json\/wp\/v2\/product\/1315539","targetHints":{"allow":["GET"]}}],"collection":[{"href":"https:\/\/hoogeveenplants.nl\/de\/wp-json\/wp\/v2\/product"}],"about":[{"href":"https:\/\/hoogeveenplants.nl\/de\/wp-json\/wp\/v2\/types\/product"}],"wp:attachment":[{"href":"https:\/\/hoogeveenplants.nl\/de\/wp-json\/wp\/v2\/media?parent=1315539"}],"wp:term":[{"taxonomy":"product_brand","embeddable":true,"href":"https:\/\/hoogeveenplants.nl\/de\/wp-json\/wp\/v2\/product_brand?post=1315539"},{"taxonomy":"product_cat","embeddable":true,"href":"https:\/\/hoogeveenplants.nl\/de\/wp-json\/wp\/v2\/product_cat?post=1315539"},{"taxonomy":"product_tag","embeddable":true,"href":"https:\/\/hoogeveenplants.nl\/de\/wp-json\/wp\/v2\/product_tag?post=1315539"}],"curies":[{"name":"wp","href":"https:\/\/api.w.org\/{rel}","templated":true}]}}