{"id":1315531,"date":"2026-04-09T03:38:18","date_gmt":"2026-04-09T02:38:18","guid":{"rendered":"https:\/\/hoogeveenplants.nl\/p\/pleioblastus-variegatus\/"},"modified":"2026-04-09T03:50:20","modified_gmt":"2026-04-09T02:50:20","slug":"pleioblastus-variegatus","status":"publish","type":"product","link":"https:\/\/hoogeveenplants.nl\/de\/p\/pleioblastus-variegatus\/","title":{"rendered":"Pleioblastus Variegatus"},"content":{"rendered":"<p>Pleioblastus Variegatus&#8216; ist ein niedrigw\u00fcchsiger, immergr\u00fcner Zwergbambus. Mit ihren einzigartigen Bl\u00e4ttern verleiht sie Ihrem Garten eine sch\u00f6ne Note. Die Bl\u00e4tter zeichnen sich durch ihre schmale, l\u00e4ngliche Form mit schmalen, cremewei\u00dfen Streifen und olivgr\u00fcnen Stielen aus. Die Streifen sind am besten im Fr\u00fchjahr zu sehen. Dieser Bambus bevorzugt einen gesch\u00fctzten Standort in voller Sonne und vorzugsweise einen feuchten Boden. Pleioblastus Variegatus&#8216; ist ziemlich winterhart. Bei strengem Frost k\u00f6nnen sich die Bl\u00e4tter ein wenig einrollen, aber im Fr\u00fchjahr wird dieser Bambus schon bald wieder sch\u00f6n aussehen!<\/p>\n","protected":false},"excerpt":{"rendered":"<p>Pleioblastus Variegatus&#8216; ist ein niedrigw\u00fcchsiger, immergr\u00fcner Zwergbambus. Mit ihren einzigartigen Bl\u00e4ttern verleiht sie Ihrem Garten eine sch\u00f6ne Note. Die Bl\u00e4tter zeichnen sich durch ihre schmale, l\u00e4ngliche Form mit schmalen, cremewei\u00dfen Streifen und olivgr\u00fcnen Stielen aus. Die Streifen sind am besten im Fr\u00fchjahr zu sehen. Dieser Bambus bevorzugt einen gesch\u00fctzten Standort in voller Sonne und vorzugsweise [&hellip;]<\/p>\n","protected":false},"featured_media":0,"template":"","meta":{"_acf_changed":false},"product_brand":[],"product_cat":[290,22],"product_tag":[],"class_list":{"0":"post-1315531","1":"product","2":"type-product","3":"status-publish","5":"product_cat-elebamboo","6":"product_cat-elegrass","7":"pa_bloemvruchtkleur-panaschiert","8":"pa_location-halbschattig","9":"pa_location-sonnig","10":"pa_max-height-41","12":"first","13":"instock","14":"product-type-simple"},"acf":[],"_links":{"self":[{"href":"https:\/\/hoogeveenplants.nl\/de\/wp-json\/wp\/v2\/product\/1315531","targetHints":{"allow":["GET"]}}],"collection":[{"href":"https:\/\/hoogeveenplants.nl\/de\/wp-json\/wp\/v2\/product"}],"about":[{"href":"https:\/\/hoogeveenplants.nl\/de\/wp-json\/wp\/v2\/types\/product"}],"wp:attachment":[{"href":"https:\/\/hoogeveenplants.nl\/de\/wp-json\/wp\/v2\/media?parent=1315531"}],"wp:term":[{"taxonomy":"product_brand","embeddable":true,"href":"https:\/\/hoogeveenplants.nl\/de\/wp-json\/wp\/v2\/product_brand?post=1315531"},{"taxonomy":"product_cat","embeddable":true,"href":"https:\/\/hoogeveenplants.nl\/de\/wp-json\/wp\/v2\/product_cat?post=1315531"},{"taxonomy":"product_tag","embeddable":true,"href":"https:\/\/hoogeveenplants.nl\/de\/wp-json\/wp\/v2\/product_tag?post=1315531"}],"curies":[{"name":"wp","href":"https:\/\/api.w.org\/{rel}","templated":true}]}}