{"id":1315530,"date":"2026-04-09T03:38:17","date_gmt":"2026-04-09T02:38:17","guid":{"rendered":"https:\/\/hoogeveenplants.nl\/p\/phyllostachys-bissetii\/"},"modified":"2026-04-09T03:50:20","modified_gmt":"2026-04-09T02:50:20","slug":"phyllostachys-bissetii","status":"publish","type":"product","link":"https:\/\/hoogeveenplants.nl\/de\/p\/phyllostachys-bissetii\/","title":{"rendered":"Phyllostachys &#8218;Bissetii&#8216;"},"content":{"rendered":"<p>Phyllostachys Bissetii&#8216; ist eine der widerstandsf\u00e4higsten Bambusarten der Gattung &#8218;Phyllostachys&#8216;. Sie ist an ihren leicht gl\u00e4nzenden gr\u00fcnen Bl\u00e4ttern zu erkennen und bildet dicke blaugr\u00fcne, sp\u00e4ter graugr\u00fcne St\u00e4ngel. Die Bl\u00e4tter sind recht klein und von hellgr\u00fcner Farbe. Dieser Bambus ist widerstandsf\u00e4hig und w\u00e4chst in allen B\u00f6den. Durch die dichte Struktur der St\u00e4mme und Bl\u00e4tter eignet sie sich sehr gut f\u00fcr die Bildung einer dichten Hecke. Er ist eine wuchernde Bambusart und erfordert daher etwas mehr Pflege. Es ist notwendig, einen Wurzelbegrenzer in der N\u00e4he der Pflanze anzubringen, um zu verhindern, dass sich die Wurzeln weiter ausbreiten, da sie sich sonst im ganzen Garten ausbreiten w\u00fcrden. Wussten Sie, dass &#8218;Phyllostachys Bissetii&#8216; ein essbarer Bambus ist? Die jungen Triebe (neue St\u00e4ngel) k\u00f6nnen im Fr\u00fchjahr und Sommer regelm\u00e4\u00dfig geerntet werden. Die Sprossen k\u00f6nnen gekocht oder unter R\u00fchren gebraten werden, und ihr Geschmack liegt zwischen dem von Lauch und Spargel.<\/p>\n","protected":false},"excerpt":{"rendered":"<p>Phyllostachys Bissetii&#8216; ist eine der widerstandsf\u00e4higsten Bambusarten der Gattung &#8218;Phyllostachys&#8216;. Sie ist an ihren leicht gl\u00e4nzenden gr\u00fcnen Bl\u00e4ttern zu erkennen und bildet dicke blaugr\u00fcne, sp\u00e4ter graugr\u00fcne St\u00e4ngel. Die Bl\u00e4tter sind recht klein und von hellgr\u00fcner Farbe. Dieser Bambus ist widerstandsf\u00e4hig und w\u00e4chst in allen B\u00f6den. Durch die dichte Struktur der St\u00e4mme und Bl\u00e4tter eignet sie [&hellip;]<\/p>\n","protected":false},"featured_media":0,"template":"","meta":{"_acf_changed":false},"product_brand":[],"product_cat":[290,22],"product_tag":[],"class_list":{"0":"post-1315530","1":"product","2":"type-product","3":"status-publish","5":"product_cat-elebamboo","6":"product_cat-elegrass","7":"pa_bloemvruchtkleur-gruen","8":"pa_location-halbschattig","9":"pa_location-sonnig","10":"pa_max-height-34","12":"first","13":"instock","14":"product-type-simple"},"acf":[],"_links":{"self":[{"href":"https:\/\/hoogeveenplants.nl\/de\/wp-json\/wp\/v2\/product\/1315530","targetHints":{"allow":["GET"]}}],"collection":[{"href":"https:\/\/hoogeveenplants.nl\/de\/wp-json\/wp\/v2\/product"}],"about":[{"href":"https:\/\/hoogeveenplants.nl\/de\/wp-json\/wp\/v2\/types\/product"}],"wp:attachment":[{"href":"https:\/\/hoogeveenplants.nl\/de\/wp-json\/wp\/v2\/media?parent=1315530"}],"wp:term":[{"taxonomy":"product_brand","embeddable":true,"href":"https:\/\/hoogeveenplants.nl\/de\/wp-json\/wp\/v2\/product_brand?post=1315530"},{"taxonomy":"product_cat","embeddable":true,"href":"https:\/\/hoogeveenplants.nl\/de\/wp-json\/wp\/v2\/product_cat?post=1315530"},{"taxonomy":"product_tag","embeddable":true,"href":"https:\/\/hoogeveenplants.nl\/de\/wp-json\/wp\/v2\/product_tag?post=1315530"}],"curies":[{"name":"wp","href":"https:\/\/api.w.org\/{rel}","templated":true}]}}