{"id":1315529,"date":"2026-04-09T03:38:17","date_gmt":"2026-04-09T02:38:17","guid":{"rendered":"https:\/\/hoogeveenplants.nl\/p\/phyllostachys-aureosulcata-aureocal\/"},"modified":"2026-04-09T03:50:20","modified_gmt":"2026-04-09T02:50:20","slug":"phyllostachys-aureosulcata-aureocal","status":"publish","type":"product","link":"https:\/\/hoogeveenplants.nl\/de\/p\/phyllostachys-aureosulcata-aureocal\/","title":{"rendered":"Phyllostachys aureosulcata &#8218;Aureocal&#8216;"},"content":{"rendered":"<p>Phyllostachys Aureosulcata &#8218;Aureocaulis&#8220;, auch bekannt als Riesenbambus, kann bis zu 7 Meter hoch werden! Er ist ein immergr\u00fcner und winterharter Bambus, der Temperaturen bis zu -25 Grad Celsius standh\u00e4lt. Sie hat ockergelbe St\u00e4ngel mit gr\u00fcnen Streifen, die einen sch\u00f6nen Kontrast zu den tiefgr\u00fcnen Bl\u00e4ttern bilden. Im Fr\u00fchjahr f\u00e4rben sich diese St\u00e4ngel in einem sch\u00f6nen, tiefen Rot. Ein weiteres Merkmal von &#8218;Phyllostachys&#8216; ist das Zickzack, das manchmal am unteren Ende der St\u00e4ngel erscheint. Der Bambus ist als Hecke geeignet, aber auch in einem sch\u00f6nen Pflanzgef\u00e4\u00df. Phyllostachys Aureosulcata &#8218;Aureocaulis&#8216; ist ein wuchernder Bambus und erfordert daher etwas mehr Pflege. Es ist notwendig, eine Wurzelsperre in der N\u00e4he der Pflanze zu errichten, um die Ausbreitung der Wurzeln zu verhindern. Dieser Bambus bevorzugt einen gesch\u00fctzten Platz in voller Sonne oder im Halbschatten.<\/p>\n","protected":false},"excerpt":{"rendered":"<p>Phyllostachys Aureosulcata &#8218;Aureocaulis&#8220;, auch bekannt als Riesenbambus, kann bis zu 7 Meter hoch werden! Er ist ein immergr\u00fcner und winterharter Bambus, der Temperaturen bis zu -25 Grad Celsius standh\u00e4lt. Sie hat ockergelbe St\u00e4ngel mit gr\u00fcnen Streifen, die einen sch\u00f6nen Kontrast zu den tiefgr\u00fcnen Bl\u00e4ttern bilden. Im Fr\u00fchjahr f\u00e4rben sich diese St\u00e4ngel in einem sch\u00f6nen, tiefen [&hellip;]<\/p>\n","protected":false},"featured_media":0,"template":"","meta":{"_acf_changed":false},"product_brand":[],"product_cat":[290,22],"product_tag":[],"class_list":{"0":"post-1315529","1":"product","2":"type-product","3":"status-publish","5":"product_cat-elebamboo","6":"product_cat-elegrass","7":"pa_bloemvruchtkleur-gruen","8":"pa_location-halbschattig","9":"pa_location-sonnig","10":"pa_max-height-60","12":"first","13":"instock","14":"product-type-simple"},"acf":[],"_links":{"self":[{"href":"https:\/\/hoogeveenplants.nl\/de\/wp-json\/wp\/v2\/product\/1315529","targetHints":{"allow":["GET"]}}],"collection":[{"href":"https:\/\/hoogeveenplants.nl\/de\/wp-json\/wp\/v2\/product"}],"about":[{"href":"https:\/\/hoogeveenplants.nl\/de\/wp-json\/wp\/v2\/types\/product"}],"wp:attachment":[{"href":"https:\/\/hoogeveenplants.nl\/de\/wp-json\/wp\/v2\/media?parent=1315529"}],"wp:term":[{"taxonomy":"product_brand","embeddable":true,"href":"https:\/\/hoogeveenplants.nl\/de\/wp-json\/wp\/v2\/product_brand?post=1315529"},{"taxonomy":"product_cat","embeddable":true,"href":"https:\/\/hoogeveenplants.nl\/de\/wp-json\/wp\/v2\/product_cat?post=1315529"},{"taxonomy":"product_tag","embeddable":true,"href":"https:\/\/hoogeveenplants.nl\/de\/wp-json\/wp\/v2\/product_tag?post=1315529"}],"curies":[{"name":"wp","href":"https:\/\/api.w.org\/{rel}","templated":true}]}}