{"id":1315525,"date":"2026-04-09T03:38:15","date_gmt":"2026-04-09T02:38:15","guid":{"rendered":"https:\/\/hoogeveenplants.nl\/p\/panicum-virgatum-cheyenne-sky\/"},"modified":"2026-04-09T03:50:19","modified_gmt":"2026-04-09T02:50:19","slug":"panicum-virgatum-cheyenne-sky","status":"publish","type":"product","link":"https:\/\/hoogeveenplants.nl\/de\/p\/panicum-virgatum-cheyenne-sky\/","title":{"rendered":"Panicum virgatum &#8218;Cheyenne Sky&#8216;"},"content":{"rendered":"<p>Panicum Virgatum Cheyenne Sky&#8216; ist ein kompaktes Gras mit auff\u00e4lligen, schmalen und bogenf\u00f6rmigen Bl\u00e4ttern. Blaugr\u00fcne Bl\u00e4tter erscheinen im sp\u00e4ten Fr\u00fchjahr. Gegen Ende des Sommers f\u00e4rben sich die Blattspitzen von graugr\u00fcn zu tiefrot. Die Bl\u00fctezeit ist im Sp\u00e4tsommer mit duftenden graubraunen Rispen mit rosa Farbton. Panicum virgatum&#8216; bleibt bis tief in den Winter hinein attraktiv, wenn es seine Bl\u00e4tter verliert. Das Ziergras wird maximal 100 cm hoch und ist daher auch f\u00fcr kleinere G\u00e4rten geeignet. Sie sieht allein in einem dekorativen Topf oder in kleinen Gruppen gut aus, so dass sie ein wenig mehr auff\u00e4llt. Panicum Virgatum&#8216; bringt immer Farbe in Ihren Garten!<\/p>\n","protected":false},"excerpt":{"rendered":"<p>Panicum Virgatum Cheyenne Sky&#8216; ist ein kompaktes Gras mit auff\u00e4lligen, schmalen und bogenf\u00f6rmigen Bl\u00e4ttern. Blaugr\u00fcne Bl\u00e4tter erscheinen im sp\u00e4ten Fr\u00fchjahr. Gegen Ende des Sommers f\u00e4rben sich die Blattspitzen von graugr\u00fcn zu tiefrot. Die Bl\u00fctezeit ist im Sp\u00e4tsommer mit duftenden graubraunen Rispen mit rosa Farbton. Panicum virgatum&#8216; bleibt bis tief in den Winter hinein attraktiv, wenn [&hellip;]<\/p>\n","protected":false},"featured_media":0,"template":"","meta":{"_acf_changed":false},"product_brand":[],"product_cat":[22,289],"product_tag":[],"class_list":{"0":"post-1315525","1":"product","2":"type-product","3":"status-publish","5":"product_cat-elegrass","6":"product_cat-hardy-ornamentals","7":"pa_bloemvruchtkleur-dunkelrot","8":"pa_location-halbschattig","9":"pa_location-sonnig","10":"pa_max-height-33","12":"first","13":"instock","14":"product-type-simple"},"acf":[],"_links":{"self":[{"href":"https:\/\/hoogeveenplants.nl\/de\/wp-json\/wp\/v2\/product\/1315525","targetHints":{"allow":["GET"]}}],"collection":[{"href":"https:\/\/hoogeveenplants.nl\/de\/wp-json\/wp\/v2\/product"}],"about":[{"href":"https:\/\/hoogeveenplants.nl\/de\/wp-json\/wp\/v2\/types\/product"}],"wp:attachment":[{"href":"https:\/\/hoogeveenplants.nl\/de\/wp-json\/wp\/v2\/media?parent=1315525"}],"wp:term":[{"taxonomy":"product_brand","embeddable":true,"href":"https:\/\/hoogeveenplants.nl\/de\/wp-json\/wp\/v2\/product_brand?post=1315525"},{"taxonomy":"product_cat","embeddable":true,"href":"https:\/\/hoogeveenplants.nl\/de\/wp-json\/wp\/v2\/product_cat?post=1315525"},{"taxonomy":"product_tag","embeddable":true,"href":"https:\/\/hoogeveenplants.nl\/de\/wp-json\/wp\/v2\/product_tag?post=1315525"}],"curies":[{"name":"wp","href":"https:\/\/api.w.org\/{rel}","templated":true}]}}