{"id":1315524,"date":"2026-04-09T03:38:14","date_gmt":"2026-04-09T02:38:14","guid":{"rendered":"https:\/\/hoogeveenplants.nl\/p\/panicum-virgatum-heavy-metal\/"},"modified":"2026-04-09T03:50:19","modified_gmt":"2026-04-09T02:50:19","slug":"panicum-virgatum-heavy-metal","status":"publish","type":"product","link":"https:\/\/hoogeveenplants.nl\/de\/p\/panicum-virgatum-heavy-metal\/","title":{"rendered":"Panicum virgatum &#8218;Heavy Metal&#8216;"},"content":{"rendered":"<p>Panicum Virgatum Heavy Metal&#8216; ist ein kompaktes Gras mit auff\u00e4lligen, schmalen, bogenf\u00f6rmigen Bl\u00e4ttern von blaugrauer Farbe. Diese Farbe unterscheidet es am meisten von den anderen Gr\u00e4sern seiner Art. Im Herbst f\u00e4rbt sich das Laub r\u00f6tlich-braun.  Von Juni bis September bl\u00fcht &#8218;Heavy Metal&#8216; mit wei\u00dfen bis hellrosa Rispen. Das Ziergras erreicht eine H\u00f6he von 125 bis 150 cm, aber es dauert mehrere Jahre, bis es diese H\u00f6he erreicht. Sie sieht allein in einem Topf oder in kleinen Gruppen gut aus, dann f\u00e4llt sie etwas mehr auf. Am besten ist es, die Pflanze nach dem Winter bis auf 10 cm \u00fcber dem Boden zur\u00fcckzuschneiden. Heavy Metal&#8216; w\u00e4chst am besten in voller Sonne in nicht zu nassem Boden.<\/p>\n","protected":false},"excerpt":{"rendered":"<p>Panicum Virgatum Heavy Metal&#8216; ist ein kompaktes Gras mit auff\u00e4lligen, schmalen, bogenf\u00f6rmigen Bl\u00e4ttern von blaugrauer Farbe. Diese Farbe unterscheidet es am meisten von den anderen Gr\u00e4sern seiner Art. Im Herbst f\u00e4rbt sich das Laub r\u00f6tlich-braun. Von Juni bis September bl\u00fcht &#8218;Heavy Metal&#8216; mit wei\u00dfen bis hellrosa Rispen. Das Ziergras erreicht eine H\u00f6he von 125 bis [&hellip;]<\/p>\n","protected":false},"featured_media":0,"template":"","meta":{"_acf_changed":false},"product_brand":[],"product_cat":[22,289],"product_tag":[],"class_list":{"0":"post-1315524","1":"product","2":"type-product","3":"status-publish","5":"product_cat-elegrass","6":"product_cat-hardy-ornamentals","7":"pa_location-halbschattig","8":"pa_location-sonnig","9":"pa_max-height-521","11":"first","12":"instock","13":"product-type-simple"},"acf":[],"_links":{"self":[{"href":"https:\/\/hoogeveenplants.nl\/de\/wp-json\/wp\/v2\/product\/1315524","targetHints":{"allow":["GET"]}}],"collection":[{"href":"https:\/\/hoogeveenplants.nl\/de\/wp-json\/wp\/v2\/product"}],"about":[{"href":"https:\/\/hoogeveenplants.nl\/de\/wp-json\/wp\/v2\/types\/product"}],"wp:attachment":[{"href":"https:\/\/hoogeveenplants.nl\/de\/wp-json\/wp\/v2\/media?parent=1315524"}],"wp:term":[{"taxonomy":"product_brand","embeddable":true,"href":"https:\/\/hoogeveenplants.nl\/de\/wp-json\/wp\/v2\/product_brand?post=1315524"},{"taxonomy":"product_cat","embeddable":true,"href":"https:\/\/hoogeveenplants.nl\/de\/wp-json\/wp\/v2\/product_cat?post=1315524"},{"taxonomy":"product_tag","embeddable":true,"href":"https:\/\/hoogeveenplants.nl\/de\/wp-json\/wp\/v2\/product_tag?post=1315524"}],"curies":[{"name":"wp","href":"https:\/\/api.w.org\/{rel}","templated":true}]}}