{"id":1315522,"date":"2026-04-09T03:38:13","date_gmt":"2026-04-09T02:38:13","guid":{"rendered":"https:\/\/hoogeveenplants.nl\/p\/miscanthus-sinensis-ferner-osten\/"},"modified":"2026-04-09T03:50:18","modified_gmt":"2026-04-09T02:50:18","slug":"miscanthus-sinensis-ferner-osten","status":"publish","type":"product","link":"https:\/\/hoogeveenplants.nl\/de\/p\/miscanthus-sinensis-ferner-osten\/","title":{"rendered":"Miscanthus sinensis &#8218;Ferner Osten&#8216;"},"content":{"rendered":"<p>Miscanthus Sinensis &#8218;Ferner Osten&#8216; ist ein sch\u00f6nes Ziergras, das sich gut mit anderen Gr\u00e4sern und Pflanzen kombinieren l\u00e4sst. Das Prachtriet bl\u00fcht fr\u00fcher als die meisten &#8218;Miscanthus&#8216;-Arten. In dieser Zeit erscheinen braunrote Rispen mit wei\u00dfen Spitzen, die sich sp\u00e4ter in der Saison st\u00e4rker rosa f\u00e4rben. Die St\u00e4ngel der Pflanze sind rot und die Bl\u00e4tter f\u00e4rben sich im Herbst rot. Dieser &#8218;Miscanthus&#8216; ist ein starker und kr\u00e4ftiger Wuchs, sowohl im Boden als auch in einem gro\u00dfen Ziertopf. Sie k\u00f6nnen dieses Gras in voller Sonne bis Halbschatten pflanzen. Sie w\u00e4chst am besten in einem humusreichen Boden, stellt aber nur geringe Anspr\u00fcche. Nach dem Winter ist es am besten, dieses Ziergras auf 10 cm \u00fcber dem Boden zu schneiden, damit es schnell und frisch nachw\u00e4chst. Im Winter verliert der Miscanthus seine Bl\u00e4tter, aber im Fr\u00fchjahr treibt die Pflanze wieder aus. Noch sch\u00f6ner und frischer als zuvor!<\/p>\n","protected":false},"excerpt":{"rendered":"<p>Miscanthus Sinensis &#8218;Ferner Osten&#8216; ist ein sch\u00f6nes Ziergras, das sich gut mit anderen Gr\u00e4sern und Pflanzen kombinieren l\u00e4sst. Das Prachtriet bl\u00fcht fr\u00fcher als die meisten &#8218;Miscanthus&#8216;-Arten. In dieser Zeit erscheinen braunrote Rispen mit wei\u00dfen Spitzen, die sich sp\u00e4ter in der Saison st\u00e4rker rosa f\u00e4rben. Die St\u00e4ngel der Pflanze sind rot und die Bl\u00e4tter f\u00e4rben sich [&hellip;]<\/p>\n","protected":false},"featured_media":0,"template":"","meta":{"_acf_changed":false},"product_brand":[],"product_cat":[22,289],"product_tag":[],"class_list":{"0":"post-1315522","1":"product","2":"type-product","3":"status-publish","5":"product_cat-elegrass","6":"product_cat-hardy-ornamentals","7":"pa_bloemvruchtkleur-gruen","8":"pa_location-halbschattig","9":"pa_location-sonnig","10":"pa_max-height-17","12":"first","13":"instock","14":"product-type-simple"},"acf":[],"_links":{"self":[{"href":"https:\/\/hoogeveenplants.nl\/de\/wp-json\/wp\/v2\/product\/1315522","targetHints":{"allow":["GET"]}}],"collection":[{"href":"https:\/\/hoogeveenplants.nl\/de\/wp-json\/wp\/v2\/product"}],"about":[{"href":"https:\/\/hoogeveenplants.nl\/de\/wp-json\/wp\/v2\/types\/product"}],"wp:attachment":[{"href":"https:\/\/hoogeveenplants.nl\/de\/wp-json\/wp\/v2\/media?parent=1315522"}],"wp:term":[{"taxonomy":"product_brand","embeddable":true,"href":"https:\/\/hoogeveenplants.nl\/de\/wp-json\/wp\/v2\/product_brand?post=1315522"},{"taxonomy":"product_cat","embeddable":true,"href":"https:\/\/hoogeveenplants.nl\/de\/wp-json\/wp\/v2\/product_cat?post=1315522"},{"taxonomy":"product_tag","embeddable":true,"href":"https:\/\/hoogeveenplants.nl\/de\/wp-json\/wp\/v2\/product_tag?post=1315522"}],"curies":[{"name":"wp","href":"https:\/\/api.w.org\/{rel}","templated":true}]}}