{"id":1315517,"date":"2026-04-09T03:38:11","date_gmt":"2026-04-09T02:38:11","guid":{"rendered":"https:\/\/hoogeveenplants.nl\/p\/miscanthus-sinensis-gracillimus\/"},"modified":"2026-04-09T03:50:17","modified_gmt":"2026-04-09T02:50:17","slug":"miscanthus-sinensis-gracillimus-3","status":"publish","type":"product","link":"https:\/\/hoogeveenplants.nl\/de\/p\/miscanthus-sinensis-gracillimus-3\/","title":{"rendered":"Miscanthus sinensis &#8218;Gracillimus&#8216;"},"content":{"rendered":"<p>Miscanthus Sinensis Gracillimus&#8216; ist ein Ziergras mit dekorativen gr\u00fcnen Bl\u00e4ttern mit wei\u00dfen Adern, die in einem Bogen herabh\u00e4ngen. Die frischgr\u00fcnen Bl\u00e4tter sind relativ d\u00fcnn und bewegen sich sch\u00f6n im Wind. Die Bl\u00fcte ist weniger \u00fcppig als bei anderen &#8218;Miscanthus&#8216;-Arten, aber diese Eigenschaft macht sie besser geeignet f\u00fcr kleinere G\u00e4rten. Er bl\u00fcht im Herbst mit rosa Federn. Nach dem Winter ist es am besten, dieses Ziergras auf 10 cm \u00fcber dem Boden zu schneiden, damit es schnell und frisch nachw\u00e4chst. Miscanthus&#8220; erfreut sich zunehmender Beliebtheit, da er sich gut mit harten Materialien und modernen, eleganten Gartenm\u00f6beln kombinieren l\u00e4sst. Miscanthus sinensis Gracillimus ist meist die sch\u00f6nste Pflanze, wenn sie allein in einem sch\u00f6nen Topf steht.<\/p>\n","protected":false},"excerpt":{"rendered":"<p>Miscanthus Sinensis Gracillimus&#8216; ist ein Ziergras mit dekorativen gr\u00fcnen Bl\u00e4ttern mit wei\u00dfen Adern, die in einem Bogen herabh\u00e4ngen. Die frischgr\u00fcnen Bl\u00e4tter sind relativ d\u00fcnn und bewegen sich sch\u00f6n im Wind. Die Bl\u00fcte ist weniger \u00fcppig als bei anderen &#8218;Miscanthus&#8216;-Arten, aber diese Eigenschaft macht sie besser geeignet f\u00fcr kleinere G\u00e4rten. Er bl\u00fcht im Herbst mit rosa [&hellip;]<\/p>\n","protected":false},"featured_media":0,"template":"","meta":{"_acf_changed":false},"product_brand":[],"product_cat":[22,289],"product_tag":[],"class_list":{"0":"post-1315517","1":"product","2":"type-product","3":"status-publish","5":"product_cat-elegrass","6":"product_cat-hardy-ornamentals","7":"pa_bloemvruchtkleur-gruen","8":"pa_location-halbschattig","9":"pa_location-sonnig","10":"pa_max-height-518","12":"first","13":"instock","14":"product-type-simple"},"acf":[],"_links":{"self":[{"href":"https:\/\/hoogeveenplants.nl\/de\/wp-json\/wp\/v2\/product\/1315517","targetHints":{"allow":["GET"]}}],"collection":[{"href":"https:\/\/hoogeveenplants.nl\/de\/wp-json\/wp\/v2\/product"}],"about":[{"href":"https:\/\/hoogeveenplants.nl\/de\/wp-json\/wp\/v2\/types\/product"}],"wp:attachment":[{"href":"https:\/\/hoogeveenplants.nl\/de\/wp-json\/wp\/v2\/media?parent=1315517"}],"wp:term":[{"taxonomy":"product_brand","embeddable":true,"href":"https:\/\/hoogeveenplants.nl\/de\/wp-json\/wp\/v2\/product_brand?post=1315517"},{"taxonomy":"product_cat","embeddable":true,"href":"https:\/\/hoogeveenplants.nl\/de\/wp-json\/wp\/v2\/product_cat?post=1315517"},{"taxonomy":"product_tag","embeddable":true,"href":"https:\/\/hoogeveenplants.nl\/de\/wp-json\/wp\/v2\/product_tag?post=1315517"}],"curies":[{"name":"wp","href":"https:\/\/api.w.org\/{rel}","templated":true}]}}