{"id":1315514,"date":"2026-04-09T03:38:10","date_gmt":"2026-04-09T02:38:10","guid":{"rendered":"https:\/\/hoogeveenplants.nl\/p\/vaccinium-corymbosum-little-blue-wonder\/"},"modified":"2026-04-09T03:50:16","modified_gmt":"2026-04-09T02:50:16","slug":"vaccinium-corymbosum-little-blue-wonder","status":"publish","type":"product","link":"https:\/\/hoogeveenplants.nl\/de\/p\/vaccinium-corymbosum-little-blue-wonder\/","title":{"rendered":"Vaccinium corymbosum &#8218;Little Blue Wonder&#8216;"},"content":{"rendered":"<p>Leckeres gr\u00fcnes Obst aus 100% biologischem Anbau. Das bedeutet, dass beim Anbau nur pflanzliche und tierische Materialien verwendet wurden. Der Topf und das Etikett bestehen aus recyceltem Kunststoff und sind somit eine saubere L\u00f6sung f\u00fcr die Umwelt.<br \/>\nVaccinium Little Blue Wonder&#8216; ist auch als Heidelbeere oder amerikanische Blaubeere bekannt. Die &#8218;Little Blue Wonder&#8216; ist eine der kompaktesten Heidelbeeren, die Pflanze wird nur etwa 50 cm hoch. Die Beeren sind recht klein, haben aber einen angenehm frischen Geschmack und eine sch\u00f6ne himmelblaue Farbe. Man kann sie direkt vom Strauch essen, aber sie eignen sich auch sehr gut f\u00fcr die Verwendung in Marmelade, Kuchen oder Saft. Die Pflanze bevorzugt einen sonnigen bis halbschattigen Standort und ben\u00f6tigt zum Wachsen einen sauren Boden. Andernfalls wird die Pflanze kaum Fr\u00fcchte tragen oder sogar absterben. Die Heidelbeere bl\u00fcht im Mai mit wei\u00df-rosa Bl\u00fcten, aus denen sich Beeren entwickeln. Der Beginn der Erntezeit ist im Juli. Im Herbst verf\u00e4rben sich die Bl\u00e4tter in ein sch\u00f6nes Rot, danach verliert sie ihre Bl\u00e4tter. Die blauen Beeren enthalten Anthocyane, eine Substanz, die der Beere ihre blaue Farbe verleiht. Dieser Stoff hat eine gute Wirkung auf das Herz und die Blutgef\u00e4\u00dfe. Der Farbstoff kann u. a. daf\u00fcr sorgen, dass Fettansammlungen in den Blutgef\u00e4\u00dfen reduziert werden, was die Durchblutung verbessert. Dar\u00fcber hinaus enthalten Heidelbeeren Antioxidantien. Diese spielen eine wichtige Rolle im Alterungsprozess. Kurzum, eine supergesunde Beere, die jeder in seinem Garten haben m\u00f6chte!<\/p>\n","protected":false},"excerpt":{"rendered":"<p>Leckeres gr\u00fcnes Obst aus 100% biologischem Anbau. Das bedeutet, dass beim Anbau nur pflanzliche und tierische Materialien verwendet wurden. Der Topf und das Etikett bestehen aus recyceltem Kunststoff und sind somit eine saubere L\u00f6sung f\u00fcr die Umwelt. Vaccinium Little Blue Wonder&#8216; ist auch als Heidelbeere oder amerikanische Blaubeere bekannt. Die &#8218;Little Blue Wonder&#8216; ist eine [&hellip;]<\/p>\n","protected":false},"featured_media":0,"template":"","meta":{"_acf_changed":false},"product_brand":[],"product_cat":[253,213],"product_tag":[],"class_list":{"0":"post-1315514","1":"product","2":"type-product","3":"status-publish","5":"product_cat-lubera","6":"product_cat-tasty-green","7":"pa_bloemvruchtkleur-blau","8":"pa_location-halbschattig","9":"pa_location-sonnig","10":"pa_max-height-17","12":"first","13":"instock","14":"product-type-simple"},"acf":[],"_links":{"self":[{"href":"https:\/\/hoogeveenplants.nl\/de\/wp-json\/wp\/v2\/product\/1315514","targetHints":{"allow":["GET"]}}],"collection":[{"href":"https:\/\/hoogeveenplants.nl\/de\/wp-json\/wp\/v2\/product"}],"about":[{"href":"https:\/\/hoogeveenplants.nl\/de\/wp-json\/wp\/v2\/types\/product"}],"wp:attachment":[{"href":"https:\/\/hoogeveenplants.nl\/de\/wp-json\/wp\/v2\/media?parent=1315514"}],"wp:term":[{"taxonomy":"product_brand","embeddable":true,"href":"https:\/\/hoogeveenplants.nl\/de\/wp-json\/wp\/v2\/product_brand?post=1315514"},{"taxonomy":"product_cat","embeddable":true,"href":"https:\/\/hoogeveenplants.nl\/de\/wp-json\/wp\/v2\/product_cat?post=1315514"},{"taxonomy":"product_tag","embeddable":true,"href":"https:\/\/hoogeveenplants.nl\/de\/wp-json\/wp\/v2\/product_tag?post=1315514"}],"curies":[{"name":"wp","href":"https:\/\/api.w.org\/{rel}","templated":true}]}}