{"id":1315505,"date":"2026-04-09T03:38:06","date_gmt":"2026-04-09T02:38:06","guid":{"rendered":"https:\/\/hoogeveenplants.nl\/p\/carex-testacea-prairie-fire\/"},"modified":"2026-04-09T03:50:14","modified_gmt":"2026-04-09T02:50:14","slug":"carex-testacea-prairie-fire","status":"publish","type":"product","link":"https:\/\/hoogeveenplants.nl\/de\/p\/carex-testacea-prairie-fire\/","title":{"rendered":"Carex testacea &#8218;Prairie Fire&#8216;"},"content":{"rendered":"<p>Carex testaceae &#8218;Prairie Fire&#8220; ist ein kleines immergr\u00fcnes Gras mit schmalen, bogenf\u00f6rmigen, olivgr\u00fcnen Bl\u00e4ttern im Fr\u00fchjahr. Die Bl\u00e4tter verf\u00e4rben sich im Sommer langsam zu Bronze und im Herbst zu einem sch\u00f6nen Orangerot. Die Farbver\u00e4nderung macht diese Pflanze zu einem echten Hingucker! Diese Segge bl\u00fcht von Juni bis August mit unauff\u00e4lligen rotbraunen Bl\u00fctenst\u00e4nden. Dieses Gras bevorzugt einen Standort in voller Sonne oder im Halbschatten und einen gut durchl\u00e4ssigen Boden, vor allem aber einen nicht zu nassen Boden in den Wintermonaten. Die Pflanze ist einigerma\u00dfen trockenheitstolerant und vertr\u00e4gt Seewind und Luftverschmutzung.<\/p>\n","protected":false},"excerpt":{"rendered":"<p>Carex testaceae &#8218;Prairie Fire&#8220; ist ein kleines immergr\u00fcnes Gras mit schmalen, bogenf\u00f6rmigen, olivgr\u00fcnen Bl\u00e4ttern im Fr\u00fchjahr. Die Bl\u00e4tter verf\u00e4rben sich im Sommer langsam zu Bronze und im Herbst zu einem sch\u00f6nen Orangerot. Die Farbver\u00e4nderung macht diese Pflanze zu einem echten Hingucker! Diese Segge bl\u00fcht von Juni bis August mit unauff\u00e4lligen rotbraunen Bl\u00fctenst\u00e4nden. Dieses Gras bevorzugt [&hellip;]<\/p>\n","protected":false},"featured_media":0,"template":"","meta":{"_acf_changed":false},"product_brand":[],"product_cat":[22,288],"product_tag":[],"class_list":{"0":"post-1315505","1":"product","2":"type-product","3":"status-publish","5":"product_cat-elegrass","6":"product_cat-hardy-and-evergreen","7":"pa_bloemvruchtkleur-bronze","8":"pa_location-halbschattig","9":"pa_location-sonnig","10":"pa_max-height-49","12":"first","13":"instock","14":"product-type-simple"},"acf":[],"_links":{"self":[{"href":"https:\/\/hoogeveenplants.nl\/de\/wp-json\/wp\/v2\/product\/1315505","targetHints":{"allow":["GET"]}}],"collection":[{"href":"https:\/\/hoogeveenplants.nl\/de\/wp-json\/wp\/v2\/product"}],"about":[{"href":"https:\/\/hoogeveenplants.nl\/de\/wp-json\/wp\/v2\/types\/product"}],"wp:attachment":[{"href":"https:\/\/hoogeveenplants.nl\/de\/wp-json\/wp\/v2\/media?parent=1315505"}],"wp:term":[{"taxonomy":"product_brand","embeddable":true,"href":"https:\/\/hoogeveenplants.nl\/de\/wp-json\/wp\/v2\/product_brand?post=1315505"},{"taxonomy":"product_cat","embeddable":true,"href":"https:\/\/hoogeveenplants.nl\/de\/wp-json\/wp\/v2\/product_cat?post=1315505"},{"taxonomy":"product_tag","embeddable":true,"href":"https:\/\/hoogeveenplants.nl\/de\/wp-json\/wp\/v2\/product_tag?post=1315505"}],"curies":[{"name":"wp","href":"https:\/\/api.w.org\/{rel}","templated":true}]}}