{"id":1315504,"date":"2026-04-09T03:38:06","date_gmt":"2026-04-09T02:38:06","guid":{"rendered":"https:\/\/hoogeveenplants.nl\/p\/carex-morrowii-ice-dance\/"},"modified":"2026-04-09T03:50:14","modified_gmt":"2026-04-09T02:50:14","slug":"carex-morrowii-ice-dance","status":"publish","type":"product","link":"https:\/\/hoogeveenplants.nl\/de\/p\/carex-morrowii-ice-dance\/","title":{"rendered":"Carex morrowii &#8218;Ice Dance&#8216;"},"content":{"rendered":"<p>Carex Ice Dance&#8216;, auch bekannt als &#8218;Zegge&#8216;, ist ein immergr\u00fcnes Ziergras. Das bedeutet, dass die Pflanze auch im Winter ihre Bl\u00e4tter beh\u00e4lt. Aus diesem Grund ist Carex seit Jahren eines der beliebtesten Ziergr\u00e4ser. Die Pflanze eignet sich gut als Beetpflanze, in einem Beet oder in einem dekorativen Topf. Carex Ice Dance&#8216; bl\u00fcht im Fr\u00fchjahr mit fr\u00f6hlichen \u00c4hren und kann bis zu 60 cm hoch werden. Wir raten dazu, die Carex ab und zu im Fr\u00fchjahr zu beschneiden. Dazu schneidet man die gebr\u00e4unten Knospen bis zu 10 cm \u00fcber dem Boden ab. Das ist nicht notwendig, aber Sie verhindern, dass \u00e4ltere Bl\u00e4tter braune Flecken bekommen. Nach dem R\u00fcckschnitt treibt diese Art wieder aus und Ihre Carex wird sch\u00f6ner als je zuvor sein!<\/p>\n","protected":false},"excerpt":{"rendered":"<p>Carex Ice Dance&#8216;, auch bekannt als &#8218;Zegge&#8216;, ist ein immergr\u00fcnes Ziergras. Das bedeutet, dass die Pflanze auch im Winter ihre Bl\u00e4tter beh\u00e4lt. Aus diesem Grund ist Carex seit Jahren eines der beliebtesten Ziergr\u00e4ser. Die Pflanze eignet sich gut als Beetpflanze, in einem Beet oder in einem dekorativen Topf. Carex Ice Dance&#8216; bl\u00fcht im Fr\u00fchjahr mit [&hellip;]<\/p>\n","protected":false},"featured_media":0,"template":"","meta":{"_acf_changed":false},"product_brand":[],"product_cat":[22,288],"product_tag":[],"class_list":{"0":"post-1315504","1":"product","2":"type-product","3":"status-publish","5":"product_cat-elegrass","6":"product_cat-hardy-and-evergreen","7":"pa_bloemvruchtkleur-panaschiert","8":"pa_location-halbschattig","9":"pa_location-sonnig","10":"pa_max-height-49","12":"first","13":"instock","14":"product-type-simple"},"acf":[],"_links":{"self":[{"href":"https:\/\/hoogeveenplants.nl\/de\/wp-json\/wp\/v2\/product\/1315504","targetHints":{"allow":["GET"]}}],"collection":[{"href":"https:\/\/hoogeveenplants.nl\/de\/wp-json\/wp\/v2\/product"}],"about":[{"href":"https:\/\/hoogeveenplants.nl\/de\/wp-json\/wp\/v2\/types\/product"}],"wp:attachment":[{"href":"https:\/\/hoogeveenplants.nl\/de\/wp-json\/wp\/v2\/media?parent=1315504"}],"wp:term":[{"taxonomy":"product_brand","embeddable":true,"href":"https:\/\/hoogeveenplants.nl\/de\/wp-json\/wp\/v2\/product_brand?post=1315504"},{"taxonomy":"product_cat","embeddable":true,"href":"https:\/\/hoogeveenplants.nl\/de\/wp-json\/wp\/v2\/product_cat?post=1315504"},{"taxonomy":"product_tag","embeddable":true,"href":"https:\/\/hoogeveenplants.nl\/de\/wp-json\/wp\/v2\/product_tag?post=1315504"}],"curies":[{"name":"wp","href":"https:\/\/api.w.org\/{rel}","templated":true}]}}