{"id":1315502,"date":"2026-04-09T03:38:05","date_gmt":"2026-04-09T02:38:05","guid":{"rendered":"https:\/\/hoogeveenplants.nl\/p\/carex-morrowii-irish-green\/"},"modified":"2026-04-09T03:50:13","modified_gmt":"2026-04-09T02:50:13","slug":"carex-morrowii-irish-green","status":"publish","type":"product","link":"https:\/\/hoogeveenplants.nl\/de\/p\/carex-morrowii-irish-green\/","title":{"rendered":"Carex morrowii &#8218;Irish Green&#8216;"},"content":{"rendered":"<p>Carex Irish Green ist ein winterhartes und kr\u00e4ftiges, immergr\u00fcnes Ziergras, das sich hervorragend als Bodendecker oder als Solit\u00e4rpflanze eignet. Die Anwendungsm\u00f6glichkeiten dieser Segge sind endlos. Diese Gartenpflanze f\u00fchlt sich sowohl in der Sonne als auch im Schatten wohl. Die Wuchsform dieser Carex ist aufrecht. Dieses Gras gedeiht sehr gut auf gut durchl\u00e4ssigen B\u00f6den. Sie kann bis zu 30 Zentimeter hoch werden und muss nicht beschnitten werden, da sie immergr\u00fcn ist. Wenn ein strenger Winter braune Flecken verursacht oder wenn Ihre Segge nicht mehr frisch aussieht, k\u00f6nnen Sie sie bis auf 10 Zentimeter \u00fcber dem Boden zur\u00fcckschneiden. Tun Sie dies im Winter, damit Ihre Zegge Zeit hat, im Fr\u00fchjahr wieder frische, gr\u00fcne und gesunde Bl\u00e4tter zu bilden.<\/p>\n","protected":false},"excerpt":{"rendered":"<p>Carex Irish Green ist ein winterhartes und kr\u00e4ftiges, immergr\u00fcnes Ziergras, das sich hervorragend als Bodendecker oder als Solit\u00e4rpflanze eignet. Die Anwendungsm\u00f6glichkeiten dieser Segge sind endlos. Diese Gartenpflanze f\u00fchlt sich sowohl in der Sonne als auch im Schatten wohl. Die Wuchsform dieser Carex ist aufrecht. Dieses Gras gedeiht sehr gut auf gut durchl\u00e4ssigen B\u00f6den. Sie kann [&hellip;]<\/p>\n","protected":false},"featured_media":0,"template":"","meta":{"_acf_changed":false},"product_brand":[],"product_cat":[22,288],"product_tag":[],"class_list":{"0":"post-1315502","1":"product","2":"type-product","3":"status-publish","5":"product_cat-elegrass","6":"product_cat-hardy-and-evergreen","7":"pa_bloemvruchtkleur-gruen","8":"pa_location-halbschattig","9":"pa_location-sonnig","10":"pa_max-height-49","12":"first","13":"instock","14":"product-type-simple"},"acf":[],"_links":{"self":[{"href":"https:\/\/hoogeveenplants.nl\/de\/wp-json\/wp\/v2\/product\/1315502","targetHints":{"allow":["GET"]}}],"collection":[{"href":"https:\/\/hoogeveenplants.nl\/de\/wp-json\/wp\/v2\/product"}],"about":[{"href":"https:\/\/hoogeveenplants.nl\/de\/wp-json\/wp\/v2\/types\/product"}],"wp:attachment":[{"href":"https:\/\/hoogeveenplants.nl\/de\/wp-json\/wp\/v2\/media?parent=1315502"}],"wp:term":[{"taxonomy":"product_brand","embeddable":true,"href":"https:\/\/hoogeveenplants.nl\/de\/wp-json\/wp\/v2\/product_brand?post=1315502"},{"taxonomy":"product_cat","embeddable":true,"href":"https:\/\/hoogeveenplants.nl\/de\/wp-json\/wp\/v2\/product_cat?post=1315502"},{"taxonomy":"product_tag","embeddable":true,"href":"https:\/\/hoogeveenplants.nl\/de\/wp-json\/wp\/v2\/product_tag?post=1315502"}],"curies":[{"name":"wp","href":"https:\/\/api.w.org\/{rel}","templated":true}]}}