{"id":1315484,"date":"2026-04-09T03:36:52","date_gmt":"2026-04-09T02:36:52","guid":{"rendered":"https:\/\/hoogeveenplants.nl\/p\/miscanthus-sinensis-adagio\/"},"modified":"2026-04-09T03:50:10","modified_gmt":"2026-04-09T02:50:10","slug":"miscanthus-sinensis-adagio-2","status":"publish","type":"product","link":"https:\/\/hoogeveenplants.nl\/de\/p\/miscanthus-sinensis-adagio-2\/","title":{"rendered":"Miscanthus sinensis &#8218;Adagio&#8216;"},"content":{"rendered":"<p>Miscanthus sinensis &#8218;Adagio&#8216; ist ein mittelgro\u00dfes Ziergras. Er wird etwa 140 bis 160 cm gro\u00df. Das Ziergras hat schmale graugr\u00fcne Bl\u00e4tter, die sich im Herbst gelb f\u00e4rben. Miscanthus sinensis &#8218;Adagio&#8216; bl\u00fcht von September bis November mit rosa-wei\u00dfen Rispen, die sich sp\u00e4ter in der Saison, wenn die Samen reifen, silberwei\u00df f\u00e4rben. Die Rispen bleiben bis zum Winter an der Pflanze. Dieses Ziergras ist winterhart und immergr\u00fcn und daher eine farbenfrohe Bereicherung f\u00fcr Ihren Herbst- und Wintergarten. Miscanthus sinensis&#8216; sieht in der Regel am besten allein stehend aus. Besonders am Rande eines Teiches oder einer Wiese. Diese Pflanze ist resistent gegen salzige Winde und kann daher auch in G\u00e4rten an der K\u00fcste gepflanzt werden. Sie ist eine kr\u00e4ftige Pflanze und bevorzugt einen feuchten Boden in voller Sonne oder im Halbschatten.<\/p>\n","protected":false},"excerpt":{"rendered":"<p>Miscanthus sinensis &#8218;Adagio&#8216; ist ein mittelgro\u00dfes Ziergras. Er wird etwa 140 bis 160 cm gro\u00df. Das Ziergras hat schmale graugr\u00fcne Bl\u00e4tter, die sich im Herbst gelb f\u00e4rben. Miscanthus sinensis &#8218;Adagio&#8216; bl\u00fcht von September bis November mit rosa-wei\u00dfen Rispen, die sich sp\u00e4ter in der Saison, wenn die Samen reifen, silberwei\u00df f\u00e4rben. Die Rispen bleiben bis zum [&hellip;]<\/p>\n","protected":false},"featured_media":0,"template":"","meta":{"_acf_changed":false},"product_brand":[],"product_cat":[22,289],"product_tag":[],"class_list":{"0":"post-1315484","1":"product","2":"type-product","3":"status-publish","5":"product_cat-elegrass","6":"product_cat-hardy-ornamentals","7":"pa_bloemvruchtkleur-gruen","8":"pa_location-halbschattig","9":"pa_location-sonnig","10":"pa_max-height-517","12":"first","13":"instock","14":"product-type-simple"},"acf":[],"_links":{"self":[{"href":"https:\/\/hoogeveenplants.nl\/de\/wp-json\/wp\/v2\/product\/1315484","targetHints":{"allow":["GET"]}}],"collection":[{"href":"https:\/\/hoogeveenplants.nl\/de\/wp-json\/wp\/v2\/product"}],"about":[{"href":"https:\/\/hoogeveenplants.nl\/de\/wp-json\/wp\/v2\/types\/product"}],"wp:attachment":[{"href":"https:\/\/hoogeveenplants.nl\/de\/wp-json\/wp\/v2\/media?parent=1315484"}],"wp:term":[{"taxonomy":"product_brand","embeddable":true,"href":"https:\/\/hoogeveenplants.nl\/de\/wp-json\/wp\/v2\/product_brand?post=1315484"},{"taxonomy":"product_cat","embeddable":true,"href":"https:\/\/hoogeveenplants.nl\/de\/wp-json\/wp\/v2\/product_cat?post=1315484"},{"taxonomy":"product_tag","embeddable":true,"href":"https:\/\/hoogeveenplants.nl\/de\/wp-json\/wp\/v2\/product_tag?post=1315484"}],"curies":[{"name":"wp","href":"https:\/\/api.w.org\/{rel}","templated":true}]}}