{"id":1315477,"date":"2026-04-09T03:36:47","date_gmt":"2026-04-09T02:36:47","guid":{"rendered":"https:\/\/hoogeveenplants.nl\/p\/cortaderia-selloana-tiny-pampa\/"},"modified":"2026-04-09T03:50:08","modified_gmt":"2026-04-09T02:50:08","slug":"cortaderia-selloana-tiny-pampa","status":"publish","type":"product","link":"https:\/\/hoogeveenplants.nl\/de\/p\/cortaderia-selloana-tiny-pampa\/","title":{"rendered":"Cortaderia selloana &#8218;Tiny Pampa&#8216;"},"content":{"rendered":"<p>Wunderbar kompaktes Pampasgras, das auf dem Balkon oder der Terrasse wundersch\u00f6n bl\u00fcht. Aufgrund seines kompakten Wuchses l\u00e4sst das Pampasgras in seiner Bl\u00fctezeit nicht nach und ist eine Spitzenpflanze f\u00fcr die kommende Zeit.<\/p>\n","protected":false},"excerpt":{"rendered":"<p>Wunderbar kompaktes Pampasgras, das auf dem Balkon oder der Terrasse wundersch\u00f6n bl\u00fcht. Aufgrund seines kompakten Wuchses l\u00e4sst das Pampasgras in seiner Bl\u00fctezeit nicht nach und ist eine Spitzenpflanze f\u00fcr die kommende Zeit.<\/p>\n","protected":false},"featured_media":0,"template":"","meta":{"_acf_changed":false},"product_brand":[],"product_cat":[22,289],"product_tag":[],"class_list":{"0":"post-1315477","1":"product","2":"type-product","3":"status-publish","5":"product_cat-elegrass","6":"product_cat-hardy-ornamentals","7":"pa_bloemvruchtkleur-weiss","8":"pa_location-halbschattig","9":"pa_location-sonnig","10":"pa_max-height-147","12":"first","13":"instock","14":"product-type-simple"},"acf":[],"_links":{"self":[{"href":"https:\/\/hoogeveenplants.nl\/de\/wp-json\/wp\/v2\/product\/1315477","targetHints":{"allow":["GET"]}}],"collection":[{"href":"https:\/\/hoogeveenplants.nl\/de\/wp-json\/wp\/v2\/product"}],"about":[{"href":"https:\/\/hoogeveenplants.nl\/de\/wp-json\/wp\/v2\/types\/product"}],"wp:attachment":[{"href":"https:\/\/hoogeveenplants.nl\/de\/wp-json\/wp\/v2\/media?parent=1315477"}],"wp:term":[{"taxonomy":"product_brand","embeddable":true,"href":"https:\/\/hoogeveenplants.nl\/de\/wp-json\/wp\/v2\/product_brand?post=1315477"},{"taxonomy":"product_cat","embeddable":true,"href":"https:\/\/hoogeveenplants.nl\/de\/wp-json\/wp\/v2\/product_cat?post=1315477"},{"taxonomy":"product_tag","embeddable":true,"href":"https:\/\/hoogeveenplants.nl\/de\/wp-json\/wp\/v2\/product_tag?post=1315477"}],"curies":[{"name":"wp","href":"https:\/\/api.w.org\/{rel}","templated":true}]}}