{"id":1315476,"date":"2026-04-09T03:36:46","date_gmt":"2026-04-09T02:36:46","guid":{"rendered":"https:\/\/hoogeveenplants.nl\/p\/cortaderia-selloana-evita\/"},"modified":"2026-04-09T03:50:08","modified_gmt":"2026-04-09T02:50:08","slug":"cortaderia-selloana-evita-2","status":"publish","type":"product","link":"https:\/\/hoogeveenplants.nl\/de\/p\/cortaderia-selloana-evita-2\/","title":{"rendered":"Cortaderia selloana &#8218;Evita&#8216;"},"content":{"rendered":"<p>Im Vergleich zu anderen Cortaderias w\u00e4chst dieses Pampasgras kompakt und bildet w\u00e4hrend seiner Bl\u00fctezeit (August-September) viele Rispen. Unserer Meinung nach ist dies die beste Sorte. Die Bl\u00e4tter sind sehr fest und h\u00e4ngen sch\u00f6n herab. Die Cortaderia eignet sich hervorragend f\u00fcr die Kombination mit Bodendeckern und anderen niedrigen Pflanzen, aber auch als Hintergrund in einem gro\u00dfen Beet ist sie sch\u00f6n. Im Winter bleiben die sch\u00f6nen Federn erhalten, es ist eine blatttragende und winterharte Art. Bei strengem Frost ist eine Heckenpflanzung jedoch nicht zu empfehlen. Es ist auch besser, sie nicht in feuchte Erde zu stellen. Daher ist ein Standort mit gut durchl\u00e4ssigem Boden ideal. Im zeitigen Fr\u00fchjahr k\u00f6nnen Sie die gesamte Pflanze bis zu einer H\u00f6he von etwa 30 Zentimetern \u00fcber dem Boden abschneiden. Die Evita wird dann wieder wie neu wachsen. Vergessen Sie nicht, die alten Bl\u00e4tter zu entfernen. Achten Sie auf scharfe Kanten! Es ist ratsam, gute Handschuhe zu tragen.<\/p>\n","protected":false},"excerpt":{"rendered":"<p>Im Vergleich zu anderen Cortaderias w\u00e4chst dieses Pampasgras kompakt und bildet w\u00e4hrend seiner Bl\u00fctezeit (August-September) viele Rispen. Unserer Meinung nach ist dies die beste Sorte. Die Bl\u00e4tter sind sehr fest und h\u00e4ngen sch\u00f6n herab. Die Cortaderia eignet sich hervorragend f\u00fcr die Kombination mit Bodendeckern und anderen niedrigen Pflanzen, aber auch als Hintergrund in einem gro\u00dfen [&hellip;]<\/p>\n","protected":false},"featured_media":0,"template":"","meta":{"_acf_changed":false},"product_brand":[],"product_cat":[22,289],"product_tag":[],"class_list":{"0":"post-1315476","1":"product","2":"type-product","3":"status-publish","5":"product_cat-elegrass","6":"product_cat-hardy-ornamentals","7":"pa_bloemvruchtkleur-weiss","8":"pa_location-halbschattig","9":"pa_location-sonnig","10":"pa_max-height-517","12":"first","13":"instock","14":"product-type-simple"},"acf":[],"_links":{"self":[{"href":"https:\/\/hoogeveenplants.nl\/de\/wp-json\/wp\/v2\/product\/1315476","targetHints":{"allow":["GET"]}}],"collection":[{"href":"https:\/\/hoogeveenplants.nl\/de\/wp-json\/wp\/v2\/product"}],"about":[{"href":"https:\/\/hoogeveenplants.nl\/de\/wp-json\/wp\/v2\/types\/product"}],"wp:attachment":[{"href":"https:\/\/hoogeveenplants.nl\/de\/wp-json\/wp\/v2\/media?parent=1315476"}],"wp:term":[{"taxonomy":"product_brand","embeddable":true,"href":"https:\/\/hoogeveenplants.nl\/de\/wp-json\/wp\/v2\/product_brand?post=1315476"},{"taxonomy":"product_cat","embeddable":true,"href":"https:\/\/hoogeveenplants.nl\/de\/wp-json\/wp\/v2\/product_cat?post=1315476"},{"taxonomy":"product_tag","embeddable":true,"href":"https:\/\/hoogeveenplants.nl\/de\/wp-json\/wp\/v2\/product_tag?post=1315476"}],"curies":[{"name":"wp","href":"https:\/\/api.w.org\/{rel}","templated":true}]}}