{"id":1315469,"date":"2026-04-09T03:36:41","date_gmt":"2026-04-09T02:36:41","guid":{"rendered":"https:\/\/hoogeveenplants.nl\/p\/rubus-idaeus-malling-promise\/"},"modified":"2026-04-09T03:50:06","modified_gmt":"2026-04-09T02:50:06","slug":"rubus-idaeus-malling-promise","status":"publish","type":"product","link":"https:\/\/hoogeveenplants.nl\/de\/p\/rubus-idaeus-malling-promise\/","title":{"rendered":"Rubus idaeus &#8218;Malling Promise&#8216;"},"content":{"rendered":"<p>Leckeres gr\u00fcnes Obst aus 100% biologischem Anbau. Das bedeutet, dass beim Anbau nur pflanzliche und tierische Materialien verwendet wurden. Der Topf und das Etikett bestehen aus recyceltem Kunststoff und sind somit eine saubere L\u00f6sung f\u00fcr die Umwelt.<br \/>\nRubus Idaeus Malling Promise&#8216; ist eine der bekanntesten Himbeersorten. Diese Himbeere ist selbstbest\u00e4ubend und bl\u00fcht im sp\u00e4ten Fr\u00fchjahr mit unscheinbaren, kleinen wei\u00df-rosa Bl\u00fcten, die Bienen und Hummeln anziehen. Nach der Bl\u00fcte entwickeln sich die Himbeeren. Die Fr\u00fcchte sind ziemlich weich, leuchtend rot und haben einen milden Geschmack. Rubus idaeus Malling Promise&#8216; ist eine Sommerhimbeere, deren Fr\u00fcchte ab Juli geerntet werden k\u00f6nnen. Himbeeren eignen sich hervorragend zur Herstellung von Marmelade und Saft, schmecken aber auch frisch vom Strauch und in Desserts oder Kuchen. Rubus idaeus Malling Promise&#8216; ist ein kr\u00e4ftiges Gew\u00e4chs und muss wie jede Himbeere gut erzogen und beschnitten werden, um den besten Ertrag und Geschmack der Fr\u00fcchte zu erzielen. Es handelt sich um eine klassische, ertragreiche Sommerhimbeere, die ziemlich gro\u00dfe Fr\u00fcchte von gutem Geschmack hervorbringt.<\/p>\n","protected":false},"excerpt":{"rendered":"<p>Leckeres gr\u00fcnes Obst aus 100% biologischem Anbau. Das bedeutet, dass beim Anbau nur pflanzliche und tierische Materialien verwendet wurden. Der Topf und das Etikett bestehen aus recyceltem Kunststoff und sind somit eine saubere L\u00f6sung f\u00fcr die Umwelt. Rubus Idaeus Malling Promise&#8216; ist eine der bekanntesten Himbeersorten. Diese Himbeere ist selbstbest\u00e4ubend und bl\u00fcht im sp\u00e4ten Fr\u00fchjahr [&hellip;]<\/p>\n","protected":false},"featured_media":0,"template":"","meta":{"_acf_changed":false},"product_brand":[],"product_cat":[213],"product_tag":[],"class_list":{"0":"post-1315469","1":"product","2":"type-product","3":"status-publish","5":"product_cat-tasty-green","6":"pa_bloemvruchtkleur-rot","7":"pa_location-halbschattig","8":"pa_location-sonnig","9":"pa_max-height-17","11":"first","12":"instock","13":"product-type-simple"},"acf":[],"_links":{"self":[{"href":"https:\/\/hoogeveenplants.nl\/de\/wp-json\/wp\/v2\/product\/1315469","targetHints":{"allow":["GET"]}}],"collection":[{"href":"https:\/\/hoogeveenplants.nl\/de\/wp-json\/wp\/v2\/product"}],"about":[{"href":"https:\/\/hoogeveenplants.nl\/de\/wp-json\/wp\/v2\/types\/product"}],"wp:attachment":[{"href":"https:\/\/hoogeveenplants.nl\/de\/wp-json\/wp\/v2\/media?parent=1315469"}],"wp:term":[{"taxonomy":"product_brand","embeddable":true,"href":"https:\/\/hoogeveenplants.nl\/de\/wp-json\/wp\/v2\/product_brand?post=1315469"},{"taxonomy":"product_cat","embeddable":true,"href":"https:\/\/hoogeveenplants.nl\/de\/wp-json\/wp\/v2\/product_cat?post=1315469"},{"taxonomy":"product_tag","embeddable":true,"href":"https:\/\/hoogeveenplants.nl\/de\/wp-json\/wp\/v2\/product_tag?post=1315469"}],"curies":[{"name":"wp","href":"https:\/\/api.w.org\/{rel}","templated":true}]}}