{"id":1315463,"date":"2026-04-09T03:36:37","date_gmt":"2026-04-09T02:36:37","guid":{"rendered":"https:\/\/hoogeveenplants.nl\/p\/ficus-carica-gustissimo-perretta-2\/"},"modified":"2026-04-09T03:50:05","modified_gmt":"2026-04-09T02:50:05","slug":"ficus-carica-gustissimo-perretta-2","status":"publish","type":"product","link":"https:\/\/hoogeveenplants.nl\/de\/p\/ficus-carica-gustissimo-perretta-2\/","title":{"rendered":"Ficus carica &#8218;Gustissimo\u00ae Perretta\u00ae&#8216;"},"content":{"rendered":"<p>Leckeres gr\u00fcnes Obst aus 100% biologischem Anbau. Das bedeutet, dass beim Anbau nur pflanzliche und tierische Materialien verwendet wurden. Der Topf und das Etikett bestehen aus recyceltem Kunststoff und sind somit eine saubere L\u00f6sung f\u00fcr die Umwelt.<br \/>\nFicus Gustissimo Perretta&#8216; ist ein Feigenbaum, der zweimal im Jahr Fr\u00fcchte tr\u00e4gt und f\u00fcr unser Klima bestens geeignet ist. Dieser Feigenbaum ist extrem winterhart und verleiht Ihrem Garten eine mediterrane Atmosph\u00e4re. Die Frucht hat einen s\u00fc\u00dfen Geschmack und kann sofort nach dem Pfl\u00fccken verzehrt werden. Die Feigen sind gr\u00fcn-braun und ihr Fruchtfleisch ist tiefrot. Die Feige hat keine Bl\u00fcten, sondern die Fr\u00fcchte sind gleichzeitig die Bl\u00fcten. Die Bl\u00e4tter des Feigenbaums haben die Form einer Hand. Das Blatt des Feigenbaums ist am besten aus der Darstellung von Adam und Eva in der klassischen Malerei bekannt, wo das Feigenblatt zur Bedeckung des nackten K\u00f6rpers verwendet wurde. Im zweiten Jahr nach der Aussaat k\u00f6nnen wir im Sp\u00e4tsommer mit der Ernte beginnen. Die Fr\u00fcchte reifen besser aus, wenn Sie den Baum im Winter sch\u00fctzen.  Ficus Gustissimo Perretta&#8216; braucht einen gesch\u00fctzten, aber sonnigen Standort, der m\u00f6glichst warm sein sollte. Ein nach S\u00fcden ausgerichteter, windgesch\u00fctzter Garten ist daher optimal. Sie w\u00e4chst schnell, und wenn man sie nicht beschneidet, kann sie mehrere Meter hoch werden. Diese Feige nistet schneller als die meisten anderen Sorten. Wenn Sie meinen, dass die Zweige zu lang werden, k\u00f6nnen Sie die Feige beschneiden.<\/p>\n","protected":false},"excerpt":{"rendered":"<p>Leckeres gr\u00fcnes Obst aus 100% biologischem Anbau. Das bedeutet, dass beim Anbau nur pflanzliche und tierische Materialien verwendet wurden. Der Topf und das Etikett bestehen aus recyceltem Kunststoff und sind somit eine saubere L\u00f6sung f\u00fcr die Umwelt. Ficus Gustissimo Perretta&#8216; ist ein Feigenbaum, der zweimal im Jahr Fr\u00fcchte tr\u00e4gt und f\u00fcr unser Klima bestens geeignet [&hellip;]<\/p>\n","protected":false},"featured_media":0,"template":"","meta":{"_acf_changed":false},"product_brand":[],"product_cat":[253,213],"product_tag":[],"class_list":{"0":"post-1315463","1":"product","2":"type-product","3":"status-publish","5":"product_cat-lubera","6":"product_cat-tasty-green","7":"pa_bloemvruchtkleur-rot","8":"pa_location-halbschattig","9":"pa_location-sonnig","10":"pa_max-height-28","12":"first","13":"instock","14":"product-type-simple"},"acf":[],"_links":{"self":[{"href":"https:\/\/hoogeveenplants.nl\/de\/wp-json\/wp\/v2\/product\/1315463","targetHints":{"allow":["GET"]}}],"collection":[{"href":"https:\/\/hoogeveenplants.nl\/de\/wp-json\/wp\/v2\/product"}],"about":[{"href":"https:\/\/hoogeveenplants.nl\/de\/wp-json\/wp\/v2\/types\/product"}],"wp:attachment":[{"href":"https:\/\/hoogeveenplants.nl\/de\/wp-json\/wp\/v2\/media?parent=1315463"}],"wp:term":[{"taxonomy":"product_brand","embeddable":true,"href":"https:\/\/hoogeveenplants.nl\/de\/wp-json\/wp\/v2\/product_brand?post=1315463"},{"taxonomy":"product_cat","embeddable":true,"href":"https:\/\/hoogeveenplants.nl\/de\/wp-json\/wp\/v2\/product_cat?post=1315463"},{"taxonomy":"product_tag","embeddable":true,"href":"https:\/\/hoogeveenplants.nl\/de\/wp-json\/wp\/v2\/product_tag?post=1315463"}],"curies":[{"name":"wp","href":"https:\/\/api.w.org\/{rel}","templated":true}]}}