{"id":1315459,"date":"2026-04-09T03:36:34","date_gmt":"2026-04-09T02:36:34","guid":{"rendered":"https:\/\/hoogeveenplants.nl\/p\/rubus-ideaus-autumn-amber-2\/"},"modified":"2026-04-09T03:50:04","modified_gmt":"2026-04-09T02:50:04","slug":"rubus-ideaus-autumn-amber-2","status":"publish","type":"product","link":"https:\/\/hoogeveenplants.nl\/de\/p\/rubus-ideaus-autumn-amber-2\/","title":{"rendered":"Rubus ideaus &#8218;Autumn Amber&#8217;\u00ae"},"content":{"rendered":"<p>Leckeres gr\u00fcnes Obst aus 100% biologischem Anbau. Das bedeutet, dass beim Anbau nur pflanzliche und tierische Materialien verwendet wurden. Der Topf und das Etikett bestehen aus recyceltem Kunststoff und sind somit eine saubere L\u00f6sung f\u00fcr die Umwelt.<br \/>\nRubus Autumn Amber&#8216; ist eine besondere Herbsthimbeere, da die Fr\u00fcchte gelb gef\u00e4rbt sind. Sie schmecken etwas weicher und s\u00fc\u00dfer als die bekannten rosa Himbeeren. Im Juni bl\u00fcht der Strauch mit unauff\u00e4lligen, kleinen wei\u00df-rosa Bl\u00fcten. Die Bl\u00fcten werden von Bienen und Hummeln best\u00e4ubt, so dass man nur eine Pflanze braucht, um Fr\u00fcchte zu bekommen. Im Laufe des Sommers bis Oktober k\u00f6nnen die gelben Himbeeren geerntet werden. Sie sind besonders schmackhaft, wenn sie direkt vom Strauch gegessen werden, da diese weichen Fr\u00fcchte nicht so lange haltbar sind. Die Frucht ist sehr gesund, da sie reich an Antioxidantien, Mineralien und Vitaminen ist. Nach der Ernte ist es ratsam, die Zweige, die Fr\u00fcchte getragen haben, zu entfernen, damit im neuen Jahr neue junge Zweige wachsen k\u00f6nnen.<\/p>\n","protected":false},"excerpt":{"rendered":"<p>Leckeres gr\u00fcnes Obst aus 100% biologischem Anbau. Das bedeutet, dass beim Anbau nur pflanzliche und tierische Materialien verwendet wurden. Der Topf und das Etikett bestehen aus recyceltem Kunststoff und sind somit eine saubere L\u00f6sung f\u00fcr die Umwelt. Rubus Autumn Amber&#8216; ist eine besondere Herbsthimbeere, da die Fr\u00fcchte gelb gef\u00e4rbt sind. Sie schmecken etwas weicher und [&hellip;]<\/p>\n","protected":false},"featured_media":0,"template":"","meta":{"_acf_changed":false},"product_brand":[],"product_cat":[253,213],"product_tag":[],"class_list":{"0":"post-1315459","1":"product","2":"type-product","3":"status-publish","5":"product_cat-lubera","6":"product_cat-tasty-green","7":"pa_bloemvruchtkleur-orange","8":"pa_location-halbschattig","9":"pa_location-sonnig","10":"pa_max-height-17","12":"first","13":"instock","14":"product-type-simple"},"acf":[],"_links":{"self":[{"href":"https:\/\/hoogeveenplants.nl\/de\/wp-json\/wp\/v2\/product\/1315459","targetHints":{"allow":["GET"]}}],"collection":[{"href":"https:\/\/hoogeveenplants.nl\/de\/wp-json\/wp\/v2\/product"}],"about":[{"href":"https:\/\/hoogeveenplants.nl\/de\/wp-json\/wp\/v2\/types\/product"}],"wp:attachment":[{"href":"https:\/\/hoogeveenplants.nl\/de\/wp-json\/wp\/v2\/media?parent=1315459"}],"wp:term":[{"taxonomy":"product_brand","embeddable":true,"href":"https:\/\/hoogeveenplants.nl\/de\/wp-json\/wp\/v2\/product_brand?post=1315459"},{"taxonomy":"product_cat","embeddable":true,"href":"https:\/\/hoogeveenplants.nl\/de\/wp-json\/wp\/v2\/product_cat?post=1315459"},{"taxonomy":"product_tag","embeddable":true,"href":"https:\/\/hoogeveenplants.nl\/de\/wp-json\/wp\/v2\/product_tag?post=1315459"}],"curies":[{"name":"wp","href":"https:\/\/api.w.org\/{rel}","templated":true}]}}