{"id":1315458,"date":"2026-04-09T03:36:33","date_gmt":"2026-04-09T02:36:33","guid":{"rendered":"https:\/\/hoogeveenplants.nl\/p\/ribes-ribest-lisette\/"},"modified":"2026-04-09T03:50:04","modified_gmt":"2026-04-09T02:50:04","slug":"ribes-ribest-lisette","status":"publish","type":"product","link":"https:\/\/hoogeveenplants.nl\/de\/p\/ribes-ribest-lisette\/","title":{"rendered":"Ribes Ribest\u00ae &#8218;Lisette&#8217;\u00ae"},"content":{"rendered":"<p>Leckeres gr\u00fcnes Obst aus 100% biologischem Anbau. Das bedeutet, dass beim Anbau nur pflanzliche und tierische Materialien verwendet wurden. Der Topf und das Etikett bestehen aus recyceltem Kunststoff und sind somit eine saubere L\u00f6sung f\u00fcr die Umwelt.<br \/>\nRibes Ribest Lisette&#8216; ist eine rote Johannisbeere. Der Strauch w\u00e4chst kr\u00e4ftig und hat einen hohen Fruchtertrag. Die leuchtend roten Beeren wachsen haupts\u00e4chlich an kurzen, zweij\u00e4hrigen Zweigen. Die Beeren wachsen in langen Trauben und haben einen s\u00e4uerlichen, aber frischen Geschmack. Man kann sie in Torten, Desserts oder als Marmelade verwenden. Der Strauch bl\u00fcht im Fr\u00fchjahr mit kleinen gr\u00fcn-wei\u00dfen Bl\u00fcten. Die Beeren k\u00f6nnen etwa von Juli bis August gepfl\u00fcckt werden. Der Schnitt beeinflusst die Menge und Gr\u00f6\u00dfe der Beeren und ist daher wichtig. Sie k\u00f6nnen den Strauch im zeitigen Fr\u00fchjahr beschneiden. Um den Strauch kompakt zu halten, k\u00f6nnen Sie die abgestorbenen Zweige auf einen gesunden Seitenast zur\u00fcckschneiden. Er ist ein selbstbest\u00e4ubender Strauch und zieht Schmetterlinge und Bienen an. Sie k\u00f6nnen ihn im Garten aufstellen, aber nat\u00fcrlich auch auf einem Balkon oder einer Terrasse. Sie w\u00e4chst in jedem Boden und mag volle Sonne.<\/p>\n","protected":false},"excerpt":{"rendered":"<p>Leckeres gr\u00fcnes Obst aus 100% biologischem Anbau. Das bedeutet, dass beim Anbau nur pflanzliche und tierische Materialien verwendet wurden. Der Topf und das Etikett bestehen aus recyceltem Kunststoff und sind somit eine saubere L\u00f6sung f\u00fcr die Umwelt. Ribes Ribest Lisette&#8216; ist eine rote Johannisbeere. Der Strauch w\u00e4chst kr\u00e4ftig und hat einen hohen Fruchtertrag. Die leuchtend [&hellip;]<\/p>\n","protected":false},"featured_media":0,"template":"","meta":{"_acf_changed":false},"product_brand":[],"product_cat":[253,213],"product_tag":[],"class_list":{"0":"post-1315458","1":"product","2":"type-product","3":"status-publish","5":"product_cat-lubera","6":"product_cat-tasty-green","7":"pa_bloemvruchtkleur-rot","8":"pa_location-halbschattig","9":"pa_location-sonnig","10":"pa_max-height-17","12":"first","13":"instock","14":"product-type-simple"},"acf":[],"_links":{"self":[{"href":"https:\/\/hoogeveenplants.nl\/de\/wp-json\/wp\/v2\/product\/1315458","targetHints":{"allow":["GET"]}}],"collection":[{"href":"https:\/\/hoogeveenplants.nl\/de\/wp-json\/wp\/v2\/product"}],"about":[{"href":"https:\/\/hoogeveenplants.nl\/de\/wp-json\/wp\/v2\/types\/product"}],"wp:attachment":[{"href":"https:\/\/hoogeveenplants.nl\/de\/wp-json\/wp\/v2\/media?parent=1315458"}],"wp:term":[{"taxonomy":"product_brand","embeddable":true,"href":"https:\/\/hoogeveenplants.nl\/de\/wp-json\/wp\/v2\/product_brand?post=1315458"},{"taxonomy":"product_cat","embeddable":true,"href":"https:\/\/hoogeveenplants.nl\/de\/wp-json\/wp\/v2\/product_cat?post=1315458"},{"taxonomy":"product_tag","embeddable":true,"href":"https:\/\/hoogeveenplants.nl\/de\/wp-json\/wp\/v2\/product_tag?post=1315458"}],"curies":[{"name":"wp","href":"https:\/\/api.w.org\/{rel}","templated":true}]}}