{"id":1315394,"date":"2026-04-09T03:34:53","date_gmt":"2026-04-09T02:34:53","guid":{"rendered":"https:\/\/hoogeveenplants.nl\/p\/vaccinium-corymbosum-blue-roma\/"},"modified":"2026-04-09T03:48:45","modified_gmt":"2026-04-09T02:48:45","slug":"vaccinium-corymbosum-blue-roma","status":"publish","type":"product","link":"https:\/\/hoogeveenplants.nl\/de\/p\/vaccinium-corymbosum-blue-roma\/","title":{"rendered":"Vaccinium corymbosum &#8218;Blue Roma&#8217;\u00ae"},"content":{"rendered":"<p>Leckeres gr\u00fcnes Obst aus 100% biologischem Anbau. Das bedeutet, dass beim Anbau nur pflanzliche und tierische Materialien verwendet wurden. Der Topf und das Etikett bestehen aus recyceltem Kunststoff und sind somit eine saubere L\u00f6sung f\u00fcr die Umwelt.<br \/>\nVaccinium corymbosum Blue Roma&#8216; ist eine Heidelbeere, auch Amerikanische Heidelbeere genannt. Sie wird etwa 100 cm hoch und tr\u00e4gt sehr gro\u00dfe, dunkelblaue Fr\u00fcchte. Sie w\u00e4chst nur in sauren B\u00f6den, sandige B\u00f6den und torfige B\u00f6den sind f\u00fcr diese Pflanze geeignet. Wenn Sie die Pflanze in Lehmboden setzen wollen, m\u00fcssen Sie saure Erde hinzuf\u00fcgen, damit die Pflanze \u00fcberleben kann. Sie hat d\u00fcnne \u00c4ste und kleine, frischgr\u00fcne Bl\u00e4tter. Die Heidelbeere bl\u00fcht in B\u00fcscheln, und die Bl\u00fcte ist cremewei\u00df bis rosa gef\u00e4rbt. Die Bl\u00fcte erfolgt in der ersten Maih\u00e4lfte. Sie ist eine kr\u00e4ftige Pflanze, die sehr viele Fr\u00fcchte tr\u00e4gt. Die Beeren sind gro\u00df, dunkelblau, fest und haben einen k\u00f6stlichen Geschmack. Sie enthalten viele Antioxidantien, also super gesund! Sie k\u00f6nnen von Mitte Juli bis Mitte August gepfl\u00fcckt werden. Frische Heidelbeeren sind eine Woche lang haltbar, k\u00f6nnen aber auch eingefroren werden. Diese Pflanze ist selbstbest\u00e4ubend und ben\u00f6tigt fast keine Pflege. Sch\u00fctzen Sie die Beeren mit einem Netz vor V\u00f6geln. Die Pflanze ist widerstandsf\u00e4hig und resistent gegen Krankheiten.<\/p>\n","protected":false},"excerpt":{"rendered":"<p>Leckeres gr\u00fcnes Obst aus 100% biologischem Anbau. Das bedeutet, dass beim Anbau nur pflanzliche und tierische Materialien verwendet wurden. Der Topf und das Etikett bestehen aus recyceltem Kunststoff und sind somit eine saubere L\u00f6sung f\u00fcr die Umwelt. Vaccinium corymbosum Blue Roma&#8216; ist eine Heidelbeere, auch Amerikanische Heidelbeere genannt. Sie wird etwa 100 cm hoch und [&hellip;]<\/p>\n","protected":false},"featured_media":0,"template":"","meta":{"_acf_changed":false},"product_brand":[],"product_cat":[213],"product_tag":[],"class_list":{"0":"post-1315394","1":"product","2":"type-product","3":"status-publish","5":"product_cat-tasty-green","6":"pa_bloemvruchtkleur-blau","7":"pa_location-halbschattig","8":"pa_location-sonnig","9":"pa_max-height-33","11":"first","12":"instock","13":"product-type-simple"},"acf":[],"_links":{"self":[{"href":"https:\/\/hoogeveenplants.nl\/de\/wp-json\/wp\/v2\/product\/1315394","targetHints":{"allow":["GET"]}}],"collection":[{"href":"https:\/\/hoogeveenplants.nl\/de\/wp-json\/wp\/v2\/product"}],"about":[{"href":"https:\/\/hoogeveenplants.nl\/de\/wp-json\/wp\/v2\/types\/product"}],"wp:attachment":[{"href":"https:\/\/hoogeveenplants.nl\/de\/wp-json\/wp\/v2\/media?parent=1315394"}],"wp:term":[{"taxonomy":"product_brand","embeddable":true,"href":"https:\/\/hoogeveenplants.nl\/de\/wp-json\/wp\/v2\/product_brand?post=1315394"},{"taxonomy":"product_cat","embeddable":true,"href":"https:\/\/hoogeveenplants.nl\/de\/wp-json\/wp\/v2\/product_cat?post=1315394"},{"taxonomy":"product_tag","embeddable":true,"href":"https:\/\/hoogeveenplants.nl\/de\/wp-json\/wp\/v2\/product_tag?post=1315394"}],"curies":[{"name":"wp","href":"https:\/\/api.w.org\/{rel}","templated":true}]}}