{"id":1315383,"date":"2026-04-09T03:34:44","date_gmt":"2026-04-09T02:34:44","guid":{"rendered":"https:\/\/hoogeveenplants.nl\/p\/ribes-rubrum-jonkheer-van-tets\/"},"modified":"2026-04-09T03:48:42","modified_gmt":"2026-04-09T02:48:42","slug":"ribes-rubrum-jonkheer-van-tets","status":"publish","type":"product","link":"https:\/\/hoogeveenplants.nl\/de\/p\/ribes-rubrum-jonkheer-van-tets\/","title":{"rendered":"Ribes rubrum &#8218;Jonkheer van Tets&#8216;"},"content":{"rendered":"<p>Leckeres gr\u00fcnes Obst aus 100% biologischem Anbau. Das bedeutet, dass beim Anbau nur pflanzliche und tierische Materialien verwendet wurden. Der Topf und das Etikett bestehen aus recyceltem Kunststoff und sind somit eine saubere L\u00f6sung f\u00fcr die Umwelt.<br \/>\nRibes Rubrum Jonkheer van Tets&#8216; ist eine rote Johannisbeere. Der Strauch w\u00e4chst kr\u00e4ftig und hat einen hohen Fruchtertrag. Sie ist eine der am fr\u00fchesten reifenden roten Johannisbeeren, die Beeren sind bereits Ende Juni reif. Die Beeren wachsen in langen Trauben und haben einen s\u00e4uerlichen, aber frischen Geschmack. Man kann sie zum Beispiel in Torten oder als Marmelade essen. Der Strauch bl\u00fcht im Fr\u00fchjahr mit kleinen gr\u00fcn-wei\u00dfen Bl\u00fcten. Der Schnitt beeinflusst die Menge und Gr\u00f6\u00dfe der Beeren und ist daher wichtig. Sie k\u00f6nnen den Strauch im zeitigen Fr\u00fchjahr beschneiden. Um den Strauch kompakt zu halten, k\u00f6nnen Sie die abgestorbenen Zweige auf einen gesunden Seitenast zur\u00fcckschneiden. Er ist ein selbstbest\u00e4ubender Strauch und zieht Schmetterlinge und Bienen an. Sie k\u00f6nnen ihn im Garten aufstellen, aber nat\u00fcrlich auch auf einem Balkon oder einer Terrasse. Sie w\u00e4chst in jedem Boden und mag volle Sonne.<\/p>\n","protected":false},"excerpt":{"rendered":"<p>Leckeres gr\u00fcnes Obst aus 100% biologischem Anbau. Das bedeutet, dass beim Anbau nur pflanzliche und tierische Materialien verwendet wurden. Der Topf und das Etikett bestehen aus recyceltem Kunststoff und sind somit eine saubere L\u00f6sung f\u00fcr die Umwelt. Ribes Rubrum Jonkheer van Tets&#8216; ist eine rote Johannisbeere. Der Strauch w\u00e4chst kr\u00e4ftig und hat einen hohen Fruchtertrag. [&hellip;]<\/p>\n","protected":false},"featured_media":0,"template":"","meta":{"_acf_changed":false},"product_brand":[],"product_cat":[213],"product_tag":[],"class_list":{"0":"post-1315383","1":"product","2":"type-product","3":"status-publish","5":"product_cat-tasty-green","6":"pa_bloemvruchtkleur-rot","7":"pa_location-halbschattig","8":"pa_location-sonnig","9":"pa_max-height-17","11":"first","12":"instock","13":"product-type-simple"},"acf":[],"_links":{"self":[{"href":"https:\/\/hoogeveenplants.nl\/de\/wp-json\/wp\/v2\/product\/1315383","targetHints":{"allow":["GET"]}}],"collection":[{"href":"https:\/\/hoogeveenplants.nl\/de\/wp-json\/wp\/v2\/product"}],"about":[{"href":"https:\/\/hoogeveenplants.nl\/de\/wp-json\/wp\/v2\/types\/product"}],"wp:attachment":[{"href":"https:\/\/hoogeveenplants.nl\/de\/wp-json\/wp\/v2\/media?parent=1315383"}],"wp:term":[{"taxonomy":"product_brand","embeddable":true,"href":"https:\/\/hoogeveenplants.nl\/de\/wp-json\/wp\/v2\/product_brand?post=1315383"},{"taxonomy":"product_cat","embeddable":true,"href":"https:\/\/hoogeveenplants.nl\/de\/wp-json\/wp\/v2\/product_cat?post=1315383"},{"taxonomy":"product_tag","embeddable":true,"href":"https:\/\/hoogeveenplants.nl\/de\/wp-json\/wp\/v2\/product_tag?post=1315383"}],"curies":[{"name":"wp","href":"https:\/\/api.w.org\/{rel}","templated":true}]}}