{"id":1315373,"date":"2026-04-09T03:34:37","date_gmt":"2026-04-09T02:34:37","guid":{"rendered":"https:\/\/hoogeveenplants.nl\/p\/vaccinium-corymbosum-pink-lemonade\/"},"modified":"2026-04-09T03:48:39","modified_gmt":"2026-04-09T02:48:39","slug":"vaccinium-corymbosum-pink-lemonade","status":"publish","type":"product","link":"https:\/\/hoogeveenplants.nl\/de\/p\/vaccinium-corymbosum-pink-lemonade\/","title":{"rendered":"Vaccinium corymbosum &#8218;Pink Lemonade&#8217;\u00ae"},"content":{"rendered":"<p>Leckeres gr\u00fcnes Obst aus 100% biologischem Anbau. Das bedeutet, dass beim Anbau nur pflanzliche und tierische Materialien verwendet wurden. Der Topf und das Etikett bestehen aus recyceltem Kunststoff und sind somit eine saubere L\u00f6sung f\u00fcr die Umwelt. Vaccinium Pink Lemonade&#8216; ist eine spezielle Heidelbeersorte mit rosafarbenen Beeren. Der Strauch hat feine, spitze, gr\u00fcne Bl\u00e4tter. Im Herbst verf\u00e4rbt sich das Laub in leuchtendes Orange, ein Fest f\u00fcr die Augen. Auch die Bl\u00fcten, die um den Mai herum erscheinen, sind wundersch\u00f6n, wei\u00df-rosa und glockenf\u00f6rmig. Die Fr\u00fcchte sind anfangs hellgr\u00fcn und f\u00e4rben sich bei der Reife tiefrosa. Man kann sie zwischen Juli und August pfl\u00fccken. Pfl\u00fccken Sie die Beeren rechtzeitig, denn wenn Sie zu fr\u00fch pfl\u00fccken, schmeckt die Beere nicht gut, und wenn Sie zu sp\u00e4t pfl\u00fccken, ist sie nicht lange haltbar. Sie k\u00f6nnen eine Woche lang im K\u00fchlschrank aufbewahrt werden. Die Beeren haben eine feste und angenehme Struktur und schmecken herrlich s\u00fc\u00df. Sie ist eine gesunde Beere mit vielen Antioxidantien, Vitaminen und Mineralien. Blaubeeren stehen gerne in der Sonne auf feuchtem, saurem Boden, wobei sie sandige und torfige B\u00f6den bevorzugen. Schneiden Sie \u00fcberh\u00e4ngende Zweige im zeitigen Fr\u00fchjahr zur\u00fcck.<\/p>\n","protected":false},"excerpt":{"rendered":"<p>Leckeres gr\u00fcnes Obst aus 100% biologischem Anbau. Das bedeutet, dass beim Anbau nur pflanzliche und tierische Materialien verwendet wurden. Der Topf und das Etikett bestehen aus recyceltem Kunststoff und sind somit eine saubere L\u00f6sung f\u00fcr die Umwelt. Vaccinium Pink Lemonade&#8216; ist eine spezielle Heidelbeersorte mit rosafarbenen Beeren. Der Strauch hat feine, spitze, gr\u00fcne Bl\u00e4tter. Im [&hellip;]<\/p>\n","protected":false},"featured_media":0,"template":"","meta":{"_acf_changed":false},"product_brand":[],"product_cat":[253,213],"product_tag":[],"class_list":{"0":"post-1315373","1":"product","2":"type-product","3":"status-publish","5":"product_cat-lubera","6":"product_cat-tasty-green","7":"pa_bloemvruchtkleur-rosa","8":"pa_location-halbschattig","9":"pa_location-sonnig","10":"pa_max-height-17","12":"first","13":"instock","14":"product-type-simple"},"acf":[],"_links":{"self":[{"href":"https:\/\/hoogeveenplants.nl\/de\/wp-json\/wp\/v2\/product\/1315373","targetHints":{"allow":["GET"]}}],"collection":[{"href":"https:\/\/hoogeveenplants.nl\/de\/wp-json\/wp\/v2\/product"}],"about":[{"href":"https:\/\/hoogeveenplants.nl\/de\/wp-json\/wp\/v2\/types\/product"}],"wp:attachment":[{"href":"https:\/\/hoogeveenplants.nl\/de\/wp-json\/wp\/v2\/media?parent=1315373"}],"wp:term":[{"taxonomy":"product_brand","embeddable":true,"href":"https:\/\/hoogeveenplants.nl\/de\/wp-json\/wp\/v2\/product_brand?post=1315373"},{"taxonomy":"product_cat","embeddable":true,"href":"https:\/\/hoogeveenplants.nl\/de\/wp-json\/wp\/v2\/product_cat?post=1315373"},{"taxonomy":"product_tag","embeddable":true,"href":"https:\/\/hoogeveenplants.nl\/de\/wp-json\/wp\/v2\/product_tag?post=1315373"}],"curies":[{"name":"wp","href":"https:\/\/api.w.org\/{rel}","templated":true}]}}