{"id":1315357,"date":"2026-04-09T03:34:26","date_gmt":"2026-04-09T02:34:26","guid":{"rendered":"https:\/\/hoogeveenplants.nl\/p\/lonicera-japonica-halliana\/"},"modified":"2026-04-09T03:48:35","modified_gmt":"2026-04-09T02:48:35","slug":"lonicera-japonica-halliana","status":"publish","type":"product","link":"https:\/\/hoogeveenplants.nl\/de\/p\/lonicera-japonica-halliana\/","title":{"rendered":"Lonicera japonica &#8218;Halliana&#8216;"},"content":{"rendered":"<p>Die Lonicera Haliana ist das einzige wei\u00dfe Gei\u00dfblatt und daher im Garten sehr beliebt. Bl\u00fcht \u00fcppig und mag einen Platz in voller Sonne oder im Halbschatten.<\/p>\n","protected":false},"excerpt":{"rendered":"<p>Die Lonicera Haliana ist das einzige wei\u00dfe Gei\u00dfblatt und daher im Garten sehr beliebt. Bl\u00fcht \u00fcppig und mag einen Platz in voller Sonne oder im Halbschatten.<\/p>\n","protected":false},"featured_media":0,"template":"","meta":{"_acf_changed":false},"product_brand":[],"product_cat":[71],"product_tag":[],"class_list":{"0":"post-1315357","1":"product","2":"type-product","3":"status-publish","5":"product_cat-upclimbers","6":"pa_bloemvruchtkleur-weiss","7":"pa_location-halbschattig","8":"pa_location-sonnig","9":"pa_max-height-56","11":"first","12":"instock","13":"product-type-simple"},"acf":[],"_links":{"self":[{"href":"https:\/\/hoogeveenplants.nl\/de\/wp-json\/wp\/v2\/product\/1315357","targetHints":{"allow":["GET"]}}],"collection":[{"href":"https:\/\/hoogeveenplants.nl\/de\/wp-json\/wp\/v2\/product"}],"about":[{"href":"https:\/\/hoogeveenplants.nl\/de\/wp-json\/wp\/v2\/types\/product"}],"wp:attachment":[{"href":"https:\/\/hoogeveenplants.nl\/de\/wp-json\/wp\/v2\/media?parent=1315357"}],"wp:term":[{"taxonomy":"product_brand","embeddable":true,"href":"https:\/\/hoogeveenplants.nl\/de\/wp-json\/wp\/v2\/product_brand?post=1315357"},{"taxonomy":"product_cat","embeddable":true,"href":"https:\/\/hoogeveenplants.nl\/de\/wp-json\/wp\/v2\/product_cat?post=1315357"},{"taxonomy":"product_tag","embeddable":true,"href":"https:\/\/hoogeveenplants.nl\/de\/wp-json\/wp\/v2\/product_tag?post=1315357"}],"curies":[{"name":"wp","href":"https:\/\/api.w.org\/{rel}","templated":true}]}}