{"id":1315355,"date":"2026-04-09T03:34:25","date_gmt":"2026-04-09T02:34:25","guid":{"rendered":"https:\/\/hoogeveenplants.nl\/p\/lonicera-brownii-dropmore-scarlet\/"},"modified":"2026-04-09T03:48:34","modified_gmt":"2026-04-09T02:48:34","slug":"lonicera-brownii-dropmore-scarlet","status":"publish","type":"product","link":"https:\/\/hoogeveenplants.nl\/de\/p\/lonicera-brownii-dropmore-scarlet\/","title":{"rendered":"Lonicera brownii &#8218;Dropmore Scarlet&#8216;"},"content":{"rendered":"<p>Lonicera dropmore Scarlet ist ein wundersch\u00f6nes Gei\u00dfblatt mit einer roten Bl\u00fctenfarbe. Bl\u00fcht \u00fcppig und mag einen Platz in voller Sonne oder im Halbschatten.<\/p>\n","protected":false},"excerpt":{"rendered":"<p>Lonicera dropmore Scarlet ist ein wundersch\u00f6nes Gei\u00dfblatt mit einer roten Bl\u00fctenfarbe. Bl\u00fcht \u00fcppig und mag einen Platz in voller Sonne oder im Halbschatten.<\/p>\n","protected":false},"featured_media":0,"template":"","meta":{"_acf_changed":false},"product_brand":[],"product_cat":[71],"product_tag":[],"class_list":{"0":"post-1315355","1":"product","2":"type-product","3":"status-publish","5":"product_cat-upclimbers","6":"pa_bloemvruchtkleur-orange","7":"pa_location-halbschattig","8":"pa_location-sonnig","9":"pa_max-height-36","11":"first","12":"instock","13":"product-type-simple"},"acf":[],"_links":{"self":[{"href":"https:\/\/hoogeveenplants.nl\/de\/wp-json\/wp\/v2\/product\/1315355","targetHints":{"allow":["GET"]}}],"collection":[{"href":"https:\/\/hoogeveenplants.nl\/de\/wp-json\/wp\/v2\/product"}],"about":[{"href":"https:\/\/hoogeveenplants.nl\/de\/wp-json\/wp\/v2\/types\/product"}],"wp:attachment":[{"href":"https:\/\/hoogeveenplants.nl\/de\/wp-json\/wp\/v2\/media?parent=1315355"}],"wp:term":[{"taxonomy":"product_brand","embeddable":true,"href":"https:\/\/hoogeveenplants.nl\/de\/wp-json\/wp\/v2\/product_brand?post=1315355"},{"taxonomy":"product_cat","embeddable":true,"href":"https:\/\/hoogeveenplants.nl\/de\/wp-json\/wp\/v2\/product_cat?post=1315355"},{"taxonomy":"product_tag","embeddable":true,"href":"https:\/\/hoogeveenplants.nl\/de\/wp-json\/wp\/v2\/product_tag?post=1315355"}],"curies":[{"name":"wp","href":"https:\/\/api.w.org\/{rel}","templated":true}]}}