{"id":1315348,"date":"2026-04-09T03:34:20","date_gmt":"2026-04-09T02:34:20","guid":{"rendered":"https:\/\/hoogeveenplants.nl\/p\/rubus-idaeus-summer-chef\/"},"modified":"2026-04-09T03:48:33","modified_gmt":"2026-04-09T02:48:33","slug":"rubus-idaeus-summer-chef","status":"publish","type":"product","link":"https:\/\/hoogeveenplants.nl\/de\/p\/rubus-idaeus-summer-chef\/","title":{"rendered":"Rubus idaeus &#8218;Summer Chef&#8217;\u00ae"},"content":{"rendered":"<p>Leckeres gr\u00fcnes Obst aus 100% biologischem Anbau. Das bedeutet, dass beim Anbau nur pflanzliche und tierische Materialien verwendet wurden. Der Topf und das Etikett bestehen aus recyceltem Kunststoff und sind somit eine saubere L\u00f6sung f\u00fcr die Umwelt.<br \/>\nRubus Idaeus Summer Chef&#8216; ist eine Sommerhimbeere mit dunkelroten Fr\u00fcchten, die im August-September reifen. Die Himbeeren sind gro\u00df, sch\u00f6n dunkelrot und haben einen s\u00fc\u00df-s\u00e4uerlichen Geschmack. Diese Himbeere ist selbstbest\u00e4ubend und bl\u00fcht im Mai mit unscheinbaren, kleinen wei\u00df-rosa Bl\u00fcten, die Bienen und Hummeln anziehen. Nach der Bl\u00fcte entwickeln sich die Himbeeren. Sie k\u00f6nnen direkt vom Strauch gegessen werden, aber man kann auch k\u00f6stliche Marmelade und Saft aus ihnen machen. Lassen Sie die reifen Fr\u00fcchte nicht zu lange am Strauch h\u00e4ngen, sonst verlieren sie ihren k\u00f6stlichen Geschmack. Himbeeren sind im Handel oft sehr teuer, da macht es doch viel mehr Spa\u00df, sie selbst anzubauen! Bei Himbeeren wird im ersten Jahr nur ein Zweig gebildet, der im n\u00e4chsten Jahr Fr\u00fcchte tr\u00e4gt. Nach der Ernte k\u00f6nnen die Zweige, die Fr\u00fcchte getragen haben, in Bodenn\u00e4he abgeschnitten werden. Die jungen Zweige bl\u00fchen im folgenden Jahr und tragen dann Fr\u00fcchte. Die Himbeere braucht Unterst\u00fctzung, um gut zu wachsen, daher sollte sie immer an einem Kletterger\u00fcst stehen. Sie mag auch einen sonnigen Platz.<\/p>\n","protected":false},"excerpt":{"rendered":"<p>Leckeres gr\u00fcnes Obst aus 100% biologischem Anbau. Das bedeutet, dass beim Anbau nur pflanzliche und tierische Materialien verwendet wurden. Der Topf und das Etikett bestehen aus recyceltem Kunststoff und sind somit eine saubere L\u00f6sung f\u00fcr die Umwelt. Rubus Idaeus Summer Chef&#8216; ist eine Sommerhimbeere mit dunkelroten Fr\u00fcchten, die im August-September reifen. Die Himbeeren sind gro\u00df, [&hellip;]<\/p>\n","protected":false},"featured_media":0,"template":"","meta":{"_acf_changed":false},"product_brand":[],"product_cat":[253,213],"product_tag":[],"class_list":{"0":"post-1315348","1":"product","2":"type-product","3":"status-publish","5":"product_cat-lubera","6":"product_cat-tasty-green","7":"pa_bloemvruchtkleur-rot","8":"pa_location-halbschattig","9":"pa_location-sonnig","10":"pa_max-height-17","12":"first","13":"instock","14":"product-type-simple"},"acf":[],"_links":{"self":[{"href":"https:\/\/hoogeveenplants.nl\/de\/wp-json\/wp\/v2\/product\/1315348","targetHints":{"allow":["GET"]}}],"collection":[{"href":"https:\/\/hoogeveenplants.nl\/de\/wp-json\/wp\/v2\/product"}],"about":[{"href":"https:\/\/hoogeveenplants.nl\/de\/wp-json\/wp\/v2\/types\/product"}],"wp:attachment":[{"href":"https:\/\/hoogeveenplants.nl\/de\/wp-json\/wp\/v2\/media?parent=1315348"}],"wp:term":[{"taxonomy":"product_brand","embeddable":true,"href":"https:\/\/hoogeveenplants.nl\/de\/wp-json\/wp\/v2\/product_brand?post=1315348"},{"taxonomy":"product_cat","embeddable":true,"href":"https:\/\/hoogeveenplants.nl\/de\/wp-json\/wp\/v2\/product_cat?post=1315348"},{"taxonomy":"product_tag","embeddable":true,"href":"https:\/\/hoogeveenplants.nl\/de\/wp-json\/wp\/v2\/product_tag?post=1315348"}],"curies":[{"name":"wp","href":"https:\/\/api.w.org\/{rel}","templated":true}]}}