{"id":1315341,"date":"2026-04-09T03:34:16","date_gmt":"2026-04-09T02:34:16","guid":{"rendered":"https:\/\/hoogeveenplants.nl\/p\/passiflora-rivers-damsels-delight\/"},"modified":"2026-04-09T03:48:31","modified_gmt":"2026-04-09T02:48:31","slug":"passiflora-rivers-damsels-delight","status":"publish","type":"product","link":"https:\/\/hoogeveenplants.nl\/de\/p\/passiflora-rivers-damsels-delight\/","title":{"rendered":"Passiflora Rivers.\u00ae &#8218;Damsels Delight&#8216;"},"content":{"rendered":"<p>Passiflora Rivers Damsels Delight&#8216; ist eine Kletterpflanze mit wundersch\u00f6nen wei\u00df-violetten PassionsBl\u00fcten. Die Pflanze stammt urspr\u00fcnglich aus Mittel- und West-S\u00fcdamerika, aber jetzt k\u00f6nnen auch Sie Ihrem Garten einen farbenfrohen und tropischen Touch verleihen. Mit der Passionsblume k\u00f6nnen Sie von Juni bis September rechnen. Die Passionsblume ist ein echter Sch\u00f6nwetterbl\u00fcher. An warmen Tagen mit viel Licht und Sonne werden die Knospen aufspringen. An k\u00e4lteren und dunkleren Tagen \u00f6ffnen sich nur wenige Bl\u00fcten. Sie ist ein echter Kletterer und braucht daher etwas Unterst\u00fctzung, wenn sie an einem Kletterger\u00fcst oder Zaun w\u00e4chst. Die Passionsblume ist keine schwierige Pflanze. Sie ist relativ unempfindlich gegen\u00fcber den bekannten Pflanzenkrankheiten, w\u00e4chst schnell und stellt keine gro\u00dfen Anspr\u00fcche an Boden und Ern\u00e4hrung. Die &#8218;Passiflora Rivers Damsels Delight&#8216; bevorzugt jedoch einen sonnigen Standort. In der Sonne bl\u00fcht sie \u00fcppiger als an einem schattigen Standort. Scheuen Sie sich nicht, die Pflanze zur\u00fcckzuschneiden, wenn sie zu gro\u00df und zu wild wird. Sie ist eine kr\u00e4ftige und schnell wachsende Pflanze, die darunter kaum leidet. Es kann vorkommen, dass diese tropische Kletterpflanze nach einem strengen Winter oberhalb des Bodens abstirbt. Schneiden Sie in diesem Fall die Pflanze vollst\u00e4ndig ab. Es besteht eine gute Chance, dass sie im Fr\u00fchjahr wieder aus den Wurzeln w\u00e4chst.<\/p>\n","protected":false},"excerpt":{"rendered":"<p>Passiflora Rivers Damsels Delight&#8216; is een klimplant met prachtige wit-paarse passiebloemen. De plant komt oorspronkelijk uit Centraal- en West-Zuid-Amerika, maar nu kunt ook u een kleurrijk en tropisch tintje aan uw tuin geven. Je kunt op de passiebloem rekenen van juni tot september. De passiebloem is een echte mooi-weer bloeier. Op warme dagen met veel licht en zon, zullen de knoppen openbarsten. Op koudere en donkere dagen gaan er maar een paar bloemen open. Het is een echte klimmer en heeft dus enige steun nodig als hij op een klimrek of schutting groeit. De passiebloem is geen moeilijke plant. Hij is relatief ongevoelig voor de bekende plantenziekten, groeit snel en is niet erg veeleisend wat bodem en voeding betreft. De &#8218;Passiflora Rivers Damsels Delight&#8216; geeft echter de voorkeur aan een zonnige standplaats. Hij bloeit uitbundiger in de zon dan op een schaduwrijke plaats. Wees niet bang om de plant terug te snoeien als hij te groot en wild wordt. Het is een krachtige en snelgroeiende plant die daar nauwelijks onder lijdt. Het kan gebeuren dat deze tropische klimplant na een strenge winter boven de grond afsterft. Als dit gebeurt, knip de plant dan helemaal af. Er is een goede kans dat hij in het voorjaar weer uit de wortels zal groeien.<\/p>\n","protected":false},"featured_media":0,"template":"","meta":{"_acf_changed":false},"product_brand":[],"product_cat":[252,71],"product_tag":[],"class_list":{"0":"post-1315341","1":"product","2":"type-product","3":"status-publish","5":"product_cat-our-choice-upclimbers","6":"product_cat-upclimbers","7":"pa_bloemvruchtkleur-lila","8":"pa_location-halbschattig","9":"pa_location-sonnig","10":"pa_max-height-36","12":"first","13":"instock","14":"product-type-simple"},"acf":[],"_links":{"self":[{"href":"https:\/\/hoogeveenplants.nl\/de\/wp-json\/wp\/v2\/product\/1315341","targetHints":{"allow":["GET"]}}],"collection":[{"href":"https:\/\/hoogeveenplants.nl\/de\/wp-json\/wp\/v2\/product"}],"about":[{"href":"https:\/\/hoogeveenplants.nl\/de\/wp-json\/wp\/v2\/types\/product"}],"wp:attachment":[{"href":"https:\/\/hoogeveenplants.nl\/de\/wp-json\/wp\/v2\/media?parent=1315341"}],"wp:term":[{"taxonomy":"product_brand","embeddable":true,"href":"https:\/\/hoogeveenplants.nl\/de\/wp-json\/wp\/v2\/product_brand?post=1315341"},{"taxonomy":"product_cat","embeddable":true,"href":"https:\/\/hoogeveenplants.nl\/de\/wp-json\/wp\/v2\/product_cat?post=1315341"},{"taxonomy":"product_tag","embeddable":true,"href":"https:\/\/hoogeveenplants.nl\/de\/wp-json\/wp\/v2\/product_tag?post=1315341"}],"curies":[{"name":"wp","href":"https:\/\/api.w.org\/{rel}","templated":true}]}}