{"id":1315339,"date":"2026-04-09T03:34:15","date_gmt":"2026-04-09T02:34:15","guid":{"rendered":"https:\/\/hoogeveenplants.nl\/p\/clematis-nelly-moser\/"},"modified":"2026-04-09T03:48:30","modified_gmt":"2026-04-09T02:48:30","slug":"clematis-nelly-moser","status":"publish","type":"product","link":"https:\/\/hoogeveenplants.nl\/de\/p\/clematis-nelly-moser\/","title":{"rendered":"Clematis Nelly Moser"},"content":{"rendered":"<p>Clematis Nelly Moser&#8216; ist eine gro\u00dfblumige Waldrebe, die sch\u00f6ne wei\u00dfe Bl\u00fcten hervorbringt und somit ein echter Blickfang im Garten ist. Diese kr\u00e4ftige Sorte bl\u00fcht zweimal im Jahr. Die erste Bl\u00fctezeit ist von Mai bis Juni und die zweite Bl\u00fctezeit von Juli bis September. Nachdem die Clematis zum ersten Mal gebl\u00fcht hat, ist es am besten, sie zur\u00fcckzuschneiden, damit sie zum zweiten Mal bl\u00fcht. Durch ihren gepflegten und kompakten Wuchs eignet sich diese Kletterpflanze sowohl f\u00fcr gro\u00dfe als auch f\u00fcr kleine G\u00e4rten. Nach einigen Jahren erreicht die Clematis eine H\u00f6he von etwa 2 bis 3 Metern.<\/p>\n","protected":false},"excerpt":{"rendered":"<p>Clematis Nelly Moser&#8216; ist eine gro\u00dfblumige Waldrebe, die sch\u00f6ne wei\u00dfe Bl\u00fcten hervorbringt und somit ein echter Blickfang im Garten ist. Diese kr\u00e4ftige Sorte bl\u00fcht zweimal im Jahr. Die erste Bl\u00fctezeit ist von Mai bis Juni und die zweite Bl\u00fctezeit von Juli bis September. Nachdem die Clematis zum ersten Mal gebl\u00fcht hat, ist es am besten, [&hellip;]<\/p>\n","protected":false},"featured_media":0,"template":"","meta":{"_acf_changed":false},"product_brand":[],"product_cat":[71],"product_tag":[],"class_list":{"0":"post-1315339","1":"product","2":"type-product","3":"status-publish","5":"product_cat-upclimbers","6":"pa_bloemvruchtkleur-weiss-rosa","7":"pa_location-halbschattig","8":"pa_location-sonnig","9":"pa_max-height-36","11":"first","12":"instock","13":"product-type-simple"},"acf":[],"_links":{"self":[{"href":"https:\/\/hoogeveenplants.nl\/de\/wp-json\/wp\/v2\/product\/1315339","targetHints":{"allow":["GET"]}}],"collection":[{"href":"https:\/\/hoogeveenplants.nl\/de\/wp-json\/wp\/v2\/product"}],"about":[{"href":"https:\/\/hoogeveenplants.nl\/de\/wp-json\/wp\/v2\/types\/product"}],"wp:attachment":[{"href":"https:\/\/hoogeveenplants.nl\/de\/wp-json\/wp\/v2\/media?parent=1315339"}],"wp:term":[{"taxonomy":"product_brand","embeddable":true,"href":"https:\/\/hoogeveenplants.nl\/de\/wp-json\/wp\/v2\/product_brand?post=1315339"},{"taxonomy":"product_cat","embeddable":true,"href":"https:\/\/hoogeveenplants.nl\/de\/wp-json\/wp\/v2\/product_cat?post=1315339"},{"taxonomy":"product_tag","embeddable":true,"href":"https:\/\/hoogeveenplants.nl\/de\/wp-json\/wp\/v2\/product_tag?post=1315339"}],"curies":[{"name":"wp","href":"https:\/\/api.w.org\/{rel}","templated":true}]}}