{"id":1315336,"date":"2026-04-09T03:34:13","date_gmt":"2026-04-09T02:34:13","guid":{"rendered":"https:\/\/hoogeveenplants.nl\/p\/clematis-jackmanii\/"},"modified":"2026-04-09T03:48:29","modified_gmt":"2026-04-09T02:48:29","slug":"clematis-jackmanii","status":"publish","type":"product","link":"https:\/\/hoogeveenplants.nl\/de\/p\/clematis-jackmanii\/","title":{"rendered":"Clematis Jackmanii"},"content":{"rendered":"<p>Clematis Jackmanii&#8216; ist eine Clematis mit mittelgro\u00dfen, tief violett-blauen Bl\u00fcten. Sie erscheinen in den Sommermonaten von Juli bis September. Die Clematis ist eine winterharte Pflanze, die den holl\u00e4ndischen Winter sehr gut \u00fcberstehen kann. Sie hat wegen ihrer sch\u00f6nen Form und ihres Bl\u00fctenstandes einen hohen Zierwert. Schneiden Sie die Clematis am Ende des Winters bis auf 30 cm \u00fcber dem Boden zur\u00fcck. Auf diese Weise erhalten Sie die reichste Bl\u00fcte und halten die Pflanze in guter Form. Wenn Sie Ihre Clematis an einem Regal oder Zaun entlang pflanzen m\u00f6chten, ist es ratsam, der Pflanze ein wenig nachzuhelfen. Sie k\u00f6nnen dies tun, indem Sie die neuen Triebe sauber entlang der Stange binden oder sie durch den Zaun f\u00fchren. Die Clematis gedeiht sowohl im Halbschatten als auch in der Sonne sehr gut. Dadurch eignet er sich f\u00fcr die meisten Orte in Ihrem Garten. Bei mehr Sonne bl\u00fcht die Clematis jedoch \u00fcppiger. Die Wurzeln der Clematis brauchen einen schattigen und k\u00fchlen Standort. Sorgen Sie daf\u00fcr, dass immer etwas vor dem Fu\u00df der Pflanze w\u00e4chst, oder pflanzen Sie die Clematis tiefer in den Boden, etwa 10 cm tiefer als die H\u00f6he des Wurzelballens.  Dadurch wird sie vor der l\u00e4stigen Welkekrankheit gesch\u00fctzt, die die oberirdischen St\u00e4ngel befallen kann, und die Pflanze bleibt unter der Erde gesund.<\/p>\n","protected":false},"excerpt":{"rendered":"<p>Clematis Jackmanii&#8216; ist eine Clematis mit mittelgro\u00dfen, tief violett-blauen Bl\u00fcten. Sie erscheinen in den Sommermonaten von Juli bis September. Die Clematis ist eine winterharte Pflanze, die den holl\u00e4ndischen Winter sehr gut \u00fcberstehen kann. Sie hat wegen ihrer sch\u00f6nen Form und ihres Bl\u00fctenstandes einen hohen Zierwert. Schneiden Sie die Clematis am Ende des Winters bis auf [&hellip;]<\/p>\n","protected":false},"featured_media":0,"template":"","meta":{"_acf_changed":false},"product_brand":[],"product_cat":[71],"product_tag":[],"class_list":{"0":"post-1315336","1":"product","2":"type-product","3":"status-publish","5":"product_cat-upclimbers","6":"pa_bloemvruchtkleur-lila","7":"pa_location-halbschattig","8":"pa_location-sonnig","9":"pa_max-height-36","11":"first","12":"instock","13":"product-type-simple"},"acf":[],"_links":{"self":[{"href":"https:\/\/hoogeveenplants.nl\/de\/wp-json\/wp\/v2\/product\/1315336","targetHints":{"allow":["GET"]}}],"collection":[{"href":"https:\/\/hoogeveenplants.nl\/de\/wp-json\/wp\/v2\/product"}],"about":[{"href":"https:\/\/hoogeveenplants.nl\/de\/wp-json\/wp\/v2\/types\/product"}],"wp:attachment":[{"href":"https:\/\/hoogeveenplants.nl\/de\/wp-json\/wp\/v2\/media?parent=1315336"}],"wp:term":[{"taxonomy":"product_brand","embeddable":true,"href":"https:\/\/hoogeveenplants.nl\/de\/wp-json\/wp\/v2\/product_brand?post=1315336"},{"taxonomy":"product_cat","embeddable":true,"href":"https:\/\/hoogeveenplants.nl\/de\/wp-json\/wp\/v2\/product_cat?post=1315336"},{"taxonomy":"product_tag","embeddable":true,"href":"https:\/\/hoogeveenplants.nl\/de\/wp-json\/wp\/v2\/product_tag?post=1315336"}],"curies":[{"name":"wp","href":"https:\/\/api.w.org\/{rel}","templated":true}]}}