{"id":1315335,"date":"2026-04-09T03:34:13","date_gmt":"2026-04-09T02:34:13","guid":{"rendered":"https:\/\/hoogeveenplants.nl\/p\/passiflora-riverside-snow-queen\/"},"modified":"2026-04-09T03:48:29","modified_gmt":"2026-04-09T02:48:29","slug":"passiflora-riverside-snow-queen","status":"publish","type":"product","link":"https:\/\/hoogeveenplants.nl\/de\/p\/passiflora-riverside-snow-queen\/","title":{"rendered":"Passiflora Riverside\u00ae &#8218;Snow Queen&#8216;"},"content":{"rendered":"<p>Die Passiflora &#8218;Snow Queen&#8216; ist eine besondere Passionsblume mit wundersch\u00f6nen wei\u00dfen Bl\u00fcten. Diese Passionsblume kann in der Zeit von Juni bis September \u00fcppig bl\u00fchen. Die Pflanze muss an einem gut gesch\u00fctzten Ort stehen, wo die warme Nachmittagssonne nicht hinkommt. Schneiden Sie die Pflanze im Fr\u00fchjahr leicht zur\u00fcck, um die Bl\u00fcte zu f\u00f6rdern. Bringen Sie die Pflanze im Herbst ins Haus, wenn Frost zu erwarten ist, da die Passiflora &#8218;Snow Queen&#8216; diesen nicht vertr\u00e4gt. Wenn die Pflanze in einen Topf gesetzt wird, ist es wichtig, dass es ein gro\u00dfer Topf ist, in dem sich die Pflanze gut entwickeln kann. Frischen Sie jedes Fr\u00fchjahr einen Teil des Bodens auf, in dem die Pflanze steht. F\u00fcr die Bepflanzung ist es ratsam, eine gute Pflanz- oder Blumenerde zu verwenden.<\/p>\n","protected":false},"excerpt":{"rendered":"<p>Die Passiflora &#8218;Snow Queen&#8216; ist eine besondere Passionsblume mit wundersch\u00f6nen wei\u00dfen Bl\u00fcten. Diese Passionsblume kann in der Zeit von Juni bis September \u00fcppig bl\u00fchen.<\/p>\n","protected":false},"featured_media":0,"template":"","meta":{"_acf_changed":false},"product_brand":[],"product_cat":[252,71],"product_tag":[],"class_list":{"0":"post-1315335","1":"product","2":"type-product","3":"status-publish","5":"product_cat-our-choice-upclimbers","6":"product_cat-upclimbers","7":"pa_bloemvruchtkleur-weiss","8":"pa_location-halbschattig","9":"pa_location-sonnig","10":"pa_max-height-56","12":"first","13":"instock","14":"product-type-simple"},"acf":[],"_links":{"self":[{"href":"https:\/\/hoogeveenplants.nl\/de\/wp-json\/wp\/v2\/product\/1315335","targetHints":{"allow":["GET"]}}],"collection":[{"href":"https:\/\/hoogeveenplants.nl\/de\/wp-json\/wp\/v2\/product"}],"about":[{"href":"https:\/\/hoogeveenplants.nl\/de\/wp-json\/wp\/v2\/types\/product"}],"wp:attachment":[{"href":"https:\/\/hoogeveenplants.nl\/de\/wp-json\/wp\/v2\/media?parent=1315335"}],"wp:term":[{"taxonomy":"product_brand","embeddable":true,"href":"https:\/\/hoogeveenplants.nl\/de\/wp-json\/wp\/v2\/product_brand?post=1315335"},{"taxonomy":"product_cat","embeddable":true,"href":"https:\/\/hoogeveenplants.nl\/de\/wp-json\/wp\/v2\/product_cat?post=1315335"},{"taxonomy":"product_tag","embeddable":true,"href":"https:\/\/hoogeveenplants.nl\/de\/wp-json\/wp\/v2\/product_tag?post=1315335"}],"curies":[{"name":"wp","href":"https:\/\/api.w.org\/{rel}","templated":true}]}}