{"id":1315333,"date":"2026-04-09T03:34:12","date_gmt":"2026-04-09T02:34:12","guid":{"rendered":"https:\/\/hoogeveenplants.nl\/p\/rosa-crazy-in-love-red\/"},"modified":"2026-04-09T03:48:29","modified_gmt":"2026-04-09T02:48:29","slug":"rosa-crazy-in-love-red","status":"publish","type":"product","link":"https:\/\/hoogeveenplants.nl\/de\/p\/rosa-crazy-in-love-red\/","title":{"rendered":"Rosa Crazy in love &#8218;Red&#8216;"},"content":{"rendered":"<p>Rosa Crazy in Love Red&#8216; ist eine beliebte rote Kletterrose mit frischgr\u00fcnen, gl\u00e4nzenden Bl\u00e4ttern. Rosen geh\u00f6ren seit Hunderten von Jahren zu den bekanntesten und am h\u00e4ufigsten gepflanzten Pflanzengruppen. Die Rose, insbesondere die rote, hat in verschiedenen Kulturen einen symbolischen Wert. Schon in der Antike wurden Tempel und Pal\u00e4ste mit ihnen geschm\u00fcckt. Nach der griechisch-r\u00f6mischen Mythologie wurden die ersten roten Rosen aus dem Blut von Adonis f\u00fcr seine Liebe zu Aphrodite\/Venus geschaffen. Bis dahin galten die Rosen als wei\u00df. Rote Rosen sind auch heute noch als Symbol der Liebe bekannt. Die Rose beginnt im Juni zu bl\u00fchen und bl\u00fcht bis zum ersten Frost im Oktober oder November. Um die Bl\u00fcte zu f\u00f6rdern, ist es ratsam, alte und verbl\u00fchte Bl\u00fcten zu entfernen. Die Kletterrose mag einen sonnigen Standort und sollte f\u00fcr ein optimales Wachstum alle zwei Jahre auf etwa 30 Zentimeter \u00fcber dem Boden zur\u00fcckgeschnitten werden. Auf diese Weise verhindern Sie, dass die Rose darunter kahl wird. Die beste Zeit daf\u00fcr ist der Herbst oder das zeitige Fr\u00fchjahr. Die Rose braucht etwas Hilfe beim Klettern. Dazu k\u00f6nnen die \u00c4ste an einem Gestell, einem Pfosten oder einem Zaun entlanggef\u00fchrt werden. Rosen sind bekannt daf\u00fcr, dass sie viele N\u00e4hrstoffe ben\u00f6tigen. Um die Kletterrose gesund zu halten, raten wir Ihnen, sie j\u00e4hrlich mit Kunstd\u00fcnger speziell f\u00fcr Rosen zu d\u00fcngen.<\/p>\n","protected":false},"excerpt":{"rendered":"<p>Rosa Crazy in Love Red&#8216; ist eine beliebte rote Kletterrose mit frischgr\u00fcnen, gl\u00e4nzenden Bl\u00e4ttern. Rosen geh\u00f6ren seit Hunderten von Jahren zu den bekanntesten und am h\u00e4ufigsten gepflanzten Pflanzengruppen. Die Rose, insbesondere die rote, hat in verschiedenen Kulturen einen symbolischen Wert. Schon in der Antike wurden Tempel und Pal\u00e4ste mit ihnen geschm\u00fcckt. Nach der griechisch-r\u00f6mischen Mythologie [&hellip;]<\/p>\n","protected":false},"featured_media":0,"template":"","meta":{"_acf_changed":false},"product_brand":[],"product_cat":[252,71],"product_tag":[],"class_list":{"0":"post-1315333","1":"product","2":"type-product","3":"status-publish","5":"product_cat-our-choice-upclimbers","6":"product_cat-upclimbers","7":"pa_bloemvruchtkleur-rot","8":"pa_location-halbschattig","9":"pa_location-sonnig","10":"pa_max-height-36","12":"first","13":"instock","14":"product-type-simple"},"acf":[],"_links":{"self":[{"href":"https:\/\/hoogeveenplants.nl\/de\/wp-json\/wp\/v2\/product\/1315333","targetHints":{"allow":["GET"]}}],"collection":[{"href":"https:\/\/hoogeveenplants.nl\/de\/wp-json\/wp\/v2\/product"}],"about":[{"href":"https:\/\/hoogeveenplants.nl\/de\/wp-json\/wp\/v2\/types\/product"}],"wp:attachment":[{"href":"https:\/\/hoogeveenplants.nl\/de\/wp-json\/wp\/v2\/media?parent=1315333"}],"wp:term":[{"taxonomy":"product_brand","embeddable":true,"href":"https:\/\/hoogeveenplants.nl\/de\/wp-json\/wp\/v2\/product_brand?post=1315333"},{"taxonomy":"product_cat","embeddable":true,"href":"https:\/\/hoogeveenplants.nl\/de\/wp-json\/wp\/v2\/product_cat?post=1315333"},{"taxonomy":"product_tag","embeddable":true,"href":"https:\/\/hoogeveenplants.nl\/de\/wp-json\/wp\/v2\/product_tag?post=1315333"}],"curies":[{"name":"wp","href":"https:\/\/api.w.org\/{rel}","templated":true}]}}