{"id":1315329,"date":"2026-04-09T03:34:10","date_gmt":"2026-04-09T02:34:10","guid":{"rendered":"https:\/\/hoogeveenplants.nl\/p\/schizophragma-hydr-snow-sensation\/"},"modified":"2026-04-09T03:48:28","modified_gmt":"2026-04-09T02:48:28","slug":"schizophragma-hydr-snow-sensation","status":"publish","type":"product","link":"https:\/\/hoogeveenplants.nl\/de\/p\/schizophragma-hydr-snow-sensation\/","title":{"rendered":"Schizophragma hydr. &#8218;Snow Sensation&#8216;"},"content":{"rendered":"<p>Charmante Kletterpflanze mit herzf\u00f6rmigen bis breit-ovalen gr\u00fcnen Bl\u00e4ttern mit silbernem Glanz, die im Juni und Juli mit zart duftenden, flachen wei\u00dfen Bl\u00fcten bl\u00fchen.<\/p>\n","protected":false},"excerpt":{"rendered":"<p>Charmante Kletterpflanze mit herzf\u00f6rmigen bis breit-ovalen gr\u00fcnen Bl\u00e4ttern mit silbernem Glanz, die im Juni und Juli mit zart duftenden, flachen wei\u00dfen Bl\u00fcten bl\u00fchen.<\/p>\n","protected":false},"featured_media":0,"template":"","meta":{"_acf_changed":false},"product_brand":[],"product_cat":[252,71],"product_tag":[],"class_list":{"0":"post-1315329","1":"product","2":"type-product","3":"status-publish","5":"product_cat-our-choice-upclimbers","6":"product_cat-upclimbers","7":"pa_bloemvruchtkleur-weiss","8":"pa_location-halbschattig","9":"pa_location-sonnig","10":"pa_max-height-36","12":"first","13":"instock","14":"product-type-simple"},"acf":[],"_links":{"self":[{"href":"https:\/\/hoogeveenplants.nl\/de\/wp-json\/wp\/v2\/product\/1315329","targetHints":{"allow":["GET"]}}],"collection":[{"href":"https:\/\/hoogeveenplants.nl\/de\/wp-json\/wp\/v2\/product"}],"about":[{"href":"https:\/\/hoogeveenplants.nl\/de\/wp-json\/wp\/v2\/types\/product"}],"wp:attachment":[{"href":"https:\/\/hoogeveenplants.nl\/de\/wp-json\/wp\/v2\/media?parent=1315329"}],"wp:term":[{"taxonomy":"product_brand","embeddable":true,"href":"https:\/\/hoogeveenplants.nl\/de\/wp-json\/wp\/v2\/product_brand?post=1315329"},{"taxonomy":"product_cat","embeddable":true,"href":"https:\/\/hoogeveenplants.nl\/de\/wp-json\/wp\/v2\/product_cat?post=1315329"},{"taxonomy":"product_tag","embeddable":true,"href":"https:\/\/hoogeveenplants.nl\/de\/wp-json\/wp\/v2\/product_tag?post=1315329"}],"curies":[{"name":"wp","href":"https:\/\/api.w.org\/{rel}","templated":true}]}}