{"id":1315327,"date":"2026-04-09T03:34:09","date_gmt":"2026-04-09T02:34:09","guid":{"rendered":"https:\/\/hoogeveenplants.nl\/p\/schizophragma-hydr-rose-sensation\/"},"modified":"2026-04-09T03:48:27","modified_gmt":"2026-04-09T02:48:27","slug":"schizophragma-hydr-rose-sensation","status":"publish","type":"product","link":"https:\/\/hoogeveenplants.nl\/de\/p\/schizophragma-hydr-rose-sensation\/","title":{"rendered":"Schizophragma hydr. &#8218;Rose Sensation&#8216;"},"content":{"rendered":"<p>Diese sch\u00f6ne Kletterhortensie ist sommergr\u00fcn, genau wie die normale Kletterhortensie. Die Bl\u00e4tter sind leicht herzf\u00f6rmig, sch\u00f6n gez\u00e4hnt und die jungen Triebe erscheinen lila, bevor sie gr\u00fcn werden. Rose Sensation&#8216; bl\u00fcht im Juni und Juli mit herrlich duftenden rosa Dolden (die sterilen Randbl\u00fcten sind hellrosa, die fruchtbaren inneren Bl\u00fcten wei\u00df).<\/p>\n","protected":false},"excerpt":{"rendered":"<p>Diese sch\u00f6ne Kletterhortensie ist sommergr\u00fcn, genau wie die normale Kletterhortensie. Die Bl\u00e4tter sind leicht herzf\u00f6rmig, sch\u00f6n gez\u00e4hnt und die jungen Triebe erscheinen lila, bevor sie gr\u00fcn werden. Rose Sensation&#8216; bl\u00fcht im Juni und Juli mit herrlich duftenden rosa Dolden (die sterilen Randbl\u00fcten sind hellrosa, die fruchtbaren inneren Bl\u00fcten wei\u00df).<\/p>\n","protected":false},"featured_media":0,"template":"","meta":{"_acf_changed":false},"product_brand":[],"product_cat":[252,71],"product_tag":[],"class_list":{"0":"post-1315327","1":"product","2":"type-product","3":"status-publish","5":"product_cat-our-choice-upclimbers","6":"product_cat-upclimbers","7":"pa_bloemvruchtkleur-rosa","8":"pa_location-halbschattig","9":"pa_location-sonnig","10":"pa_max-height-36","12":"first","13":"instock","14":"product-type-simple"},"acf":[],"_links":{"self":[{"href":"https:\/\/hoogeveenplants.nl\/de\/wp-json\/wp\/v2\/product\/1315327","targetHints":{"allow":["GET"]}}],"collection":[{"href":"https:\/\/hoogeveenplants.nl\/de\/wp-json\/wp\/v2\/product"}],"about":[{"href":"https:\/\/hoogeveenplants.nl\/de\/wp-json\/wp\/v2\/types\/product"}],"wp:attachment":[{"href":"https:\/\/hoogeveenplants.nl\/de\/wp-json\/wp\/v2\/media?parent=1315327"}],"wp:term":[{"taxonomy":"product_brand","embeddable":true,"href":"https:\/\/hoogeveenplants.nl\/de\/wp-json\/wp\/v2\/product_brand?post=1315327"},{"taxonomy":"product_cat","embeddable":true,"href":"https:\/\/hoogeveenplants.nl\/de\/wp-json\/wp\/v2\/product_cat?post=1315327"},{"taxonomy":"product_tag","embeddable":true,"href":"https:\/\/hoogeveenplants.nl\/de\/wp-json\/wp\/v2\/product_tag?post=1315327"}],"curies":[{"name":"wp","href":"https:\/\/api.w.org\/{rel}","templated":true}]}}