{"id":1315324,"date":"2026-04-09T03:34:07","date_gmt":"2026-04-09T02:34:07","guid":{"rendered":"https:\/\/hoogeveenplants.nl\/p\/clematis-boulevard-the-countess-of-wessex-evipo073\/"},"modified":"2026-04-09T03:48:26","modified_gmt":"2026-04-09T02:48:26","slug":"clematis-boulevard-the-countess-of-wessex-evipo073","status":"publish","type":"product","link":"https:\/\/hoogeveenplants.nl\/de\/p\/clematis-boulevard-the-countess-of-wessex-evipo073\/","title":{"rendered":"Clematis Boulevard\u00ae The Countess of Wessex \u2122 Evipo073"},"content":{"rendered":"<p>Eine ganz besondere Clematis, die den ganzen Sommer \u00fcber bl\u00fcht. Von Mai bis September kann man sich an ihren gro\u00dfen wei\u00df-rosa gestreiften Dolden erfreuen. Die Waldrebe bildet im ersten Jahr eine Bl\u00fctenoase. Im Gegensatz zu den meisten Clematis-Arten, die nur ein bis zwei Monate lang bl\u00fchen, kann man sich an &#8218;Countess of Wessex&#8216; bis zu f\u00fcnf Monate lang erfreuen. Auf einer Pergola oder einem Kletterger\u00fcst erreicht &#8218;Countess of Wessex&#8216; eine maximale H\u00f6he von 180 cm. Diese Clematis bevorzugt einen Platz in der (halb)vollen Sonne. Ein Platz in der Morgen- und\/oder Abendsonne ist am besten geeignet. Da &#8218;Countess of Wessex&#8216; eine kompakte Sorte ist, kann sie auch in einem Topf auf dem Balkon, der Terrasse oder sogar in einer Bl\u00fctenampel stehen. Damit die Clematis besser klettern kann, braucht sie ein wenig Hilfe. Am besten ist es, die Pflanze an einem Gestell, Draht oder Stock entlang zu f\u00fchren. Ein R\u00fcckschnitt ist nicht erforderlich. Entfernen Sie jedoch Anfang M\u00e4rz abgestorbene und besch\u00e4digte Zweige. Sie k\u00f6nnen diese Clematis im Fr\u00fchjahr auf eine H\u00f6he von maximal 20 Zentimetern \u00fcber dem Boden zur\u00fcckschneiden.<\/p>\n","protected":false},"excerpt":{"rendered":"<p>Clematis &#8218;Countess of Wessex&#8216;; Eine ganz besondere Clematis, die den ganzen Sommer \u00fcber bl\u00fcht. Von Juni bis September kann man sich an ihren gro\u00dfen wei\u00df-rosa gestreiften Dolden erfreuen. Die Clematis bildet im ersten Jahr eine Bl\u00fctenoase.<\/p>\n","protected":false},"featured_media":0,"template":"","meta":{"_acf_changed":false},"product_brand":[],"product_cat":[252,71],"product_tag":[],"class_list":{"0":"post-1315324","1":"product","2":"type-product","3":"status-publish","5":"product_cat-our-choice-upclimbers","6":"product_cat-upclimbers","7":"pa_bloemvruchtkleur-weiss-rosa","8":"pa_location-halbschattig","9":"pa_location-sonnig","10":"pa_max-height-28","12":"first","13":"instock","14":"product-type-simple"},"acf":[],"_links":{"self":[{"href":"https:\/\/hoogeveenplants.nl\/de\/wp-json\/wp\/v2\/product\/1315324","targetHints":{"allow":["GET"]}}],"collection":[{"href":"https:\/\/hoogeveenplants.nl\/de\/wp-json\/wp\/v2\/product"}],"about":[{"href":"https:\/\/hoogeveenplants.nl\/de\/wp-json\/wp\/v2\/types\/product"}],"wp:attachment":[{"href":"https:\/\/hoogeveenplants.nl\/de\/wp-json\/wp\/v2\/media?parent=1315324"}],"wp:term":[{"taxonomy":"product_brand","embeddable":true,"href":"https:\/\/hoogeveenplants.nl\/de\/wp-json\/wp\/v2\/product_brand?post=1315324"},{"taxonomy":"product_cat","embeddable":true,"href":"https:\/\/hoogeveenplants.nl\/de\/wp-json\/wp\/v2\/product_cat?post=1315324"},{"taxonomy":"product_tag","embeddable":true,"href":"https:\/\/hoogeveenplants.nl\/de\/wp-json\/wp\/v2\/product_tag?post=1315324"}],"curies":[{"name":"wp","href":"https:\/\/api.w.org\/{rel}","templated":true}]}}