{"id":1315318,"date":"2026-04-09T03:34:04","date_gmt":"2026-04-09T02:34:04","guid":{"rendered":"https:\/\/hoogeveenplants.nl\/p\/pyracantha-coccinea-red-column\/"},"modified":"2026-04-09T03:48:25","modified_gmt":"2026-04-09T02:48:25","slug":"pyracantha-coccinea-red-column","status":"publish","type":"product","link":"https:\/\/hoogeveenplants.nl\/de\/p\/pyracantha-coccinea-red-column\/","title":{"rendered":"Pyracantha coccinea &#8218;Red Column&#8216;"},"content":{"rendered":"<p>Pyracantha coccinea Red Column&#8216; ist ein Feuerdorn und das ganze Jahr \u00fcber eine Zierpflanze. Im Fr\u00fchjahr tr\u00e4gt er Trauben mit cremewei\u00dfen Bl\u00fcten, die sich im Sommer und Herbst in sch\u00f6ne, leuchtend rote Beeren verwandeln. Die kleinen Bl\u00e4tter sind gl\u00e4nzend, dunkelgr\u00fcn und die Zweige tragen lange Stacheln. V\u00f6gel lieben diese Pflanze. Im Fr\u00fchjahr bauen sie gerne ihr Nest in der Pflanze, w\u00e4hrend sie sich im Winter sicher darin verstecken k\u00f6nnen. Auch f\u00fcr V\u00f6gel sind die Beeren sehr schmackhaft. Sie kann an einer Mauer oder einem Zaun wachsen, aber dann braucht sie Unterst\u00fctzung beim Klettern und muss mit Draht festgebunden werden. Die Pflanze w\u00e4chst wie ein gew\u00f6hnlicher Strauch und ist nicht selbsthaftend. Daher kann sie als Hecke verwendet werden, denn sie bleibt auch im Winter gr\u00fcn. Mit einem guten Schnitt und einer guten Erziehung k\u00f6nnen Sie den Feuerdorn in jede gew\u00fcnschte Form bringen. Mit der Zeit kann Pyracantha eine H\u00f6he von 4 Metern erreichen. Sie kann im Fr\u00fchjahr nach der Bl\u00fcte zur\u00fcckgeschnitten werden. Schneiden Sie ein Viertel der Zweige zur\u00fcck. Ziehen Sie ein Paar Gartenhandschuhe an, um sich vor den Stacheln zu sch\u00fctzen. Der Feuerdorn stellt nur geringe Anspr\u00fcche an den Boden; jeder normale trockene bis feuchte, n\u00e4hrstoffreiche und humose Boden ist geeignet. Diese Pflanze ist auch ideal f\u00fcr die st\u00e4dtische Umgebung, da sie der Luftverschmutzung gut widerstehen kann.<\/p>\n","protected":false},"excerpt":{"rendered":"<p>Pyracantha coccinea Red Column&#8216; ist ein Feuerdorn und das ganze Jahr \u00fcber eine Zierpflanze. Im Fr\u00fchjahr tr\u00e4gt er Trauben mit cremewei\u00dfen Bl\u00fcten, die sich im Sommer und Herbst in sch\u00f6ne, leuchtend rote Beeren verwandeln. Die kleinen Bl\u00e4tter sind gl\u00e4nzend, dunkelgr\u00fcn und die Zweige tragen lange Stacheln. V\u00f6gel lieben diese Pflanze. Im Fr\u00fchjahr bauen sie gerne [&hellip;]<\/p>\n","protected":false},"featured_media":0,"template":"","meta":{"_acf_changed":false},"product_brand":[],"product_cat":[71],"product_tag":[],"class_list":{"0":"post-1315318","1":"product","2":"type-product","3":"status-publish","5":"product_cat-upclimbers","6":"pa_bloemvruchtkleur-rot","7":"pa_location-halbschattig","8":"pa_location-sonnig","9":"pa_max-height-36","11":"first","12":"instock","13":"product-type-simple"},"acf":[],"_links":{"self":[{"href":"https:\/\/hoogeveenplants.nl\/de\/wp-json\/wp\/v2\/product\/1315318","targetHints":{"allow":["GET"]}}],"collection":[{"href":"https:\/\/hoogeveenplants.nl\/de\/wp-json\/wp\/v2\/product"}],"about":[{"href":"https:\/\/hoogeveenplants.nl\/de\/wp-json\/wp\/v2\/types\/product"}],"wp:attachment":[{"href":"https:\/\/hoogeveenplants.nl\/de\/wp-json\/wp\/v2\/media?parent=1315318"}],"wp:term":[{"taxonomy":"product_brand","embeddable":true,"href":"https:\/\/hoogeveenplants.nl\/de\/wp-json\/wp\/v2\/product_brand?post=1315318"},{"taxonomy":"product_cat","embeddable":true,"href":"https:\/\/hoogeveenplants.nl\/de\/wp-json\/wp\/v2\/product_cat?post=1315318"},{"taxonomy":"product_tag","embeddable":true,"href":"https:\/\/hoogeveenplants.nl\/de\/wp-json\/wp\/v2\/product_tag?post=1315318"}],"curies":[{"name":"wp","href":"https:\/\/api.w.org\/{rel}","templated":true}]}}