{"id":1315317,"date":"2026-04-09T03:34:03","date_gmt":"2026-04-09T02:34:03","guid":{"rendered":"https:\/\/hoogeveenplants.nl\/p\/jasminum-nudiflorum\/"},"modified":"2026-04-09T03:48:24","modified_gmt":"2026-04-09T02:48:24","slug":"jasminum-nudiflorum","status":"publish","type":"product","link":"https:\/\/hoogeveenplants.nl\/de\/p\/jasminum-nudiflorum\/","title":{"rendered":"Jasminum nudiflorum"},"content":{"rendered":"<p>Dieser Gartenjasmin ist eine einzigartige Kletterpflanze, da sie im Winter bl\u00fcht. Im Januar und Februar erscheinen zahlreiche gelbe Bl\u00fcten an den dann kahlen Zweigen. Ein sehr erfreulicher Anblick, zu einer Zeit, in der kaum etwas anderes im Garten bl\u00fcht. Jasminum ist keine selbstklimmende Kletterpflanze mit verzweigten \u00c4sten oder Haftwurzeln. Die Pflanze geh\u00f6rt zu den Spalierpflanzen und l\u00e4sst sich gerne in die gew\u00fcnschte Richtung f\u00fchren. Das bedeutet allerdings, dass Sie Ihren Jasmin regelm\u00e4\u00dfig an einem Gestell oder Zaun zur\u00fcckbinden m\u00fcssen. Ein guter R\u00fcckschnitt ist ebenfalls wichtig, um die Pflanze in guter Form zu halten.<\/p>\n","protected":false},"excerpt":{"rendered":"<p>Dieser Gartenjasmin ist eine einzigartige Kletterpflanze, da sie im Winter bl\u00fcht. Im Januar und Februar erscheinen zahlreiche gelbe Bl\u00fcten an den dann kahlen Zweigen. Ein sehr erfreulicher Anblick, zu einer Zeit, in der kaum etwas anderes im Garten bl\u00fcht. Jasminum ist keine selbstklimmende Kletterpflanze mit verzweigten \u00c4sten oder Haftwurzeln. Die Pflanze geh\u00f6rt zu den Spalierpflanzen [&hellip;]<\/p>\n","protected":false},"featured_media":0,"template":"","meta":{"_acf_changed":false},"product_brand":[],"product_cat":[71],"product_tag":[],"class_list":{"0":"post-1315317","1":"product","2":"type-product","3":"status-publish","5":"product_cat-upclimbers","6":"pa_bloemvruchtkleur-gelb","7":"pa_location-halbschattig","8":"pa_location-sonnig","9":"pa_max-height-91","11":"first","12":"instock","13":"product-type-simple"},"acf":[],"_links":{"self":[{"href":"https:\/\/hoogeveenplants.nl\/de\/wp-json\/wp\/v2\/product\/1315317","targetHints":{"allow":["GET"]}}],"collection":[{"href":"https:\/\/hoogeveenplants.nl\/de\/wp-json\/wp\/v2\/product"}],"about":[{"href":"https:\/\/hoogeveenplants.nl\/de\/wp-json\/wp\/v2\/types\/product"}],"wp:attachment":[{"href":"https:\/\/hoogeveenplants.nl\/de\/wp-json\/wp\/v2\/media?parent=1315317"}],"wp:term":[{"taxonomy":"product_brand","embeddable":true,"href":"https:\/\/hoogeveenplants.nl\/de\/wp-json\/wp\/v2\/product_brand?post=1315317"},{"taxonomy":"product_cat","embeddable":true,"href":"https:\/\/hoogeveenplants.nl\/de\/wp-json\/wp\/v2\/product_cat?post=1315317"},{"taxonomy":"product_tag","embeddable":true,"href":"https:\/\/hoogeveenplants.nl\/de\/wp-json\/wp\/v2\/product_tag?post=1315317"}],"curies":[{"name":"wp","href":"https:\/\/api.w.org\/{rel}","templated":true}]}}