{"id":1315315,"date":"2026-04-09T03:34:02","date_gmt":"2026-04-09T02:34:02","guid":{"rendered":"https:\/\/hoogeveenplants.nl\/p\/hedera-hibernica\/"},"modified":"2026-04-09T03:48:24","modified_gmt":"2026-04-09T02:48:24","slug":"hedera-hibernica","status":"publish","type":"product","link":"https:\/\/hoogeveenplants.nl\/de\/p\/hedera-hibernica\/","title":{"rendered":"Hedera hibernica"},"content":{"rendered":"<p>Hedera hibernica&#8216; ist eine der bekanntesten und am h\u00e4ufigsten angepflanzten Efeuarten. Der Grund daf\u00fcr ist, dass sie sehr pflegeleicht ist, schnell w\u00e4chst und auch im Winter sch\u00f6n gr\u00fcn bleibt. Sie ist sowohl f\u00fcr Sonne als auch f\u00fcr Schatten geeignet und w\u00e4chst auf allen B\u00f6den. Mit ihren frischgr\u00fcnen, ausladenden Bl\u00e4ttern eignet sich diese Pflanze zur Tarnung einer Mauer, zur Aufhellung eines Zauns oder zur Abdeckung eines Maschendrahtzauns. Wenn es nichts zum Klettern gibt, kriechen die St\u00e4ngel \u00fcber den Boden und bilden Wurzeln, mit denen sie gro\u00dfe Strecken zur\u00fccklegen k\u00f6nnen. Dadurch ist der Efeu auch als Bodendecker geeignet. Sobald die Pflanze die richtige H\u00f6he erreicht hat, kann sofort mit dem R\u00fcckschnitt begonnen werden. Durch das Beschneiden der &#8218;Hedera hibernica&#8216; geben Sie der Pflanze das Signal, mehr in die Breite zu wachsen. Wenn Sie dies wiederholen, wird die junge Kletterpflanze schneller Beh\u00e4lt das Laub w\u00e4hrend des Winters und bald sch\u00f6n voll sein. Der Efeu kann das ganze Jahr \u00fcber beschnitten werden. Achten Sie darauf, dass sich der Efeu nicht am Holz Ihres Hauses festsetzt, denn das hinterl\u00e4sst unsch\u00f6ne Spuren, wenn die Ranke entfernt wird.<\/p>\n","protected":false},"excerpt":{"rendered":"<p>Hedera hibernica&#8216; ist eine der bekanntesten und am h\u00e4ufigsten angepflanzten Efeuarten. Der Grund daf\u00fcr ist, dass sie sehr pflegeleicht ist, schnell w\u00e4chst und auch im Winter sch\u00f6n gr\u00fcn bleibt. Sie ist sowohl f\u00fcr Sonne als auch f\u00fcr Schatten geeignet und w\u00e4chst auf allen B\u00f6den. Mit ihren frischgr\u00fcnen, ausladenden Bl\u00e4ttern eignet sich diese Pflanze zur Tarnung [&hellip;]<\/p>\n","protected":false},"featured_media":0,"template":"","meta":{"_acf_changed":false},"product_brand":[],"product_cat":[71],"product_tag":[],"class_list":{"0":"post-1315315","1":"product","2":"type-product","3":"status-publish","5":"product_cat-upclimbers","6":"pa_bloemvruchtkleur-gruen","7":"pa_location-halbschattig","8":"pa_location-sonnig","9":"pa_max-height-519","11":"first","12":"instock","13":"product-type-simple"},"acf":[],"_links":{"self":[{"href":"https:\/\/hoogeveenplants.nl\/de\/wp-json\/wp\/v2\/product\/1315315","targetHints":{"allow":["GET"]}}],"collection":[{"href":"https:\/\/hoogeveenplants.nl\/de\/wp-json\/wp\/v2\/product"}],"about":[{"href":"https:\/\/hoogeveenplants.nl\/de\/wp-json\/wp\/v2\/types\/product"}],"wp:attachment":[{"href":"https:\/\/hoogeveenplants.nl\/de\/wp-json\/wp\/v2\/media?parent=1315315"}],"wp:term":[{"taxonomy":"product_brand","embeddable":true,"href":"https:\/\/hoogeveenplants.nl\/de\/wp-json\/wp\/v2\/product_brand?post=1315315"},{"taxonomy":"product_cat","embeddable":true,"href":"https:\/\/hoogeveenplants.nl\/de\/wp-json\/wp\/v2\/product_cat?post=1315315"},{"taxonomy":"product_tag","embeddable":true,"href":"https:\/\/hoogeveenplants.nl\/de\/wp-json\/wp\/v2\/product_tag?post=1315315"}],"curies":[{"name":"wp","href":"https:\/\/api.w.org\/{rel}","templated":true}]}}