{"id":1315313,"date":"2026-04-09T03:33:03","date_gmt":"2026-04-09T02:33:03","guid":{"rendered":"https:\/\/hoogeveenplants.nl\/p\/hedera-helix\/"},"modified":"2026-04-09T03:48:23","modified_gmt":"2026-04-09T02:48:23","slug":"hedera-helix","status":"publish","type":"product","link":"https:\/\/hoogeveenplants.nl\/de\/p\/hedera-helix\/","title":{"rendered":"Hedera helix"},"content":{"rendered":"<p>Die Hedera (Efeu): Wer kennt diese Pflanze nicht? Sie ist seit Jahren eine der meistgepflanzten Kletterpflanzen. Der Grund daf\u00fcr ist, dass diese Kletterpflanzen sehr pflegeleicht sind und auch im Winter sch\u00f6n gr\u00fcn bleiben. Hervorragend geeignet, um eine h\u00e4ssliche Mauer oder einen Schuppen zu kaschieren, aber auch als (winterliche) gr\u00fcne Trennung zwischen Ihnen und Ihren Nachbarn. Die h\u00e4ufigsten Arten sind  Hedera helix und die Hedera hibernica, wobei hibernica die am schnellsten wachsende ist. Es gibt jedoch noch viele weitere Sorten in allen m\u00f6glichen Blattfarben und -formen. Wir haben zum Beispiel auch das Goldherz (gelb\/fellig), die Gloire de Marengo (algerischer Efeu) und die Dentata Variegata (gro\u00dfe panaschierte Bl\u00e4tter).<\/p>\n","protected":false},"excerpt":{"rendered":"<p>Die Hedera (Efeu): Wer kennt diese Pflanze nicht? Sie ist seit Jahren eine der meistgepflanzten Kletterpflanzen. Der Grund daf\u00fcr ist, dass diese Kletterpflanzen sehr pflegeleicht sind und auch im Winter sch\u00f6n gr\u00fcn bleiben. Hervorragend geeignet, um eine h\u00e4ssliche Mauer oder einen Schuppen zu kaschieren, aber auch als (winterliche) gr\u00fcne Trennung zwischen Ihnen und Ihren Nachbarn. [&hellip;]<\/p>\n","protected":false},"featured_media":0,"template":"","meta":{"_acf_changed":false},"product_brand":[],"product_cat":[71],"product_tag":[],"class_list":{"0":"post-1315313","1":"product","2":"type-product","3":"status-publish","5":"product_cat-upclimbers","6":"pa_bloemvruchtkleur-gruen","7":"pa_location-halbschattig","8":"pa_location-sonnig","9":"pa_max-height-519","11":"first","12":"instock","13":"product-type-simple"},"acf":[],"_links":{"self":[{"href":"https:\/\/hoogeveenplants.nl\/de\/wp-json\/wp\/v2\/product\/1315313","targetHints":{"allow":["GET"]}}],"collection":[{"href":"https:\/\/hoogeveenplants.nl\/de\/wp-json\/wp\/v2\/product"}],"about":[{"href":"https:\/\/hoogeveenplants.nl\/de\/wp-json\/wp\/v2\/types\/product"}],"wp:attachment":[{"href":"https:\/\/hoogeveenplants.nl\/de\/wp-json\/wp\/v2\/media?parent=1315313"}],"wp:term":[{"taxonomy":"product_brand","embeddable":true,"href":"https:\/\/hoogeveenplants.nl\/de\/wp-json\/wp\/v2\/product_brand?post=1315313"},{"taxonomy":"product_cat","embeddable":true,"href":"https:\/\/hoogeveenplants.nl\/de\/wp-json\/wp\/v2\/product_cat?post=1315313"},{"taxonomy":"product_tag","embeddable":true,"href":"https:\/\/hoogeveenplants.nl\/de\/wp-json\/wp\/v2\/product_tag?post=1315313"}],"curies":[{"name":"wp","href":"https:\/\/api.w.org\/{rel}","templated":true}]}}