{"id":1315295,"date":"2026-04-09T03:32:47","date_gmt":"2026-04-09T02:32:47","guid":{"rendered":"https:\/\/hoogeveenplants.nl\/p\/campsis-tagliabuana-indian-summer-3\/"},"modified":"2026-04-09T03:48:19","modified_gmt":"2026-04-09T02:48:19","slug":"campsis-tagliabuana-indian-summer-3","status":"publish","type":"product","link":"https:\/\/hoogeveenplants.nl\/de\/p\/campsis-tagliabuana-indian-summer-3\/","title":{"rendered":"Campsis tagliabuana &#8218;Indian Summer&#8216;"},"content":{"rendered":"<p>Campsis Indian Summer&#8216; hat wundersch\u00f6ne orangefarbene Trompetenbl\u00fcten und verleiht Ihrem Garten sofort eine mediterrane Atmosph\u00e4re. Campsis stammt urspr\u00fcnglich aus Amerika, aber man findet diese Kletterpflanze auch in Italien, Spanien, Griechenland und Kroatien. Es ist also gut m\u00f6glich, dass Sie ihm im Urlaub schon einmal begegnet sind. Zum Gl\u00fcck ist die Campsis ausreichend winterhart, so dass man sich die Urlaubsstimmung leicht in den eigenen Garten holen kann. Stellen Sie die Pflanze an einen sonnigen und etwas gesch\u00fctzten Platz. Bei viel Sonne bl\u00fcht diese Trompetenblume \u00fcppiger und l\u00e4nger. Campis bl\u00fcht relativ sp\u00e4t im Sommer. Zu dieser Zeit haben viele Pflanzen ihre Bl\u00fctezeit bereits beendet, so dass die Campsis eine sch\u00f6ne Erg\u00e4nzung f\u00fcr den Garten darstellt. Campsis Indian Summer&#8216; w\u00e4chst kompakter als andere Arten. Im zeitigen Fr\u00fchjahr k\u00f6nnen Sie die Pflanze in die gew\u00fcnschte Form schneiden. Scheuen Sie sich nicht, ihn zur\u00fcckzuschneiden, wenn er zu gro\u00df und zu wild wird. Sie ist eine kr\u00e4ftige und schnell wachsende Pflanze, die darunter kaum leidet. Die Campis geh\u00f6rt zur Gruppe der selbsthaftenden Kletterpflanzen. Das bedeutet, dass sie mit Haftwurzeln, die sich aus den Zweigen bilden, an einer Mauer oder einem Zaun entlang klettern. Genau wie der Efeu und die Kletterhortensie. Am Anfang kannst du den Campisoles helfen, aber danach k\u00f6nnen sie selbst hochklettern.<\/p>\n","protected":false},"excerpt":{"rendered":"<p>Campsis Indian Summer&#8216; hat wundersch\u00f6ne orangefarbene Trompetenbl\u00fcten und verleiht Ihrem Garten sofort eine mediterrane Atmosph\u00e4re. Campsis stammt urspr\u00fcnglich aus Amerika, aber man findet diese Kletterpflanze auch in Italien, Spanien, Griechenland und Kroatien. Es ist also gut m\u00f6glich, dass Sie ihm im Urlaub schon einmal begegnet sind. Zum Gl\u00fcck ist die Campsis ausreichend winterhart, so dass [&hellip;]<\/p>\n","protected":false},"featured_media":0,"template":"","meta":{"_acf_changed":false},"product_brand":[],"product_cat":[252,71],"product_tag":[],"class_list":{"0":"post-1315295","1":"product","2":"type-product","3":"status-publish","5":"product_cat-our-choice-upclimbers","6":"product_cat-upclimbers","7":"pa_bloemvruchtkleur-orange","8":"pa_location-halbschattig","9":"pa_location-sonnig","10":"pa_max-height-91","12":"first","13":"instock","14":"product-type-simple"},"acf":[],"_links":{"self":[{"href":"https:\/\/hoogeveenplants.nl\/de\/wp-json\/wp\/v2\/product\/1315295","targetHints":{"allow":["GET"]}}],"collection":[{"href":"https:\/\/hoogeveenplants.nl\/de\/wp-json\/wp\/v2\/product"}],"about":[{"href":"https:\/\/hoogeveenplants.nl\/de\/wp-json\/wp\/v2\/types\/product"}],"wp:attachment":[{"href":"https:\/\/hoogeveenplants.nl\/de\/wp-json\/wp\/v2\/media?parent=1315295"}],"wp:term":[{"taxonomy":"product_brand","embeddable":true,"href":"https:\/\/hoogeveenplants.nl\/de\/wp-json\/wp\/v2\/product_brand?post=1315295"},{"taxonomy":"product_cat","embeddable":true,"href":"https:\/\/hoogeveenplants.nl\/de\/wp-json\/wp\/v2\/product_cat?post=1315295"},{"taxonomy":"product_tag","embeddable":true,"href":"https:\/\/hoogeveenplants.nl\/de\/wp-json\/wp\/v2\/product_tag?post=1315295"}],"curies":[{"name":"wp","href":"https:\/\/api.w.org\/{rel}","templated":true}]}}